{"id":12837,"date":"2025-10-11T08:02:15","date_gmt":"2025-10-11T11:02:15","guid":{"rendered":"https:\/\/www.enoturismochile.cl\/constitution\/?page_id=12837"},"modified":"2025-10-20T15:52:58","modified_gmt":"2025-10-20T18:52:58","slug":"valle-de-curico","status":"publish","type":"page","link":"https:\/\/www.enoturismochile.cl\/constitution\/valles\/valle-de-curico\/","title":{"rendered":"Valle de Curic\u00f3"},"content":{"rendered":"\t\t<div data-elementor-type=\"wp-page\" data-elementor-id=\"12837\" class=\"elementor elementor-12837\" data-elementor-post-type=\"page\">\n\t\t\t\t<div class=\"elementor-element elementor-element-3e3ae0ba e-con-full e-flex e-con e-parent\" data-id=\"3e3ae0ba\" data-element_type=\"container\" data-e-type=\"container\">\n\t\t<div class=\"elementor-element elementor-element-5882596f e-con-full e-flex e-con e-child\" data-id=\"5882596f\" data-element_type=\"container\" data-e-type=\"container\">\n\t\t<div class=\"elementor-element elementor-element-36c6d4ca e-con-full e-flex e-con e-child\" data-id=\"36c6d4ca\" data-element_type=\"container\" data-e-type=\"container\">\n\t\t\t\t<div class=\"elementor-element elementor-element-482a26a6 titulo-seccion-circulos grande valle elementor-widget elementor-widget-text-editor\" data-id=\"482a26a6\" data-element_type=\"widget\" data-e-type=\"widget\" data-widget_type=\"text-editor.default\">\n\t\t\t\t\t\t\t\t\t<h1>Valle <br \/>de Curic\u00f3<\/h1><p><img decoding=\"async\" class=\"alignnone  wp-image-15047\" role=\"img\" src=\"https:\/\/www.enoturismochile.cl\/constitution\/wp-content\/uploads\/2025\/10\/dots-curico.svg\" alt=\"\" width=\"221\" height=\"15\" \/><\/p><p>Pertenece a la Regi\u00f3n del Maule y est\u00e1 ubicado 190 kil\u00f3metros al sur de Santiago. Curic\u00f3 es un valle que siempre ha estado ligado a los or\u00edgenes de la producci\u00f3n de vino en Chile. Desde el momento en que Jos\u00e9 Manso de Velasco fundara la ciudad en 1743, la actividad ha sido un eje trascendental tanto en la productividad como en el desarrollo social y cultural de la regi\u00f3n.<\/p><p>La Ruta del Vino del Valle de Curic\u00f3 es pionera en desarrollar la Ruta del Espumante, un recorrido que permite conocer los m\u00e9todos y estilos de los vinos con burbujas. La experiencia se puede complementar con actividades outdoor en la Reserva Nacional Siete Tazas, un espacio de naturaleza para acampar y realizar rutas de trekking.<\/p><p>En la zona se producen vinos tintos, blancos y rosados de calidad, con Cabernet Sauvignon, Sauvignon Blanc, Merlot, Carmen\u00e8re, Syrah y Sauvignon Vert.<\/p>\t\t\t\t\t\t\t\t<\/div>\n\t\t\t\t<div class=\"elementor-element elementor-element-2526d966 elementor-widget elementor-widget-button\" data-id=\"2526d966\" data-element_type=\"widget\" data-e-type=\"widget\" data-widget_type=\"button.default\">\n\t\t\t\t\t\t\t\t\t\t<a class=\"elementor-button elementor-button-link elementor-size-sm\" href=\"https:\/\/www.enoturismochile.cl\/constitution\/vinas-abiertas-al-turismo\/valle-de-curico\/\">\n\t\t\t\t\t\t<span class=\"elementor-button-content-wrapper\">\n\t\t\t\t\t\t\t\t\t<span class=\"elementor-button-text\">vi\u00f1as abiertas al turismo<\/span>\n\t\t\t\t\t<\/span>\n\t\t\t\t\t<\/a>\n\t\t\t\t\t\t\t\t<\/div>\n\t\t\t\t<\/div>\n\t\t\t\t<\/div>\n\t\t<div class=\"elementor-element elementor-element-1eaa4fd5 e-con-full e-flex e-con e-child\" data-id=\"1eaa4fd5\" data-element_type=\"container\" data-e-type=\"container\">\n\t\t<div class=\"elementor-element elementor-element-1ffef719 e-con-full e-flex e-con e-child\" data-id=\"1ffef719\" data-element_type=\"container\" data-e-type=\"container\">\n\t\t\t\t<div class=\"elementor-element elementor-element-76ed0bef carrusel-valle elementor-arrows-position-inside elementor-widget elementor-widget-image-carousel\" data-id=\"76ed0bef\" data-element_type=\"widget\" data-e-type=\"widget\" data-settings=\"{&quot;slides_to_show&quot;:&quot;1&quot;,&quot;navigation&quot;:&quot;arrows&quot;,&quot;autoplay&quot;:&quot;yes&quot;,&quot;pause_on_interaction&quot;:&quot;yes&quot;,&quot;autoplay_speed&quot;:5000,&quot;infinite&quot;:&quot;yes&quot;,&quot;effect&quot;:&quot;slide&quot;,&quot;speed&quot;:500}\" data-widget_type=\"image-carousel.default\">\n\t\t\t\t\t\t\t<div class=\"elementor-image-carousel-wrapper swiper\" role=\"region\" aria-roledescription=\"carousel\" aria-label=\"Carrusel de im\u00e1genes\" dir=\"ltr\">\n\t\t\t<div class=\"elementor-image-carousel swiper-wrapper\" aria-live=\"off\">\n\t\t\t\t\t\t\t\t<div class=\"swiper-slide\" role=\"group\" aria-roledescription=\"slide\" aria-label=\"1 de 5\"><figure class=\"swiper-slide-inner\"><img decoding=\"async\" class=\"swiper-slide-image\" src=\"https:\/\/www.enoturismochile.cl\/constitution\/wp-content\/uploads\/elementor\/thumbs\/Valle-de-Curico-006-rd1pq5db0bw3l44ouu6u1dqkg35kcfedwregjmtqug.webp\" alt=\"Cabalgata en Vin\u0303a San Pedro, Valle de Curico\u0301\" \/><figcaption class=\"elementor-image-carousel-caption\">Cabalgata en Vin\u0303a San Pedro, Valle de Curico\u0301<\/figcaption><\/figure><\/div><div class=\"swiper-slide\" role=\"group\" aria-roledescription=\"slide\" aria-label=\"2 de 5\"><figure class=\"swiper-slide-inner\"><img decoding=\"async\" class=\"swiper-slide-image\" src=\"https:\/\/www.enoturismochile.cl\/constitution\/wp-content\/uploads\/elementor\/thumbs\/Valle-de-Curico-003-rd1ppwwratkiomgz88j6wxvf3mb9f5gsvlj3856aeg.webp\" alt=\"Fiesta de la Vendimia G. Vin\u0303a Miguel Torres\" \/><figcaption class=\"elementor-image-carousel-caption\">Fiesta de la Vendimia G. Vin\u0303a Miguel Torres<\/figcaption><\/figure><\/div><div class=\"swiper-slide\" role=\"group\" aria-roledescription=\"slide\" aria-label=\"3 de 5\"><figure class=\"swiper-slide-inner\"><img decoding=\"async\" class=\"swiper-slide-image\" src=\"https:\/\/www.enoturismochile.cl\/constitution\/wp-content\/uploads\/elementor\/thumbs\/Valle-de-Curico-002-rd1ppt5ejhfde6mfu6womytkq2tskd1vj2x5b1bv3c.webp\" alt=\"Casona Sampierdarena, Valle de Curico\u0301\" \/><figcaption class=\"elementor-image-carousel-caption\">Casona Sampierdarena, Valle de Curico\u0301<\/figcaption><\/figure><\/div><div class=\"swiper-slide\" role=\"group\" aria-roledescription=\"slide\" aria-label=\"4 de 5\"><figure class=\"swiper-slide-inner\"><img decoding=\"async\" class=\"swiper-slide-image\" src=\"https:\/\/www.enoturismochile.cl\/constitution\/wp-content\/uploads\/elementor\/thumbs\/Valle-de-Curico-004-rd1ppzq9vbodngcvrrr2mf5svrxd28rzvzhjnz23vs.webp\" alt=\"Tour en Vin\u0303a Miguel Torres\" \/><figcaption class=\"elementor-image-carousel-caption\">Tour en Vin\u0303a Miguel Torres<\/figcaption><\/figure><\/div><div class=\"swiper-slide\" role=\"group\" aria-roledescription=\"slide\" aria-label=\"5 de 5\"><figure class=\"swiper-slide-inner\"><img decoding=\"async\" class=\"swiper-slide-image\" src=\"https:\/\/www.enoturismochile.cl\/constitution\/wp-content\/uploads\/elementor\/thumbs\/Valle-de-Curico-001-rd1pppe1s5a83qrwg5a6czrqcjcbpkmy6kb7dxhfs8.webp\" alt=\"Cosecha Carmenere, Valle de Curico\u0301\" \/><figcaption class=\"elementor-image-carousel-caption\">Cosecha Carmenere, Valle de Curico\u0301<\/figcaption><\/figure><\/div>\t\t\t<\/div>\n\t\t\t\t\t\t\t\t\t\t\t\t<div class=\"elementor-swiper-button elementor-swiper-button-prev\" role=\"button\" tabindex=\"0\">\n\t\t\t\t\t\t<svg aria-hidden=\"true\" class=\"e-font-icon-svg e-eicon-chevron-left\" viewBox=\"0 0 1000 1000\" xmlns=\"http:\/\/www.w3.org\/2000\/svg\"><path d=\"M646 125C629 125 613 133 604 142L308 442C296 454 292 471 292 487 292 504 296 521 308 533L604 854C617 867 629 875 646 875 663 875 679 871 692 858 704 846 713 829 713 812 713 796 708 779 692 767L438 487 692 225C700 217 708 204 708 187 708 171 704 154 692 142 675 129 663 125 646 125Z\"><\/path><\/svg>\t\t\t\t\t<\/div>\n\t\t\t\t\t<div class=\"elementor-swiper-button elementor-swiper-button-next\" role=\"button\" tabindex=\"0\">\n\t\t\t\t\t\t<svg aria-hidden=\"true\" class=\"e-font-icon-svg e-eicon-chevron-right\" viewBox=\"0 0 1000 1000\" xmlns=\"http:\/\/www.w3.org\/2000\/svg\"><path d=\"M696 533C708 521 713 504 713 487 713 471 708 454 696 446L400 146C388 133 375 125 354 125 338 125 325 129 313 142 300 154 292 171 292 187 292 204 296 221 308 233L563 492 304 771C292 783 288 800 288 817 288 833 296 850 308 863 321 871 338 875 354 875 371 875 388 867 400 854L696 533Z\"><\/path><\/svg>\t\t\t\t\t<\/div>\n\t\t\t\t\n\t\t\t\t\t\t\t\t\t<\/div>\n\t\t\t\t\t\t<\/div>\n\t\t\t\t<div class=\"elementor-element elementor-element-4817e25a elementor-absolute elementor-widget elementor-widget-image\" data-id=\"4817e25a\" data-element_type=\"widget\" data-e-type=\"widget\" data-settings=\"{&quot;_position&quot;:&quot;absolute&quot;}\" data-widget_type=\"image.default\">\n\t\t\t\t\t\t\t\t\t\t\t\t\t\t\t<img decoding=\"async\" src=\"https:\/\/www.enoturismochile.cl\/constitution\/wp-content\/uploads\/elementor\/thumbs\/circulo-valle-curico-rd78nk2efw9d845s1vwhw1nghsi8detgu4xqulix8s.jpg\" title=\"Fiesta de la Vendimia de Curico\u0301\" alt=\"Fiesta de la Vendimia de Curico\u0301\" loading=\"lazy\" \/>\t\t\t\t\t\t\t\t\t\t\t\t\t\t\t<\/div>\n\t\t\t\t<\/div>\n\t\t<div class=\"elementor-element elementor-element-74f6f3f1 e-con-full e-flex e-con e-child\" data-id=\"74f6f3f1\" data-element_type=\"container\" data-e-type=\"container\">\n\t\t\t\t<div class=\"elementor-element elementor-element-18bed328 cepas-predominantes elementor-widget elementor-widget-text-editor\" data-id=\"18bed328\" data-element_type=\"widget\" data-e-type=\"widget\" data-widget_type=\"text-editor.default\">\n\t\t\t\t\t\t\t\t\t<h3 style=\"text-align: center;\">cepas<strong>predominantes<\/strong><\/h3><ul><li>Sauvignon <br \/>Blanc<\/li><li>Cabernet <br \/>Sauvignon<\/li><li>Merlot<\/li><li>Tintorera<\/li><\/ul>\t\t\t\t\t\t\t\t<\/div>\n\t\t\t\t<div class=\"elementor-element elementor-element-79649dd3 elementor-position-right vinas-abiertas elementor-vertical-align-top elementor-widget elementor-widget-image-box\" data-id=\"79649dd3\" data-element_type=\"widget\" data-e-type=\"widget\" data-widget_type=\"image-box.default\">\n\t\t\t\t\t<div class=\"elementor-image-box-wrapper\"><figure class=\"elementor-image-box-img\"><a href=\"https:\/\/www.enoturismochile.cl\/constitution\/vinas-abiertas-al-turismo\/valle-de-curico\/\" tabindex=\"-1\"><img decoding=\"async\" width=\"84\" height=\"103\" src=\"https:\/\/www.enoturismochile.cl\/constitution\/wp-content\/uploads\/2025\/10\/icon-valle-curico.svg\" class=\"attachment-full size-full wp-image-12447\" alt=\"\" \/><\/a><\/figure><div class=\"elementor-image-box-content\"><h3 class=\"elementor-image-box-title\"><a href=\"https:\/\/www.enoturismochile.cl\/constitution\/vinas-abiertas-al-turismo\/valle-de-curico\/\">5<br> vi\u00f1as<\/a><\/h3><p class=\"elementor-image-box-description\">abiertas al turismo<\/p><\/div><\/div>\t\t\t\t<\/div>\n\t\t\t\t<\/div>\n\t\t\t\t<\/div>\n\t\t\t\t<\/div>\n\t\t<div class=\"elementor-element elementor-element-7ecf098d e-con-full elementor-hidden-desktop elementor-hidden-tablet elementor-hidden-mobile e-flex e-con e-parent\" data-id=\"7ecf098d\" data-element_type=\"container\" data-e-type=\"container\">\n\t\t<div class=\"elementor-element elementor-element-15e2b38 e-con-full e-flex e-con e-child\" data-id=\"15e2b38\" data-element_type=\"container\" data-e-type=\"container\" data-settings=\"{&quot;background_background&quot;:&quot;classic&quot;}\">\n\t\t<div class=\"elementor-element elementor-element-7f294b1b e-con-full e-flex e-con e-child\" data-id=\"7f294b1b\" data-element_type=\"container\" data-e-type=\"container\">\n\t\t\t\t<div class=\"elementor-element elementor-element-69cc12cd txt-asociaciones elementor-widget elementor-widget-text-editor\" data-id=\"69cc12cd\" data-element_type=\"widget\" data-e-type=\"widget\" data-widget_type=\"text-editor.default\">\n\t\t\t\t\t\t\t\t\t<h3>Asociaciones<br \/>del vino<\/h3><p>es el m\u00e1s meridional de los valles vitivin\u00edcolas con oferta tur\u00edstica, y uno de los m\u00e1s grandes del pa\u00eds, ubicado en la regi\u00f3n de Atacama.<\/p>\t\t\t\t\t\t\t\t<\/div>\n\t\t\t\t<\/div>\n\t\t\t\t<\/div>\n\t\t<div class=\"elementor-element elementor-element-30b774f4 e-con-full e-flex e-con e-child\" data-id=\"30b774f4\" data-element_type=\"container\" data-e-type=\"container\">\n\t\t\t\t<div class=\"elementor-element elementor-element-45d9e894 elementor-widget elementor-widget-image\" data-id=\"45d9e894\" data-element_type=\"widget\" data-e-type=\"widget\" data-widget_type=\"image.default\">\n\t\t\t\t\t\t\t\t\t\t\t\t\t\t\t<img fetchpriority=\"high\" decoding=\"async\" width=\"500\" height=\"500\" src=\"https:\/\/www.enoturismochile.cl\/constitution\/wp-content\/uploads\/2025\/08\/ADL-movi.jpg\" class=\"attachment-large size-large wp-image-10779\" alt=\"\" srcset=\"https:\/\/www.enoturismochile.cl\/constitution\/wp-content\/uploads\/2025\/08\/ADL-movi.jpg 500w, https:\/\/www.enoturismochile.cl\/constitution\/wp-content\/uploads\/2025\/08\/ADL-movi-300x300.jpg 300w, https:\/\/www.enoturismochile.cl\/constitution\/wp-content\/uploads\/2025\/08\/ADL-movi-150x150.jpg 150w, https:\/\/www.enoturismochile.cl\/constitution\/wp-content\/uploads\/2025\/08\/ADL-movi-32x32.jpg 32w, https:\/\/www.enoturismochile.cl\/constitution\/wp-content\/uploads\/2025\/08\/ADL-movi-48x48.jpg 48w, https:\/\/www.enoturismochile.cl\/constitution\/wp-content\/uploads\/2025\/08\/ADL-movi-80x80.jpg 80w, https:\/\/www.enoturismochile.cl\/constitution\/wp-content\/uploads\/2025\/08\/ADL-movi-180x180.jpg 180w\" sizes=\"(max-width: 500px) 100vw, 500px\" \/>\t\t\t\t\t\t\t\t\t\t\t\t\t\t\t<\/div>\n\t\t\t\t<\/div>\n\t\t\t\t<\/div>\n\t\t\t\t<\/div>\n\t\t","protected":false},"excerpt":{"rendered":"<p>Valle de Curic\u00f3 Pertenece a la Regi\u00f3n del Maule y est\u00e1 ubicado 190 kil\u00f3metros al sur de Santiago. Curic\u00f3 es un valle que siempre ha estado ligado a los or\u00edgenes de la producci\u00f3n de vino en Chile. Desde el momento en que Jos\u00e9 Manso de Velasco fundara la ciudad en 1743, la actividad ha sido [&hellip;]<\/p>\n","protected":false},"author":2,"featured_media":0,"parent":10759,"menu_order":0,"comment_status":"closed","ping_status":"closed","template":"","meta":{"footnotes":""},"class_list":["post-12837","page","type-page","status-publish","hentry"],"yoast_head":"<!-- This site is optimized with the Yoast SEO plugin v27.3 - https:\/\/yoast.com\/product\/yoast-seo-wordpress\/ -->\n<title>Valle de Curic\u00f3 - Enoturismo Chile<\/title>\n<meta name=\"robots\" content=\"noindex, follow, max-snippet:-1, max-image-preview:large, max-video-preview:-1\" \/>\n<meta property=\"og:locale\" content=\"es_ES\" \/>\n<meta property=\"og:type\" content=\"article\" \/>\n<meta property=\"og:title\" content=\"Valle de Curic\u00f3 - Enoturismo Chile\" \/>\n<meta property=\"og:description\" content=\"Valle de Curic\u00f3 Pertenece a la Regi\u00f3n del Maule y est\u00e1 ubicado 190 kil\u00f3metros al sur de Santiago. Curic\u00f3 es un valle que siempre ha estado ligado a los or\u00edgenes de la producci\u00f3n de vino en Chile. Desde el momento en que Jos\u00e9 Manso de Velasco fundara la ciudad en 1743, la actividad ha sido [&hellip;]\" \/>\n<meta property=\"og:url\" content=\"https:\/\/www.enoturismochile.cl\/constitution\/valles\/valle-de-curico\/\" \/>\n<meta property=\"og:site_name\" content=\"Enoturismo Chile\" \/>\n<meta property=\"article:modified_time\" content=\"2025-10-20T18:52:58+00:00\" \/>\n<meta property=\"og:image\" content=\"https:\/\/www.enoturismochile.cl\/constitution\/wp-content\/uploads\/2025\/10\/dots-curico.svg\" \/>\n<meta name=\"twitter:card\" content=\"summary_large_image\" \/>\n<meta name=\"twitter:label1\" content=\"Tiempo de lectura\" \/>\n\t<meta name=\"twitter:data1\" content=\"3 minutos\" \/>\n<script type=\"application\/ld+json\" class=\"yoast-schema-graph\">{\"@context\":\"https:\\\/\\\/schema.org\",\"@graph\":[{\"@type\":\"WebPage\",\"@id\":\"https:\\\/\\\/www.enoturismochile.cl\\\/constitution\\\/valles\\\/valle-de-curico\\\/\",\"url\":\"https:\\\/\\\/www.enoturismochile.cl\\\/constitution\\\/valles\\\/valle-de-curico\\\/\",\"name\":\"Valle de Curic\u00f3 - Enoturismo Chile\",\"isPartOf\":{\"@id\":\"https:\\\/\\\/www.enoturismochile.cl\\\/constitution\\\/#website\"},\"primaryImageOfPage\":{\"@id\":\"https:\\\/\\\/www.enoturismochile.cl\\\/constitution\\\/valles\\\/valle-de-curico\\\/#primaryimage\"},\"image\":{\"@id\":\"https:\\\/\\\/www.enoturismochile.cl\\\/constitution\\\/valles\\\/valle-de-curico\\\/#primaryimage\"},\"thumbnailUrl\":\"https:\\\/\\\/www.enoturismochile.cl\\\/constitution\\\/wp-content\\\/uploads\\\/2025\\\/10\\\/dots-curico.svg\",\"datePublished\":\"2025-10-11T11:02:15+00:00\",\"dateModified\":\"2025-10-20T18:52:58+00:00\",\"breadcrumb\":{\"@id\":\"https:\\\/\\\/www.enoturismochile.cl\\\/constitution\\\/valles\\\/valle-de-curico\\\/#breadcrumb\"},\"inLanguage\":\"es\",\"potentialAction\":[{\"@type\":\"ReadAction\",\"target\":[\"https:\\\/\\\/www.enoturismochile.cl\\\/constitution\\\/valles\\\/valle-de-curico\\\/\"]}]},{\"@type\":\"ImageObject\",\"inLanguage\":\"es\",\"@id\":\"https:\\\/\\\/www.enoturismochile.cl\\\/constitution\\\/valles\\\/valle-de-curico\\\/#primaryimage\",\"url\":\"https:\\\/\\\/www.enoturismochile.cl\\\/constitution\\\/wp-content\\\/uploads\\\/2025\\\/10\\\/dots-curico.svg\",\"contentUrl\":\"https:\\\/\\\/www.enoturismochile.cl\\\/constitution\\\/wp-content\\\/uploads\\\/2025\\\/10\\\/dots-curico.svg\",\"width\":400,\"height\":27},{\"@type\":\"BreadcrumbList\",\"@id\":\"https:\\\/\\\/www.enoturismochile.cl\\\/constitution\\\/valles\\\/valle-de-curico\\\/#breadcrumb\",\"itemListElement\":[{\"@type\":\"ListItem\",\"position\":1,\"name\":\"Portada\",\"item\":\"https:\\\/\\\/www.enoturismochile.cl\\\/constitution\\\/\"},{\"@type\":\"ListItem\",\"position\":2,\"name\":\"Valle de Curic\u00f3\"}]},{\"@type\":\"WebSite\",\"@id\":\"https:\\\/\\\/www.enoturismochile.cl\\\/constitution\\\/#website\",\"url\":\"https:\\\/\\\/www.enoturismochile.cl\\\/constitution\\\/\",\"name\":\"Enoturismo Chile\",\"description\":\"\",\"publisher\":{\"@id\":\"https:\\\/\\\/www.enoturismochile.cl\\\/constitution\\\/#organization\"},\"potentialAction\":[{\"@type\":\"SearchAction\",\"target\":{\"@type\":\"EntryPoint\",\"urlTemplate\":\"https:\\\/\\\/www.enoturismochile.cl\\\/constitution\\\/?s={search_term_string}\"},\"query-input\":{\"@type\":\"PropertyValueSpecification\",\"valueRequired\":true,\"valueName\":\"search_term_string\"}}],\"inLanguage\":\"es\"},{\"@type\":\"Organization\",\"@id\":\"https:\\\/\\\/www.enoturismochile.cl\\\/constitution\\\/#organization\",\"name\":\"Enoturismo Chile\",\"url\":\"https:\\\/\\\/www.enoturismochile.cl\\\/constitution\\\/\",\"logo\":{\"@type\":\"ImageObject\",\"inLanguage\":\"es\",\"@id\":\"https:\\\/\\\/www.enoturismochile.cl\\\/constitution\\\/#\\\/schema\\\/logo\\\/image\\\/\",\"url\":\"https:\\\/\\\/www.enoturismochile.cl\\\/constitution\\\/wp-content\\\/uploads\\\/2020\\\/07\\\/logo-et-2020.png\",\"contentUrl\":\"https:\\\/\\\/www.enoturismochile.cl\\\/constitution\\\/wp-content\\\/uploads\\\/2020\\\/07\\\/logo-et-2020.png\",\"width\":300,\"height\":154,\"caption\":\"Enoturismo Chile\"},\"image\":{\"@id\":\"https:\\\/\\\/www.enoturismochile.cl\\\/constitution\\\/#\\\/schema\\\/logo\\\/image\\\/\"}}]}<\/script>\n<!-- \/ Yoast SEO plugin. -->","yoast_head_json":{"title":"Valle de Curic\u00f3 - Enoturismo Chile","robots":{"index":"noindex","follow":"follow","max-snippet":"max-snippet:-1","max-image-preview":"max-image-preview:large","max-video-preview":"max-video-preview:-1"},"og_locale":"es_ES","og_type":"article","og_title":"Valle de Curic\u00f3 - Enoturismo Chile","og_description":"Valle de Curic\u00f3 Pertenece a la Regi\u00f3n del Maule y est\u00e1 ubicado 190 kil\u00f3metros al sur de Santiago. Curic\u00f3 es un valle que siempre ha estado ligado a los or\u00edgenes de la producci\u00f3n de vino en Chile. Desde el momento en que Jos\u00e9 Manso de Velasco fundara la ciudad en 1743, la actividad ha sido [&hellip;]","og_url":"https:\/\/www.enoturismochile.cl\/constitution\/valles\/valle-de-curico\/","og_site_name":"Enoturismo Chile","article_modified_time":"2025-10-20T18:52:58+00:00","og_image":[{"url":"https:\/\/www.enoturismochile.cl\/constitution\/wp-content\/uploads\/2025\/10\/dots-curico.svg","type":"","width":"","height":""}],"twitter_card":"summary_large_image","twitter_misc":{"Tiempo de lectura":"3 minutos"},"schema":{"@context":"https:\/\/schema.org","@graph":[{"@type":"WebPage","@id":"https:\/\/www.enoturismochile.cl\/constitution\/valles\/valle-de-curico\/","url":"https:\/\/www.enoturismochile.cl\/constitution\/valles\/valle-de-curico\/","name":"Valle de Curic\u00f3 - Enoturismo Chile","isPartOf":{"@id":"https:\/\/www.enoturismochile.cl\/constitution\/#website"},"primaryImageOfPage":{"@id":"https:\/\/www.enoturismochile.cl\/constitution\/valles\/valle-de-curico\/#primaryimage"},"image":{"@id":"https:\/\/www.enoturismochile.cl\/constitution\/valles\/valle-de-curico\/#primaryimage"},"thumbnailUrl":"https:\/\/www.enoturismochile.cl\/constitution\/wp-content\/uploads\/2025\/10\/dots-curico.svg","datePublished":"2025-10-11T11:02:15+00:00","dateModified":"2025-10-20T18:52:58+00:00","breadcrumb":{"@id":"https:\/\/www.enoturismochile.cl\/constitution\/valles\/valle-de-curico\/#breadcrumb"},"inLanguage":"es","potentialAction":[{"@type":"ReadAction","target":["https:\/\/www.enoturismochile.cl\/constitution\/valles\/valle-de-curico\/"]}]},{"@type":"ImageObject","inLanguage":"es","@id":"https:\/\/www.enoturismochile.cl\/constitution\/valles\/valle-de-curico\/#primaryimage","url":"https:\/\/www.enoturismochile.cl\/constitution\/wp-content\/uploads\/2025\/10\/dots-curico.svg","contentUrl":"https:\/\/www.enoturismochile.cl\/constitution\/wp-content\/uploads\/2025\/10\/dots-curico.svg","width":400,"height":27},{"@type":"BreadcrumbList","@id":"https:\/\/www.enoturismochile.cl\/constitution\/valles\/valle-de-curico\/#breadcrumb","itemListElement":[{"@type":"ListItem","position":1,"name":"Portada","item":"https:\/\/www.enoturismochile.cl\/constitution\/"},{"@type":"ListItem","position":2,"name":"Valle de Curic\u00f3"}]},{"@type":"WebSite","@id":"https:\/\/www.enoturismochile.cl\/constitution\/#website","url":"https:\/\/www.enoturismochile.cl\/constitution\/","name":"Enoturismo Chile","description":"","publisher":{"@id":"https:\/\/www.enoturismochile.cl\/constitution\/#organization"},"potentialAction":[{"@type":"SearchAction","target":{"@type":"EntryPoint","urlTemplate":"https:\/\/www.enoturismochile.cl\/constitution\/?s={search_term_string}"},"query-input":{"@type":"PropertyValueSpecification","valueRequired":true,"valueName":"search_term_string"}}],"inLanguage":"es"},{"@type":"Organization","@id":"https:\/\/www.enoturismochile.cl\/constitution\/#organization","name":"Enoturismo Chile","url":"https:\/\/www.enoturismochile.cl\/constitution\/","logo":{"@type":"ImageObject","inLanguage":"es","@id":"https:\/\/www.enoturismochile.cl\/constitution\/#\/schema\/logo\/image\/","url":"https:\/\/www.enoturismochile.cl\/constitution\/wp-content\/uploads\/2020\/07\/logo-et-2020.png","contentUrl":"https:\/\/www.enoturismochile.cl\/constitution\/wp-content\/uploads\/2020\/07\/logo-et-2020.png","width":300,"height":154,"caption":"Enoturismo Chile"},"image":{"@id":"https:\/\/www.enoturismochile.cl\/constitution\/#\/schema\/logo\/image\/"}}]}},"_links":{"self":[{"href":"https:\/\/www.enoturismochile.cl\/constitution\/wp-json\/wp\/v2\/pages\/12837","targetHints":{"allow":["GET"]}}],"collection":[{"href":"https:\/\/www.enoturismochile.cl\/constitution\/wp-json\/wp\/v2\/pages"}],"about":[{"href":"https:\/\/www.enoturismochile.cl\/constitution\/wp-json\/wp\/v2\/types\/page"}],"author":[{"embeddable":true,"href":"https:\/\/www.enoturismochile.cl\/constitution\/wp-json\/wp\/v2\/users\/2"}],"replies":[{"embeddable":true,"href":"https:\/\/www.enoturismochile.cl\/constitution\/wp-json\/wp\/v2\/comments?post=12837"}],"version-history":[{"count":34,"href":"https:\/\/www.enoturismochile.cl\/constitution\/wp-json\/wp\/v2\/pages\/12837\/revisions"}],"predecessor-version":[{"id":15163,"href":"https:\/\/www.enoturismochile.cl\/constitution\/wp-json\/wp\/v2\/pages\/12837\/revisions\/15163"}],"up":[{"embeddable":true,"href":"https:\/\/www.enoturismochile.cl\/constitution\/wp-json\/wp\/v2\/pages\/10759"}],"wp:attachment":[{"href":"https:\/\/www.enoturismochile.cl\/constitution\/wp-json\/wp\/v2\/media?parent=12837"}],"curies":[{"name":"wp","href":"https:\/\/api.w.org\/{rel}","templated":true}]}}