{"id":13133,"date":"2025-10-11T10:51:48","date_gmt":"2025-10-11T13:51:48","guid":{"rendered":"https:\/\/www.enoturismochile.cl\/constitution\/directory-descargas\/"},"modified":"2025-10-14T11:31:43","modified_gmt":"2025-10-14T14:31:43","slug":"descargas","status":"publish","type":"page","link":"https:\/\/www.enoturismochile.cl\/constitution\/descargas\/","title":{"rendered":"Descargas"},"content":{"rendered":"\n<p class=\"bajada-seccion\">Explora y descarga informaci\u00f3n clave sobre el enoturismo. Encuentra estudios, informes, estad\u00edsticas,  presentaciones y m\u00e1s que muestran el crecimiento, las tendencias y los avances del sector en Chile y el mundo.<\/p>\n\n\n\n","protected":false},"excerpt":{"rendered":"<p>Explora y descarga informaci\u00f3n clave sobre el enoturismo. Encuentra estudios, informes, estad\u00edsticas, presentaciones y m\u00e1s que muestran el crecimiento, las tendencias y los avances del sector en Chile y el mundo.<\/p>\n","protected":false},"author":2,"featured_media":0,"parent":0,"menu_order":0,"comment_status":"closed","ping_status":"closed","template":"","meta":{"footnotes":""},"class_list":["post-13133","page","type-page","status-publish","hentry"],"yoast_head":"<!-- This site is optimized with the Yoast SEO plugin v27.3 - https:\/\/yoast.com\/product\/yoast-seo-wordpress\/ -->\n<title>Descargas - Enoturismo Chile<\/title>\n<meta name=\"robots\" content=\"noindex, follow, max-snippet:-1, max-image-preview:large, max-video-preview:-1\" \/>\n<meta property=\"og:locale\" content=\"es_ES\" \/>\n<meta property=\"og:type\" content=\"article\" \/>\n<meta property=\"og:title\" content=\"Descargas - Enoturismo Chile\" \/>\n<meta property=\"og:description\" content=\"Explora y descarga informaci\u00f3n clave sobre el enoturismo. Encuentra estudios, informes, estad\u00edsticas, presentaciones y m\u00e1s que muestran el crecimiento, las tendencias y los avances del sector en Chile y el mundo.\" \/>\n<meta property=\"og:url\" content=\"https:\/\/www.enoturismochile.cl\/constitution\/descargas\/\" \/>\n<meta property=\"og:site_name\" content=\"Enoturismo Chile\" \/>\n<meta property=\"article:modified_time\" content=\"2025-10-14T14:31:43+00:00\" \/>\n<meta name=\"twitter:card\" content=\"summary_large_image\" \/>\n<meta name=\"twitter:label1\" content=\"Tiempo de lectura\" \/>\n\t<meta name=\"twitter:data1\" content=\"1 minuto\" \/>\n<script type=\"application\/ld+json\" class=\"yoast-schema-graph\">{\"@context\":\"https:\\\/\\\/schema.org\",\"@graph\":[{\"@type\":\"WebPage\",\"@id\":\"https:\\\/\\\/www.enoturismochile.cl\\\/constitution\\\/descargas\\\/\",\"url\":\"https:\\\/\\\/www.enoturismochile.cl\\\/constitution\\\/descargas\\\/\",\"name\":\"Descargas - Enoturismo Chile\",\"isPartOf\":{\"@id\":\"https:\\\/\\\/www.enoturismochile.cl\\\/constitution\\\/#website\"},\"datePublished\":\"2025-10-11T13:51:48+00:00\",\"dateModified\":\"2025-10-14T14:31:43+00:00\",\"breadcrumb\":{\"@id\":\"https:\\\/\\\/www.enoturismochile.cl\\\/constitution\\\/descargas\\\/#breadcrumb\"},\"inLanguage\":\"es\",\"potentialAction\":[{\"@type\":\"ReadAction\",\"target\":[\"https:\\\/\\\/www.enoturismochile.cl\\\/constitution\\\/descargas\\\/\"]}]},{\"@type\":\"BreadcrumbList\",\"@id\":\"https:\\\/\\\/www.enoturismochile.cl\\\/constitution\\\/descargas\\\/#breadcrumb\",\"itemListElement\":[{\"@type\":\"ListItem\",\"position\":1,\"name\":\"Portada\",\"item\":\"https:\\\/\\\/www.enoturismochile.cl\\\/constitution\\\/\"},{\"@type\":\"ListItem\",\"position\":2,\"name\":\"Descargas\"}]},{\"@type\":\"WebSite\",\"@id\":\"https:\\\/\\\/www.enoturismochile.cl\\\/constitution\\\/#website\",\"url\":\"https:\\\/\\\/www.enoturismochile.cl\\\/constitution\\\/\",\"name\":\"Enoturismo Chile\",\"description\":\"\",\"publisher\":{\"@id\":\"https:\\\/\\\/www.enoturismochile.cl\\\/constitution\\\/#organization\"},\"potentialAction\":[{\"@type\":\"SearchAction\",\"target\":{\"@type\":\"EntryPoint\",\"urlTemplate\":\"https:\\\/\\\/www.enoturismochile.cl\\\/constitution\\\/?s={search_term_string}\"},\"query-input\":{\"@type\":\"PropertyValueSpecification\",\"valueRequired\":true,\"valueName\":\"search_term_string\"}}],\"inLanguage\":\"es\"},{\"@type\":\"Organization\",\"@id\":\"https:\\\/\\\/www.enoturismochile.cl\\\/constitution\\\/#organization\",\"name\":\"Enoturismo Chile\",\"url\":\"https:\\\/\\\/www.enoturismochile.cl\\\/constitution\\\/\",\"logo\":{\"@type\":\"ImageObject\",\"inLanguage\":\"es\",\"@id\":\"https:\\\/\\\/www.enoturismochile.cl\\\/constitution\\\/#\\\/schema\\\/logo\\\/image\\\/\",\"url\":\"https:\\\/\\\/www.enoturismochile.cl\\\/constitution\\\/wp-content\\\/uploads\\\/2020\\\/07\\\/logo-et-2020.png\",\"contentUrl\":\"https:\\\/\\\/www.enoturismochile.cl\\\/constitution\\\/wp-content\\\/uploads\\\/2020\\\/07\\\/logo-et-2020.png\",\"width\":300,\"height\":154,\"caption\":\"Enoturismo Chile\"},\"image\":{\"@id\":\"https:\\\/\\\/www.enoturismochile.cl\\\/constitution\\\/#\\\/schema\\\/logo\\\/image\\\/\"}}]}<\/script>\n<!-- \/ Yoast SEO plugin. -->","yoast_head_json":{"title":"Descargas - Enoturismo Chile","robots":{"index":"noindex","follow":"follow","max-snippet":"max-snippet:-1","max-image-preview":"max-image-preview:large","max-video-preview":"max-video-preview:-1"},"og_locale":"es_ES","og_type":"article","og_title":"Descargas - Enoturismo Chile","og_description":"Explora y descarga informaci\u00f3n clave sobre el enoturismo. Encuentra estudios, informes, estad\u00edsticas, presentaciones y m\u00e1s que muestran el crecimiento, las tendencias y los avances del sector en Chile y el mundo.","og_url":"https:\/\/www.enoturismochile.cl\/constitution\/descargas\/","og_site_name":"Enoturismo Chile","article_modified_time":"2025-10-14T14:31:43+00:00","twitter_card":"summary_large_image","twitter_misc":{"Tiempo de lectura":"1 minuto"},"schema":{"@context":"https:\/\/schema.org","@graph":[{"@type":"WebPage","@id":"https:\/\/www.enoturismochile.cl\/constitution\/descargas\/","url":"https:\/\/www.enoturismochile.cl\/constitution\/descargas\/","name":"Descargas - Enoturismo Chile","isPartOf":{"@id":"https:\/\/www.enoturismochile.cl\/constitution\/#website"},"datePublished":"2025-10-11T13:51:48+00:00","dateModified":"2025-10-14T14:31:43+00:00","breadcrumb":{"@id":"https:\/\/www.enoturismochile.cl\/constitution\/descargas\/#breadcrumb"},"inLanguage":"es","potentialAction":[{"@type":"ReadAction","target":["https:\/\/www.enoturismochile.cl\/constitution\/descargas\/"]}]},{"@type":"BreadcrumbList","@id":"https:\/\/www.enoturismochile.cl\/constitution\/descargas\/#breadcrumb","itemListElement":[{"@type":"ListItem","position":1,"name":"Portada","item":"https:\/\/www.enoturismochile.cl\/constitution\/"},{"@type":"ListItem","position":2,"name":"Descargas"}]},{"@type":"WebSite","@id":"https:\/\/www.enoturismochile.cl\/constitution\/#website","url":"https:\/\/www.enoturismochile.cl\/constitution\/","name":"Enoturismo Chile","description":"","publisher":{"@id":"https:\/\/www.enoturismochile.cl\/constitution\/#organization"},"potentialAction":[{"@type":"SearchAction","target":{"@type":"EntryPoint","urlTemplate":"https:\/\/www.enoturismochile.cl\/constitution\/?s={search_term_string}"},"query-input":{"@type":"PropertyValueSpecification","valueRequired":true,"valueName":"search_term_string"}}],"inLanguage":"es"},{"@type":"Organization","@id":"https:\/\/www.enoturismochile.cl\/constitution\/#organization","name":"Enoturismo Chile","url":"https:\/\/www.enoturismochile.cl\/constitution\/","logo":{"@type":"ImageObject","inLanguage":"es","@id":"https:\/\/www.enoturismochile.cl\/constitution\/#\/schema\/logo\/image\/","url":"https:\/\/www.enoturismochile.cl\/constitution\/wp-content\/uploads\/2020\/07\/logo-et-2020.png","contentUrl":"https:\/\/www.enoturismochile.cl\/constitution\/wp-content\/uploads\/2020\/07\/logo-et-2020.png","width":300,"height":154,"caption":"Enoturismo Chile"},"image":{"@id":"https:\/\/www.enoturismochile.cl\/constitution\/#\/schema\/logo\/image\/"}}]}},"_links":{"self":[{"href":"https:\/\/www.enoturismochile.cl\/constitution\/wp-json\/wp\/v2\/pages\/13133","targetHints":{"allow":["GET"]}}],"collection":[{"href":"https:\/\/www.enoturismochile.cl\/constitution\/wp-json\/wp\/v2\/pages"}],"about":[{"href":"https:\/\/www.enoturismochile.cl\/constitution\/wp-json\/wp\/v2\/types\/page"}],"author":[{"embeddable":true,"href":"https:\/\/www.enoturismochile.cl\/constitution\/wp-json\/wp\/v2\/users\/2"}],"replies":[{"embeddable":true,"href":"https:\/\/www.enoturismochile.cl\/constitution\/wp-json\/wp\/v2\/comments?post=13133"}],"version-history":[{"count":4,"href":"https:\/\/www.enoturismochile.cl\/constitution\/wp-json\/wp\/v2\/pages\/13133\/revisions"}],"predecessor-version":[{"id":13478,"href":"https:\/\/www.enoturismochile.cl\/constitution\/wp-json\/wp\/v2\/pages\/13133\/revisions\/13478"}],"wp:attachment":[{"href":"https:\/\/www.enoturismochile.cl\/constitution\/wp-json\/wp\/v2\/media?parent=13133"}],"curies":[{"name":"wp","href":"https:\/\/api.w.org\/{rel}","templated":true}]}}