{"id":1511,"date":"2018-08-31T23:24:01","date_gmt":"2018-08-31T23:24:01","guid":{"rendered":"https:\/\/www.enoturismochile.cl\/?page_id=1511"},"modified":"2018-08-31T23:24:01","modified_gmt":"2018-08-31T23:24:01","slug":"maridaje-perfecto","status":"publish","type":"page","link":"https:\/\/www.enoturismochile.cl\/constitution\/maridaje-perfecto\/","title":{"rendered":"Maridaje Perfecto"},"content":{"rendered":"<div class=\"row\">\n<div class=\"col-12\">[soliloquy slug=\u00bbmaridajeperfecto\u00bb]<\/div>\n<\/div>\n<div class=\"row no-gutters\">\n<div class=\"col-lg\"><a class=\"btn btn-color1 btn-block btn-lg rounded-0\" role=\"button\" href=\"https:\/\/www.enoturismochile.cl\/constitution\/maridajeperfecto-casablanca\">Valle de Casablanca<\/a><\/div>\n<div class=\"col-lg\"><a class=\"btn btn-color2 btn-block btn-lg rounded-0\" role=\"button\" href=\"https:\/\/www.enoturismochile.cl\/constitution\/maridajeperfecto-colchagua\">Valle de Colchagua<\/a><\/div>\n<div class=\"col-lg\"><a class=\"btn btn-color3 btn-block btn-lg rounded-0\" role=\"button\" href=\"https:\/\/www.enoturismochile.cl\/constitution\/maridajeperfecto-curico\">Valle de Curic\u00f3<\/a><\/div>\n<div class=\"col-lg\"><a class=\"btn btn-color4 btn-block btn-lg rounded-0\" role=\"button\" href=\"https:\/\/www.enoturismochile.cl\/constitution\/maridajeperfecto-maipo\">Valle del Maipo<\/a><\/div>\n<div class=\"col-lg\"><a class=\"btn btn-color5 btn-block btn-lg rounded-0\" role=\"button\" href=\"https:\/\/www.enoturismochile.cl\/constitution\/maridajeperfecto-maule\">Valle del Maule<\/a><\/div>\n<\/div>\n<div class=\"row mt-5\">\n<div class=\"col-sm-6\">\n<p style=\"font-size: 1.1rem;\">El vino se encuentra en el coraz\u00f3n del territorio, la historia y la gente de Chile.<\/p>\n<p style=\"font-size: 1.1rem;\">Un lugar de horizontes y emociones diversas, cercano y con una ruta del vino pionera, que permite recorrer con tranquilidad y placer un paisaje que va del mar a la cordillera y disfrutar de sus modernos tintos de prestigio internacional.<\/p>\n<p style=\"font-size: 1.1rem;\">El llamado a vivir el vino nos cautiva con im\u00e1genes de pertenencia, alegr\u00eda, hospitalidad, sabidur\u00eda, calidad e innovaci\u00f3n. Nos hace saborear los frutos m\u00e1s nobles de nuestra tierra, del mar y las mejores recetas de la cocina chilena. Nos inspira a saltar a la aventura, a la exploraci\u00f3n de una naturaleza desbordante, acogedora y variada. Nos infunde el relajo y la paz que solo se puede gozar en el paisaje de nuestros valles y campos, junto al cari\u00f1o de su gente.<\/p>\n<\/div>\n<div class=\"col-sm-6\">\n<p style=\"font-size: 1.1rem;\">El enoturismo es el pasaporte que transforma todas estas ideas en realidades imperdibles y sorprendentes. Nos permite redescubrir, celebrar y saborear una cultura festiva, viva y aut\u00e9ntica.<\/p>\n<p style=\"font-size: 1.1rem;\">El turismo en torno al vino convoca y permite el encuentro con los amigos, la pareja o la familia. Nos hace vivir algo \u00fanico, imperdible y excitante, un tesoro mucho m\u00e1s cercano y accesible de lo que cre\u00edamos. El enoturismo es la invitaci\u00f3n a mezclar, de forma perfecta, los mejores ingredientes de la vida.<\/p>\n<\/div>\n<\/div>\n","protected":false},"excerpt":{"rendered":"<p>[soliloquy slug=\u00bbmaridajeperfecto\u00bb] Valle de Casablanca Valle de Colchagua Valle de Curic\u00f3 Valle del Maipo Valle del Maule El vino se encuentra en el coraz\u00f3n del territorio, la historia y la gente de Chile. Un lugar de horizontes y emociones diversas, cercano y con una ruta del vino pionera, que permite recorrer con tranquilidad y placer [&hellip;]<\/p>\n","protected":false},"author":2,"featured_media":0,"parent":0,"menu_order":0,"comment_status":"closed","ping_status":"closed","template":"","meta":{"footnotes":""},"class_list":["post-1511","page","type-page","status-publish","hentry"],"yoast_head":"<!-- This site is optimized with the Yoast SEO plugin v27.3 - https:\/\/yoast.com\/product\/yoast-seo-wordpress\/ -->\n<title>Maridaje Perfecto - Enoturismo Chile<\/title>\n<meta name=\"robots\" content=\"noindex, follow, max-snippet:-1, max-image-preview:large, max-video-preview:-1\" \/>\n<meta property=\"og:locale\" content=\"es_ES\" \/>\n<meta property=\"og:type\" content=\"article\" \/>\n<meta property=\"og:title\" content=\"Maridaje Perfecto - Enoturismo Chile\" \/>\n<meta property=\"og:description\" content=\"[soliloquy slug=\u00bbmaridajeperfecto\u00bb] Valle de Casablanca Valle de Colchagua Valle de Curic\u00f3 Valle del Maipo Valle del Maule El vino se encuentra en el coraz\u00f3n del territorio, la historia y la gente de Chile. Un lugar de horizontes y emociones diversas, cercano y con una ruta del vino pionera, que permite recorrer con tranquilidad y placer [&hellip;]\" \/>\n<meta property=\"og:url\" content=\"https:\/\/www.enoturismochile.cl\/constitution\/maridaje-perfecto\/\" \/>\n<meta property=\"og:site_name\" content=\"Enoturismo Chile\" \/>\n<meta name=\"twitter:card\" content=\"summary_large_image\" \/>\n<meta name=\"twitter:label1\" content=\"Tiempo de lectura\" \/>\n\t<meta name=\"twitter:data1\" content=\"1 minuto\" \/>\n<script type=\"application\/ld+json\" class=\"yoast-schema-graph\">{\"@context\":\"https:\\\/\\\/schema.org\",\"@graph\":[{\"@type\":\"WebPage\",\"@id\":\"https:\\\/\\\/www.enoturismochile.cl\\\/constitution\\\/maridaje-perfecto\\\/\",\"url\":\"https:\\\/\\\/www.enoturismochile.cl\\\/constitution\\\/maridaje-perfecto\\\/\",\"name\":\"Maridaje Perfecto - Enoturismo Chile\",\"isPartOf\":{\"@id\":\"https:\\\/\\\/www.enoturismochile.cl\\\/constitution\\\/#website\"},\"datePublished\":\"2018-08-31T23:24:01+00:00\",\"breadcrumb\":{\"@id\":\"https:\\\/\\\/www.enoturismochile.cl\\\/constitution\\\/maridaje-perfecto\\\/#breadcrumb\"},\"inLanguage\":\"es\",\"potentialAction\":[{\"@type\":\"ReadAction\",\"target\":[\"https:\\\/\\\/www.enoturismochile.cl\\\/constitution\\\/maridaje-perfecto\\\/\"]}]},{\"@type\":\"BreadcrumbList\",\"@id\":\"https:\\\/\\\/www.enoturismochile.cl\\\/constitution\\\/maridaje-perfecto\\\/#breadcrumb\",\"itemListElement\":[{\"@type\":\"ListItem\",\"position\":1,\"name\":\"Portada\",\"item\":\"https:\\\/\\\/www.enoturismochile.cl\\\/constitution\\\/\"},{\"@type\":\"ListItem\",\"position\":2,\"name\":\"Maridaje Perfecto\"}]},{\"@type\":\"WebSite\",\"@id\":\"https:\\\/\\\/www.enoturismochile.cl\\\/constitution\\\/#website\",\"url\":\"https:\\\/\\\/www.enoturismochile.cl\\\/constitution\\\/\",\"name\":\"Enoturismo Chile\",\"description\":\"\",\"publisher\":{\"@id\":\"https:\\\/\\\/www.enoturismochile.cl\\\/constitution\\\/#organization\"},\"potentialAction\":[{\"@type\":\"SearchAction\",\"target\":{\"@type\":\"EntryPoint\",\"urlTemplate\":\"https:\\\/\\\/www.enoturismochile.cl\\\/constitution\\\/?s={search_term_string}\"},\"query-input\":{\"@type\":\"PropertyValueSpecification\",\"valueRequired\":true,\"valueName\":\"search_term_string\"}}],\"inLanguage\":\"es\"},{\"@type\":\"Organization\",\"@id\":\"https:\\\/\\\/www.enoturismochile.cl\\\/constitution\\\/#organization\",\"name\":\"Enoturismo Chile\",\"url\":\"https:\\\/\\\/www.enoturismochile.cl\\\/constitution\\\/\",\"logo\":{\"@type\":\"ImageObject\",\"inLanguage\":\"es\",\"@id\":\"https:\\\/\\\/www.enoturismochile.cl\\\/constitution\\\/#\\\/schema\\\/logo\\\/image\\\/\",\"url\":\"https:\\\/\\\/www.enoturismochile.cl\\\/constitution\\\/wp-content\\\/uploads\\\/2020\\\/07\\\/logo-et-2020.png\",\"contentUrl\":\"https:\\\/\\\/www.enoturismochile.cl\\\/constitution\\\/wp-content\\\/uploads\\\/2020\\\/07\\\/logo-et-2020.png\",\"width\":300,\"height\":154,\"caption\":\"Enoturismo Chile\"},\"image\":{\"@id\":\"https:\\\/\\\/www.enoturismochile.cl\\\/constitution\\\/#\\\/schema\\\/logo\\\/image\\\/\"}}]}<\/script>\n<!-- \/ Yoast SEO plugin. -->","yoast_head_json":{"title":"Maridaje Perfecto - Enoturismo Chile","robots":{"index":"noindex","follow":"follow","max-snippet":"max-snippet:-1","max-image-preview":"max-image-preview:large","max-video-preview":"max-video-preview:-1"},"og_locale":"es_ES","og_type":"article","og_title":"Maridaje Perfecto - Enoturismo Chile","og_description":"[soliloquy slug=\u00bbmaridajeperfecto\u00bb] Valle de Casablanca Valle de Colchagua Valle de Curic\u00f3 Valle del Maipo Valle del Maule El vino se encuentra en el coraz\u00f3n del territorio, la historia y la gente de Chile. Un lugar de horizontes y emociones diversas, cercano y con una ruta del vino pionera, que permite recorrer con tranquilidad y placer [&hellip;]","og_url":"https:\/\/www.enoturismochile.cl\/constitution\/maridaje-perfecto\/","og_site_name":"Enoturismo Chile","twitter_card":"summary_large_image","twitter_misc":{"Tiempo de lectura":"1 minuto"},"schema":{"@context":"https:\/\/schema.org","@graph":[{"@type":"WebPage","@id":"https:\/\/www.enoturismochile.cl\/constitution\/maridaje-perfecto\/","url":"https:\/\/www.enoturismochile.cl\/constitution\/maridaje-perfecto\/","name":"Maridaje Perfecto - Enoturismo Chile","isPartOf":{"@id":"https:\/\/www.enoturismochile.cl\/constitution\/#website"},"datePublished":"2018-08-31T23:24:01+00:00","breadcrumb":{"@id":"https:\/\/www.enoturismochile.cl\/constitution\/maridaje-perfecto\/#breadcrumb"},"inLanguage":"es","potentialAction":[{"@type":"ReadAction","target":["https:\/\/www.enoturismochile.cl\/constitution\/maridaje-perfecto\/"]}]},{"@type":"BreadcrumbList","@id":"https:\/\/www.enoturismochile.cl\/constitution\/maridaje-perfecto\/#breadcrumb","itemListElement":[{"@type":"ListItem","position":1,"name":"Portada","item":"https:\/\/www.enoturismochile.cl\/constitution\/"},{"@type":"ListItem","position":2,"name":"Maridaje Perfecto"}]},{"@type":"WebSite","@id":"https:\/\/www.enoturismochile.cl\/constitution\/#website","url":"https:\/\/www.enoturismochile.cl\/constitution\/","name":"Enoturismo Chile","description":"","publisher":{"@id":"https:\/\/www.enoturismochile.cl\/constitution\/#organization"},"potentialAction":[{"@type":"SearchAction","target":{"@type":"EntryPoint","urlTemplate":"https:\/\/www.enoturismochile.cl\/constitution\/?s={search_term_string}"},"query-input":{"@type":"PropertyValueSpecification","valueRequired":true,"valueName":"search_term_string"}}],"inLanguage":"es"},{"@type":"Organization","@id":"https:\/\/www.enoturismochile.cl\/constitution\/#organization","name":"Enoturismo Chile","url":"https:\/\/www.enoturismochile.cl\/constitution\/","logo":{"@type":"ImageObject","inLanguage":"es","@id":"https:\/\/www.enoturismochile.cl\/constitution\/#\/schema\/logo\/image\/","url":"https:\/\/www.enoturismochile.cl\/constitution\/wp-content\/uploads\/2020\/07\/logo-et-2020.png","contentUrl":"https:\/\/www.enoturismochile.cl\/constitution\/wp-content\/uploads\/2020\/07\/logo-et-2020.png","width":300,"height":154,"caption":"Enoturismo Chile"},"image":{"@id":"https:\/\/www.enoturismochile.cl\/constitution\/#\/schema\/logo\/image\/"}}]}},"_links":{"self":[{"href":"https:\/\/www.enoturismochile.cl\/constitution\/wp-json\/wp\/v2\/pages\/1511","targetHints":{"allow":["GET"]}}],"collection":[{"href":"https:\/\/www.enoturismochile.cl\/constitution\/wp-json\/wp\/v2\/pages"}],"about":[{"href":"https:\/\/www.enoturismochile.cl\/constitution\/wp-json\/wp\/v2\/types\/page"}],"author":[{"embeddable":true,"href":"https:\/\/www.enoturismochile.cl\/constitution\/wp-json\/wp\/v2\/users\/2"}],"replies":[{"embeddable":true,"href":"https:\/\/www.enoturismochile.cl\/constitution\/wp-json\/wp\/v2\/comments?post=1511"}],"version-history":[{"count":0,"href":"https:\/\/www.enoturismochile.cl\/constitution\/wp-json\/wp\/v2\/pages\/1511\/revisions"}],"wp:attachment":[{"href":"https:\/\/www.enoturismochile.cl\/constitution\/wp-json\/wp\/v2\/media?parent=1511"}],"curies":[{"name":"wp","href":"https:\/\/api.w.org\/{rel}","templated":true}]}}