{"id":1580,"date":"2018-08-31T22:53:11","date_gmt":"2018-08-31T22:53:11","guid":{"rendered":"https:\/\/www.enoturismochile.cl\/?page_id=1580"},"modified":"2018-08-31T22:53:11","modified_gmt":"2018-08-31T22:53:11","slug":"maridajeperfecto-colchagua","status":"publish","type":"page","link":"https:\/\/www.enoturismochile.cl\/constitution\/maridaje-perfecto\/maridajeperfecto-colchagua\/","title":{"rendered":"Valle de Colchagua"},"content":{"rendered":"<div class=\"row no-gutters\">\n<figure class=\"figure col-6 col-sm-3\"><a href=\"https:\/\/www.enoturismochile.cl\/constitution\/maridaje-perfecto\/\"><img fetchpriority=\"high\" decoding=\"async\" class=\"figure-img img-fluid alignnone wp-image-1565 size-medium\" src=\"https:\/\/www.enoturismochile.cl\/constitution\/wp-content\/uploads\/2018\/08\/maridajeperfecto-300x300.jpg\" alt=\"\" width=\"300\" height=\"300\" srcset=\"https:\/\/www.enoturismochile.cl\/constitution\/wp-content\/uploads\/2018\/08\/maridajeperfecto-300x300.jpg 300w, https:\/\/www.enoturismochile.cl\/constitution\/wp-content\/uploads\/2018\/08\/maridajeperfecto-150x150.jpg 150w, https:\/\/www.enoturismochile.cl\/constitution\/wp-content\/uploads\/2018\/08\/maridajeperfecto-768x768.jpg 768w, https:\/\/www.enoturismochile.cl\/constitution\/wp-content\/uploads\/2018\/08\/maridajeperfecto-1024x1024.jpg 1024w, https:\/\/www.enoturismochile.cl\/constitution\/wp-content\/uploads\/2018\/08\/maridajeperfecto.jpg 1200w\" sizes=\"(max-width: 300px) 100vw, 300px\" \/><\/a><\/figure>\n<figure class=\"figure col-6 col-sm-3\"><img decoding=\"async\" class=\"figure-img img-fluid alignnone wp-image-1582 size-medium\" src=\"https:\/\/www.enoturismochile.cl\/constitution\/wp-content\/uploads\/2018\/08\/Colchagua-Amantes-del-Vino-300x300.jpg\" alt=\"\" width=\"300\" height=\"300\" srcset=\"https:\/\/www.enoturismochile.cl\/constitution\/wp-content\/uploads\/2018\/08\/Colchagua-Amantes-del-Vino-300x300.jpg 300w, https:\/\/www.enoturismochile.cl\/constitution\/wp-content\/uploads\/2018\/08\/Colchagua-Amantes-del-Vino-150x150.jpg 150w, https:\/\/www.enoturismochile.cl\/constitution\/wp-content\/uploads\/2018\/08\/Colchagua-Amantes-del-Vino-768x768.jpg 768w, https:\/\/www.enoturismochile.cl\/constitution\/wp-content\/uploads\/2018\/08\/Colchagua-Amantes-del-Vino-1024x1024.jpg 1024w, https:\/\/www.enoturismochile.cl\/constitution\/wp-content\/uploads\/2018\/08\/Colchagua-Amantes-del-Vino.jpg 1200w\" sizes=\"(max-width: 300px) 100vw, 300px\" \/><\/figure>\n<figure class=\"figure col-6 col-sm-3\"><img decoding=\"async\" class=\"figure-img img-fluid alignnone wp-image-1584 size-medium\" src=\"https:\/\/www.enoturismochile.cl\/constitution\/wp-content\/uploads\/2018\/08\/Colchagua-Parejas-Calidad-300x300.jpg\" alt=\"\" width=\"300\" height=\"300\" srcset=\"https:\/\/www.enoturismochile.cl\/constitution\/wp-content\/uploads\/2018\/08\/Colchagua-Parejas-Calidad-300x300.jpg 300w, https:\/\/www.enoturismochile.cl\/constitution\/wp-content\/uploads\/2018\/08\/Colchagua-Parejas-Calidad-150x150.jpg 150w, https:\/\/www.enoturismochile.cl\/constitution\/wp-content\/uploads\/2018\/08\/Colchagua-Parejas-Calidad-768x768.jpg 768w, https:\/\/www.enoturismochile.cl\/constitution\/wp-content\/uploads\/2018\/08\/Colchagua-Parejas-Calidad-1024x1024.jpg 1024w, https:\/\/www.enoturismochile.cl\/constitution\/wp-content\/uploads\/2018\/08\/Colchagua-Parejas-Calidad.jpg 1200w\" sizes=\"(max-width: 300px) 100vw, 300px\" \/><\/figure>\n<figure class=\"figure col-6 col-sm-3\"><img loading=\"lazy\" decoding=\"async\" class=\"alignnone size-medium wp-image-2153\" src=\"https:\/\/www.enoturismochile.cl\/constitution\/wp-content\/uploads\/2018\/11\/Colcagua-300x300.jpg\" alt=\"\" width=\"300\" height=\"300\" srcset=\"https:\/\/www.enoturismochile.cl\/constitution\/wp-content\/uploads\/2018\/11\/Colcagua-300x300.jpg 300w, https:\/\/www.enoturismochile.cl\/constitution\/wp-content\/uploads\/2018\/11\/Colcagua-150x150.jpg 150w, https:\/\/www.enoturismochile.cl\/constitution\/wp-content\/uploads\/2018\/11\/Colcagua-768x768.jpg 768w, https:\/\/www.enoturismochile.cl\/constitution\/wp-content\/uploads\/2018\/11\/Colcagua-1024x1024.jpg 1024w, https:\/\/www.enoturismochile.cl\/constitution\/wp-content\/uploads\/2018\/11\/Colcagua.jpg 1200w\" sizes=\"(max-width: 300px) 100vw, 300px\" \/><\/figure>\n<\/div>\n<div class=\"row\">\n<div class=\"col-md-6\">\n<p style=\"font-size: 1.1rem;\">El Valle de Colchagua es un pa\u00eds en s\u00ed mismo.<\/p>\n<p style=\"font-size: 1.1rem;\">Un lugar de horizontes y emociones diversas, cercano y con una ruta del vino pionera, que permite recorrer con tranquilidad y placer un paisaje que va del mar a la cordillera y disfrutar de sus modernos tintos de prestigio internacional.<\/p>\n<\/div>\n<div class=\"col-md-6\">\n<p style=\"font-size: 1.1rem;\">Una oportunidad para descubrir su gente y sus orgullosas tradiciones, experimentando el arte de vi\u00f1as que no le temen a la innovaci\u00f3n junto a una oferta gastron\u00f3mica de alto nivel.<\/p>\n<p style=\"font-size: 1.1rem;\">El Valle de Colchagua es un sello de calidad que garantiza a sus visitantes d\u00edas llenos de emociones, atardeceres \u00fanicos y veladas inolvidables.<\/p>\n<\/div>\n<\/div>\n<div class=\"row mt-4\">\n<div class=\"col-md-6\">\n<div class=\"media\">\n<p><img loading=\"lazy\" decoding=\"async\" class=\"align-self-start mr-3\" src=\"https:\/\/www.enoturismochile.cl\/constitution\/wp-content\/uploads\/2018\/10\/Direccion.png\" alt=\"\u00bfC\u00f3mo llegar?\" width=\"65\" height=\"64\" \/><\/p>\n<div class=\"media-body\">\n<h5 class=\"mt-0\">\u00bfC\u00f3mo llegar?<\/h5>\n<p>Auto \u2013 2 horas desde Santiago (150 km), tomando Autopista Central y luego Ruta 5 Sur, tomando el desv\u00edo hacia la ciudad de Santa Cruz.<\/p>\n<\/div>\n<\/div>\n<\/div>\n<div class=\"col-md-6\">\n<div class=\"media\">\n<p><img loading=\"lazy\" decoding=\"async\" class=\"align-self-start mr-3\" src=\"https:\/\/www.enoturismochile.cl\/constitution\/wp-content\/uploads\/2018\/10\/Hotel.png\" alt=\"Alojamientos\" width=\"65\" height=\"64\" \/><\/p>\n<div class=\"media-body\">\n<h5 class=\"mt-0\">Alojamientos<\/h5>\n<p><a href=\"http:\/\/www.hotelvinalaplaya.cl\/\" target=\"_blank\" rel=\"noopener noreferrer\">Hotel Vi\u00f1a La Playa<\/a>, <a href=\"http:\/\/www.posadacolchagua.com\/\" target=\"_blank\" rel=\"noopener noreferrer\">Posada Colchagua<\/a>, <a href=\"http:\/\/www.hotelsantacruzplaza.cl\/\" target=\"_blank\" rel=\"noopener noreferrer\">Hotel Santa Cruz Plaza<\/a>, <a href=\"http:\/\/www.noihotels.com\/hotel\/noi-blend\/default-es.html\" target=\"_blank\" rel=\"noopener noreferrer\">NOI Blend<\/a>, <a href=\"http:\/\/haciendahistorica.com\/\" target=\"_blank\" rel=\"noopener noreferrer\">Hacienda Hist\u00f3rica Marchigue<\/a>, <a href=\"http:\/\/www.loslingues.com\/\" target=\"_blank\" rel=\"noopener noreferrer\">Hacienda Los Lingues<\/a>, <a href=\"http:\/\/www.hostalcolchagua.cl\/\" target=\"_blank\" rel=\"noopener noreferrer\">Hostal Colchagua<\/a>, <a href=\"http:\/\/en.lapostollewines.com\/lapostolle-residence\/residence\/\" target=\"_blank\" rel=\"noopener noreferrer\">CLos Apalta Residence<\/a>, <a href=\"http:\/\/www.cavacolchagua.cl\" target=\"_blank\" rel=\"noopener noreferrer\">Cava Colchagua Hotel Boutique<\/a>, <a href=\"https:\/\/www.hotelcasadecampo.cl\/\" target=\"_blank\" rel=\"noopener noreferrer\">Hotel Casa de Campo<\/a>, <a href=\"http:\/\/www.casapando.cl\/\" target=\"_blank\" rel=\"noopener noreferrer\">Hotel Casa Pando<\/a>, <a href=\"http:\/\/www.laperlahotel.cl\" target=\"_blank\" rel=\"noopener noreferrer\">Hotel La Perla<\/a>, <a href=\"http:\/\/www.hostalcruzdelvalle.cl\/\" target=\"_blank\" rel=\"noopener noreferrer\">Hostal Cruz del Valle<\/a>, <a href=\"http:\/\/hostaldelvalle.cl\/\" target=\"_blank\" rel=\"noopener noreferrer\">Hostal Hotel del Valle<\/a>, <a href=\"http:\/\/www.terravina.cl\/\" target=\"_blank\" rel=\"noopener noreferrer\">Hotel Terra Vi\u00f1a<\/a>, <a href=\"http:\/\/www.casacalfu.cl\/en.php\" target=\"_blank\" rel=\"noopener noreferrer\">Casa Calcu Bed &amp; Brealfast, <\/a><a href=\"https:\/\/hotelhojadeparra.cl\" target=\"_blank\" rel=\"noopener noreferrer\">Hotel Hoja de Parra<\/a><\/p>\n<\/div>\n<\/div>\n<\/div>\n<div class=\"col-md-6\">\n<div class=\"media\">\n<p><img loading=\"lazy\" decoding=\"async\" class=\"align-self-start mr-3\" src=\"https:\/\/www.enoturismochile.cl\/constitution\/wp-content\/uploads\/2018\/10\/Vinas.png\" alt=\"Vi\u00f1as abiertas al turismo\" width=\"65\" height=\"64\" \/><\/p>\n<div class=\"media-body\">\n<h5 class=\"mt-0\">Vi\u00f1as abiertas al turismo<\/h5>\n<p><a href=\"http:\/\/www.casasilva.cl\/inicio\" target=\"_blank\" rel=\"noopener noreferrer\">Casa Silva<\/a>, <a href=\"http:\/\/www.santahelena.cl\/\" target=\"_blank\" rel=\"noopener noreferrer\">Santa Helena<\/a>, <a href=\"https:\/\/www.viumanent.cl\" target=\"_blank\" rel=\"noopener noreferrer\">Viu Manent<\/a>, <a href=\"http:\/\/www.lapostollewines.com\/\">Clos Apalta De Lapostolle<\/a>, <a href=\"http:\/\/monteswines.com\/es\/\" target=\"_blank\" rel=\"noopener noreferrer\">Montes<\/a>, <a href=\"http:\/\/neyen.cl\/\">Neyen<\/a>, <a href=\"https:\/\/www.facebook.com\/tienda.vinalaposada\" target=\"_blank\" rel=\"noopener noreferrer\">La Posada<\/a>, <a href=\"http:\/\/www.laurahartwig.cl\/\" target=\"_blank\" rel=\"noopener noreferrer\">Laura Hartwig<\/a>, <a href=\"http:\/\/www.vinasantacruz.cl\/\" target=\"_blank\" rel=\"noopener noreferrer\">Santa Cruz<\/a>, <a href=\"http:\/\/www.estampa.com\/\" target=\"_blank\" rel=\"noopener noreferrer\">Estampa<\/a>, <a href=\"https:\/\/montgras.cl\/en\/home\/\">Montgras<\/a>, <a href=\"https:\/\/www.caliterra.com\" target=\"_blank\" rel=\"noopener noreferrer\">Caliterra<\/a>, <a href=\"http:\/\/www.bisquertt.cl\/\" target=\"_blank\" rel=\"noopener noreferrer\">Bisquertt<\/a>, <a href=\"http:\/\/laplayawine.com\/\">La Playa<\/a>, <a href=\"https:\/\/www.francoislurton.cl\/\" target=\"_blank\" rel=\"noopener noreferrer\">Hacienda Araucano<\/a>, <a href=\"http:\/\/www.lafite.com\/es\/propiedades\/vina-los-vascos\/\" target=\"_blank\" rel=\"noopener noreferrer\">Los Vascos<\/a>.<\/p>\n<\/div>\n<\/div>\n<\/div>\n<div class=\"col-md-6\">\n<div class=\"media\">\n<p><img loading=\"lazy\" decoding=\"async\" class=\"align-self-start mr-3\" src=\"https:\/\/www.enoturismochile.cl\/constitution\/wp-content\/uploads\/2018\/10\/Restaurant.png\" alt=\"Restaurantes\" width=\"65\" height=\"64\" \/><\/p>\n<div class=\"media-body\">\n<h5 class=\"mt-0\">Restaurantes<\/h5>\n<p><a href=\"http:\/\/www.casasilva.cl\/restaurante.html\" target=\"_blank\" rel=\"noopener noreferrer\">Casa Silva<\/a>, <a href=\"http:\/\/viumanent.cl\/visitenos\/#gastronomia\" target=\"_blank\" rel=\"noopener noreferrer\">Rayuela<\/a>, <a href=\"http:\/\/viumanent.cl\/visitenos\/gastronomia\/#food-wine-studio\" target=\"_blank\" rel=\"noopener noreferrer\">Food &amp; Wine Studio<\/a>, <a href=\"http:\/\/es.lapostollewines.com\/lapostolle-residence\/culinary\/\" target=\"_blank\" rel=\"noopener noreferrer\">Lapostolle Residence<\/a>, <a href=\"https:\/\/www.monteswines.com\/es\/tour\" target=\"_blank\" rel=\"noopener noreferrer\">Fuegos de Apalta<\/a>, <a href=\"https:\/\/www.ristorantevinobello.com\/\" target=\"_blank\" rel=\"noopener noreferrer\">Ristorante Vino Bello<\/a>, <a href=\"https:\/\/www.hotelsantacruzplaza.cl\/es-es\/hotel1\/restaurante-los-varietales\" target=\"_blank\" rel=\"noopener noreferrer\">Los Varietales<\/a>, <a href=\"https:\/\/www.facebook.com\/pages\/Restorant-Etiqueta-Negra\/147047552063464\" target=\"_blank\" rel=\"noopener noreferrer\">Etiqueta Negra<\/a>, <a href=\"https:\/\/www.hotelsantacruzplaza.cl\/es-es\/hotel1\/bar-chaman\" target=\"_blank\" rel=\"noopener noreferrer\">Bar Cham\u00e1n<\/a>, <a href=\"http:\/\/www.clubsocialsantacruz.cl\/\" target=\"_blank\" rel=\"noopener noreferrer\">Club Uni\u00f3n Social (Santa Cruz)<\/a>, <a href=\"https:\/\/www.hotelvinalaplaya.cl\/es-es\/restaurant\" target=\"_blank\" rel=\"noopener noreferrer\">Restaurant Vi\u00f1a La Playa<\/a>, <a href=\"http:\/\/www.casacolchagua.cl\/\" target=\"_blank\" rel=\"noopener noreferrer\">Casa Colchagua<\/a>, <a href=\"http:\/\/www.lacasitadebarreales.cl\/nosotros.html\" target=\"_blank\" rel=\"noopener noreferrer\">La Casita de Barreales<\/a>, <a href=\"http:\/\/www.noihotels.com\/hotel\/noi-blend\/dining-es.html\" target=\"_blank\" rel=\"noopener noreferrer\">Restaurant Blend<\/a>, <a href=\"https:\/\/www.facebook.com\/posadadelasturiano\/\" target=\"_blank\" rel=\"noopener noreferrer\">La Posada del Asturiano<\/a>, <a href=\"http:\/\/www.panificadora.cl\/\" target=\"_blank\" rel=\"noopener noreferrer\">Panificadora Santa Cruz<\/a>, <a href=\"https:\/\/www.facebook.com\/deliciasdelololpage\/\" target=\"_blank\" rel=\"noopener noreferrer\">Delicias de Lolol<\/a>, <a href=\"https:\/\/www.visitcolchaguavalley.com\/restaurants\/la-famiglia-de-santis\/\" target=\"_blank\" rel=\"noopener noreferrer\">La Famiglia de Santis<\/a>, <a href=\"https:\/\/www.facebook.com\/Papers.brothers\/\" target=\"_blank\" rel=\"noopener noreferrer\">Paper\u2019s Brothers Beer<\/a>, <a href=\"https:\/\/vinonauta.cl\/\" target=\"_blank\" rel=\"noopener noreferrer\">Vinonauta (Boutique de vinos)<\/a>, <a href=\"https:\/\/www.facebook.com\/lavinogarage\" target=\"_blank\" rel=\"noopener noreferrer\">Vinogarage (Boutique de vinos)<\/a>.<\/p>\n<\/div>\n<\/div>\n<\/div>\n<\/div>\n","protected":false},"excerpt":{"rendered":"<p>El Valle de Colchagua es un pa\u00eds en s\u00ed mismo. Un lugar de horizontes y emociones diversas, cercano y con una ruta del vino pionera, que permite recorrer con tranquilidad y placer un paisaje que va del mar a la cordillera y disfrutar de sus modernos tintos de prestigio internacional. Una oportunidad para descubrir su [&hellip;]<\/p>\n","protected":false},"author":2,"featured_media":0,"parent":1511,"menu_order":0,"comment_status":"closed","ping_status":"closed","template":"","meta":{"footnotes":""},"class_list":["post-1580","page","type-page","status-publish","hentry"],"yoast_head":"<!-- This site is optimized with the Yoast SEO plugin v27.3 - https:\/\/yoast.com\/product\/yoast-seo-wordpress\/ -->\n<title>Valle de Colchagua - Enoturismo Chile<\/title>\n<meta name=\"robots\" content=\"noindex, follow, max-snippet:-1, max-image-preview:large, max-video-preview:-1\" \/>\n<meta property=\"og:locale\" content=\"es_ES\" \/>\n<meta property=\"og:type\" content=\"article\" \/>\n<meta property=\"og:title\" content=\"Valle de Colchagua - Enoturismo Chile\" \/>\n<meta property=\"og:description\" content=\"El Valle de Colchagua es un pa\u00eds en s\u00ed mismo. Un lugar de horizontes y emociones diversas, cercano y con una ruta del vino pionera, que permite recorrer con tranquilidad y placer un paisaje que va del mar a la cordillera y disfrutar de sus modernos tintos de prestigio internacional. Una oportunidad para descubrir su [&hellip;]\" \/>\n<meta property=\"og:url\" content=\"https:\/\/www.enoturismochile.cl\/constitution\/maridaje-perfecto\/maridajeperfecto-colchagua\/\" \/>\n<meta property=\"og:site_name\" content=\"Enoturismo Chile\" \/>\n<meta property=\"og:image\" content=\"https:\/\/www.enoturismochile.cl\/constitution\/wp-content\/uploads\/2018\/08\/maridajeperfecto-300x300.jpg\" \/>\n<meta name=\"twitter:card\" content=\"summary_large_image\" \/>\n<meta name=\"twitter:label1\" content=\"Tiempo de lectura\" \/>\n\t<meta name=\"twitter:data1\" content=\"1 minuto\" \/>\n<script type=\"application\/ld+json\" class=\"yoast-schema-graph\">{\"@context\":\"https:\\\/\\\/schema.org\",\"@graph\":[{\"@type\":\"WebPage\",\"@id\":\"https:\\\/\\\/www.enoturismochile.cl\\\/constitution\\\/maridaje-perfecto\\\/maridajeperfecto-colchagua\\\/\",\"url\":\"https:\\\/\\\/www.enoturismochile.cl\\\/constitution\\\/maridaje-perfecto\\\/maridajeperfecto-colchagua\\\/\",\"name\":\"Valle de Colchagua - Enoturismo Chile\",\"isPartOf\":{\"@id\":\"https:\\\/\\\/www.enoturismochile.cl\\\/constitution\\\/#website\"},\"primaryImageOfPage\":{\"@id\":\"https:\\\/\\\/www.enoturismochile.cl\\\/constitution\\\/maridaje-perfecto\\\/maridajeperfecto-colchagua\\\/#primaryimage\"},\"image\":{\"@id\":\"https:\\\/\\\/www.enoturismochile.cl\\\/constitution\\\/maridaje-perfecto\\\/maridajeperfecto-colchagua\\\/#primaryimage\"},\"thumbnailUrl\":\"https:\\\/\\\/www.enoturismochile.cl\\\/constitution\\\/wp-content\\\/uploads\\\/2018\\\/08\\\/maridajeperfecto-300x300.jpg\",\"datePublished\":\"2018-08-31T22:53:11+00:00\",\"breadcrumb\":{\"@id\":\"https:\\\/\\\/www.enoturismochile.cl\\\/constitution\\\/maridaje-perfecto\\\/maridajeperfecto-colchagua\\\/#breadcrumb\"},\"inLanguage\":\"es\",\"potentialAction\":[{\"@type\":\"ReadAction\",\"target\":[\"https:\\\/\\\/www.enoturismochile.cl\\\/constitution\\\/maridaje-perfecto\\\/maridajeperfecto-colchagua\\\/\"]}]},{\"@type\":\"ImageObject\",\"inLanguage\":\"es\",\"@id\":\"https:\\\/\\\/www.enoturismochile.cl\\\/constitution\\\/maridaje-perfecto\\\/maridajeperfecto-colchagua\\\/#primaryimage\",\"url\":\"https:\\\/\\\/www.enoturismochile.cl\\\/constitution\\\/wp-content\\\/uploads\\\/2018\\\/08\\\/maridajeperfecto.jpg\",\"contentUrl\":\"https:\\\/\\\/www.enoturismochile.cl\\\/constitution\\\/wp-content\\\/uploads\\\/2018\\\/08\\\/maridajeperfecto.jpg\",\"width\":1200,\"height\":1200},{\"@type\":\"BreadcrumbList\",\"@id\":\"https:\\\/\\\/www.enoturismochile.cl\\\/constitution\\\/maridaje-perfecto\\\/maridajeperfecto-colchagua\\\/#breadcrumb\",\"itemListElement\":[{\"@type\":\"ListItem\",\"position\":1,\"name\":\"Portada\",\"item\":\"https:\\\/\\\/www.enoturismochile.cl\\\/constitution\\\/\"},{\"@type\":\"ListItem\",\"position\":2,\"name\":\"Maridaje Perfecto\",\"item\":\"https:\\\/\\\/www.enoturismochile.cl\\\/constitution\\\/maridaje-perfecto\\\/\"},{\"@type\":\"ListItem\",\"position\":3,\"name\":\"Valle de Colchagua\"}]},{\"@type\":\"WebSite\",\"@id\":\"https:\\\/\\\/www.enoturismochile.cl\\\/constitution\\\/#website\",\"url\":\"https:\\\/\\\/www.enoturismochile.cl\\\/constitution\\\/\",\"name\":\"Enoturismo Chile\",\"description\":\"\",\"publisher\":{\"@id\":\"https:\\\/\\\/www.enoturismochile.cl\\\/constitution\\\/#organization\"},\"potentialAction\":[{\"@type\":\"SearchAction\",\"target\":{\"@type\":\"EntryPoint\",\"urlTemplate\":\"https:\\\/\\\/www.enoturismochile.cl\\\/constitution\\\/?s={search_term_string}\"},\"query-input\":{\"@type\":\"PropertyValueSpecification\",\"valueRequired\":true,\"valueName\":\"search_term_string\"}}],\"inLanguage\":\"es\"},{\"@type\":\"Organization\",\"@id\":\"https:\\\/\\\/www.enoturismochile.cl\\\/constitution\\\/#organization\",\"name\":\"Enoturismo Chile\",\"url\":\"https:\\\/\\\/www.enoturismochile.cl\\\/constitution\\\/\",\"logo\":{\"@type\":\"ImageObject\",\"inLanguage\":\"es\",\"@id\":\"https:\\\/\\\/www.enoturismochile.cl\\\/constitution\\\/#\\\/schema\\\/logo\\\/image\\\/\",\"url\":\"https:\\\/\\\/www.enoturismochile.cl\\\/constitution\\\/wp-content\\\/uploads\\\/2020\\\/07\\\/logo-et-2020.png\",\"contentUrl\":\"https:\\\/\\\/www.enoturismochile.cl\\\/constitution\\\/wp-content\\\/uploads\\\/2020\\\/07\\\/logo-et-2020.png\",\"width\":300,\"height\":154,\"caption\":\"Enoturismo Chile\"},\"image\":{\"@id\":\"https:\\\/\\\/www.enoturismochile.cl\\\/constitution\\\/#\\\/schema\\\/logo\\\/image\\\/\"}}]}<\/script>\n<!-- \/ Yoast SEO plugin. -->","yoast_head_json":{"title":"Valle de Colchagua - Enoturismo Chile","robots":{"index":"noindex","follow":"follow","max-snippet":"max-snippet:-1","max-image-preview":"max-image-preview:large","max-video-preview":"max-video-preview:-1"},"og_locale":"es_ES","og_type":"article","og_title":"Valle de Colchagua - Enoturismo Chile","og_description":"El Valle de Colchagua es un pa\u00eds en s\u00ed mismo. Un lugar de horizontes y emociones diversas, cercano y con una ruta del vino pionera, que permite recorrer con tranquilidad y placer un paisaje que va del mar a la cordillera y disfrutar de sus modernos tintos de prestigio internacional. Una oportunidad para descubrir su [&hellip;]","og_url":"https:\/\/www.enoturismochile.cl\/constitution\/maridaje-perfecto\/maridajeperfecto-colchagua\/","og_site_name":"Enoturismo Chile","og_image":[{"url":"https:\/\/www.enoturismochile.cl\/constitution\/wp-content\/uploads\/2018\/08\/maridajeperfecto-300x300.jpg","type":"","width":"","height":""}],"twitter_card":"summary_large_image","twitter_misc":{"Tiempo de lectura":"1 minuto"},"schema":{"@context":"https:\/\/schema.org","@graph":[{"@type":"WebPage","@id":"https:\/\/www.enoturismochile.cl\/constitution\/maridaje-perfecto\/maridajeperfecto-colchagua\/","url":"https:\/\/www.enoturismochile.cl\/constitution\/maridaje-perfecto\/maridajeperfecto-colchagua\/","name":"Valle de Colchagua - Enoturismo Chile","isPartOf":{"@id":"https:\/\/www.enoturismochile.cl\/constitution\/#website"},"primaryImageOfPage":{"@id":"https:\/\/www.enoturismochile.cl\/constitution\/maridaje-perfecto\/maridajeperfecto-colchagua\/#primaryimage"},"image":{"@id":"https:\/\/www.enoturismochile.cl\/constitution\/maridaje-perfecto\/maridajeperfecto-colchagua\/#primaryimage"},"thumbnailUrl":"https:\/\/www.enoturismochile.cl\/constitution\/wp-content\/uploads\/2018\/08\/maridajeperfecto-300x300.jpg","datePublished":"2018-08-31T22:53:11+00:00","breadcrumb":{"@id":"https:\/\/www.enoturismochile.cl\/constitution\/maridaje-perfecto\/maridajeperfecto-colchagua\/#breadcrumb"},"inLanguage":"es","potentialAction":[{"@type":"ReadAction","target":["https:\/\/www.enoturismochile.cl\/constitution\/maridaje-perfecto\/maridajeperfecto-colchagua\/"]}]},{"@type":"ImageObject","inLanguage":"es","@id":"https:\/\/www.enoturismochile.cl\/constitution\/maridaje-perfecto\/maridajeperfecto-colchagua\/#primaryimage","url":"https:\/\/www.enoturismochile.cl\/constitution\/wp-content\/uploads\/2018\/08\/maridajeperfecto.jpg","contentUrl":"https:\/\/www.enoturismochile.cl\/constitution\/wp-content\/uploads\/2018\/08\/maridajeperfecto.jpg","width":1200,"height":1200},{"@type":"BreadcrumbList","@id":"https:\/\/www.enoturismochile.cl\/constitution\/maridaje-perfecto\/maridajeperfecto-colchagua\/#breadcrumb","itemListElement":[{"@type":"ListItem","position":1,"name":"Portada","item":"https:\/\/www.enoturismochile.cl\/constitution\/"},{"@type":"ListItem","position":2,"name":"Maridaje Perfecto","item":"https:\/\/www.enoturismochile.cl\/constitution\/maridaje-perfecto\/"},{"@type":"ListItem","position":3,"name":"Valle de Colchagua"}]},{"@type":"WebSite","@id":"https:\/\/www.enoturismochile.cl\/constitution\/#website","url":"https:\/\/www.enoturismochile.cl\/constitution\/","name":"Enoturismo Chile","description":"","publisher":{"@id":"https:\/\/www.enoturismochile.cl\/constitution\/#organization"},"potentialAction":[{"@type":"SearchAction","target":{"@type":"EntryPoint","urlTemplate":"https:\/\/www.enoturismochile.cl\/constitution\/?s={search_term_string}"},"query-input":{"@type":"PropertyValueSpecification","valueRequired":true,"valueName":"search_term_string"}}],"inLanguage":"es"},{"@type":"Organization","@id":"https:\/\/www.enoturismochile.cl\/constitution\/#organization","name":"Enoturismo Chile","url":"https:\/\/www.enoturismochile.cl\/constitution\/","logo":{"@type":"ImageObject","inLanguage":"es","@id":"https:\/\/www.enoturismochile.cl\/constitution\/#\/schema\/logo\/image\/","url":"https:\/\/www.enoturismochile.cl\/constitution\/wp-content\/uploads\/2020\/07\/logo-et-2020.png","contentUrl":"https:\/\/www.enoturismochile.cl\/constitution\/wp-content\/uploads\/2020\/07\/logo-et-2020.png","width":300,"height":154,"caption":"Enoturismo Chile"},"image":{"@id":"https:\/\/www.enoturismochile.cl\/constitution\/#\/schema\/logo\/image\/"}}]}},"_links":{"self":[{"href":"https:\/\/www.enoturismochile.cl\/constitution\/wp-json\/wp\/v2\/pages\/1580","targetHints":{"allow":["GET"]}}],"collection":[{"href":"https:\/\/www.enoturismochile.cl\/constitution\/wp-json\/wp\/v2\/pages"}],"about":[{"href":"https:\/\/www.enoturismochile.cl\/constitution\/wp-json\/wp\/v2\/types\/page"}],"author":[{"embeddable":true,"href":"https:\/\/www.enoturismochile.cl\/constitution\/wp-json\/wp\/v2\/users\/2"}],"replies":[{"embeddable":true,"href":"https:\/\/www.enoturismochile.cl\/constitution\/wp-json\/wp\/v2\/comments?post=1580"}],"version-history":[{"count":0,"href":"https:\/\/www.enoturismochile.cl\/constitution\/wp-json\/wp\/v2\/pages\/1580\/revisions"}],"up":[{"embeddable":true,"href":"https:\/\/www.enoturismochile.cl\/constitution\/wp-json\/wp\/v2\/pages\/1511"}],"wp:attachment":[{"href":"https:\/\/www.enoturismochile.cl\/constitution\/wp-json\/wp\/v2\/media?parent=1580"}],"curies":[{"name":"wp","href":"https:\/\/api.w.org\/{rel}","templated":true}]}}