{"id":1586,"date":"2018-08-31T22:59:19","date_gmt":"2018-08-31T22:59:19","guid":{"rendered":"https:\/\/www.enoturismochile.cl\/?page_id=1586"},"modified":"2018-08-31T22:59:19","modified_gmt":"2018-08-31T22:59:19","slug":"maridajeperfecto-curico","status":"publish","type":"page","link":"https:\/\/www.enoturismochile.cl\/constitution\/maridaje-perfecto\/maridajeperfecto-curico\/","title":{"rendered":"Valle de Curic\u00f3"},"content":{"rendered":"<div class=\"row no-gutters\">\n<figure class=\"figure col-6 col-sm-3\"><a href=\"https:\/\/www.enoturismochile.cl\/constitution\/maridaje-perfecto\/\"><img fetchpriority=\"high\" decoding=\"async\" class=\"figure-img img-fluid alignnone wp-image-1565 size-medium\" src=\"https:\/\/www.enoturismochile.cl\/constitution\/wp-content\/uploads\/2018\/08\/maridajeperfecto-300x300.jpg\" alt=\"\" width=\"300\" height=\"300\" srcset=\"https:\/\/www.enoturismochile.cl\/constitution\/wp-content\/uploads\/2018\/08\/maridajeperfecto-300x300.jpg 300w, https:\/\/www.enoturismochile.cl\/constitution\/wp-content\/uploads\/2018\/08\/maridajeperfecto-150x150.jpg 150w, https:\/\/www.enoturismochile.cl\/constitution\/wp-content\/uploads\/2018\/08\/maridajeperfecto-768x768.jpg 768w, https:\/\/www.enoturismochile.cl\/constitution\/wp-content\/uploads\/2018\/08\/maridajeperfecto-1024x1024.jpg 1024w, https:\/\/www.enoturismochile.cl\/constitution\/wp-content\/uploads\/2018\/08\/maridajeperfecto.jpg 1200w\" sizes=\"(max-width: 300px) 100vw, 300px\" \/><\/a><\/figure>\n<figure class=\"figure col-6 col-sm-3\"><img decoding=\"async\" class=\"figure-img img-fluid alignnone wp-image-1588 size-medium\" src=\"https:\/\/www.enoturismochile.cl\/constitution\/wp-content\/uploads\/2018\/08\/Curico-Amigos-300x300.jpg\" alt=\"\" width=\"300\" height=\"300\" \/><\/figure>\n<figure class=\"figure col-6 col-sm-3\"><img decoding=\"async\" src=\"https:\/\/www.enoturismochile.cl\/constitution\/wp-content\/uploads\/2018\/11\/Curico01-300x300.jpg\" alt=\"\" width=\"300\" height=\"300\" class=\"alignnone size-medium wp-image-2148\" srcset=\"https:\/\/www.enoturismochile.cl\/constitution\/wp-content\/uploads\/2018\/11\/Curico01-300x300.jpg 300w, https:\/\/www.enoturismochile.cl\/constitution\/wp-content\/uploads\/2018\/11\/Curico01-150x150.jpg 150w, https:\/\/www.enoturismochile.cl\/constitution\/wp-content\/uploads\/2018\/11\/Curico01-768x768.jpg 768w, https:\/\/www.enoturismochile.cl\/constitution\/wp-content\/uploads\/2018\/11\/Curico01-1024x1024.jpg 1024w, https:\/\/www.enoturismochile.cl\/constitution\/wp-content\/uploads\/2018\/11\/Curico01.jpg 1200w\" sizes=\"(max-width: 300px) 100vw, 300px\" \/><\/figure>\n<figure class=\"figure col-6 col-sm-3\"><img loading=\"lazy\" decoding=\"async\" src=\"https:\/\/www.enoturismochile.cl\/constitution\/wp-content\/uploads\/2018\/11\/Curico02-300x300.jpg\" alt=\"\" width=\"300\" height=\"300\" class=\"alignnone size-medium wp-image-2150\" srcset=\"https:\/\/www.enoturismochile.cl\/constitution\/wp-content\/uploads\/2018\/11\/Curico02-300x300.jpg 300w, https:\/\/www.enoturismochile.cl\/constitution\/wp-content\/uploads\/2018\/11\/Curico02-150x150.jpg 150w, https:\/\/www.enoturismochile.cl\/constitution\/wp-content\/uploads\/2018\/11\/Curico02-768x768.jpg 768w, https:\/\/www.enoturismochile.cl\/constitution\/wp-content\/uploads\/2018\/11\/Curico02-1024x1024.jpg 1024w, https:\/\/www.enoturismochile.cl\/constitution\/wp-content\/uploads\/2018\/11\/Curico02.jpg 1200w\" sizes=\"(max-width: 300px) 100vw, 300px\" \/><\/figure>\n<\/div>\n<div class=\"row\">\n<div class=\"col-md-6\">\n<p style=\"font-size: 1.1rem;\">El Valle de Curic\u00f3 y su gente nos ofrecen la cara m\u00e1s alegre, vers\u00e1til y din\u00e1mica del campo y los vinos chilenos.<\/p>\n<p style=\"font-size: 1.1rem;\">Sus vi\u00f1edos familiares esperan a todos con los brazos abiertos para redescubrir un patrimonio aut\u00e9ntico de Chile, mientras disfrutamos de sorprendentes espumantes.<\/p>\n<\/div>\n<div class=\"col-md-6\">\n<p style=\"font-size: 1.1rem;\">Curic\u00f3 vuelve inolvidables el cari\u00f1o, la calidad y el placer que ofrece una cultura del vino festiva e innovadora se complementa con una gastronom\u00eda aut\u00e9ntica y las mejores vivencias de la tierra y su campo.<\/p>\n<\/div>\n<\/div>\n<div class=\"row mt-4\">\n<div class=\"col-md-6\">\n<div class=\"media\"><img loading=\"lazy\" decoding=\"async\" class=\"align-self-start mr-3\" src=\"https:\/\/www.enoturismochile.cl\/constitution\/wp-content\/uploads\/2018\/10\/Direccion.png\" alt=\"\u00bfC\u00f3mo llegar?\" width=\"65\" height=\"64\" \/><\/p>\n<div class=\"media-body\">\n<h5 class=\"mt-0\">\u00bfC\u00f3mo llegar?<\/h5>\n<p>Auto \u2013 2 horas y 30 minutos desde Santiago (190 km), tomando Autopista Central y luego Ruta 5 Sur, tomando el desv\u00edo hacia la ciudad de Curic\u00f3.<\/p>\n<\/div>\n<\/div>\n<\/div>\n<div class=\"col-md-6\">\n<div class=\"media\"><img loading=\"lazy\" decoding=\"async\" class=\"align-self-start mr-3\" src=\"https:\/\/www.enoturismochile.cl\/constitution\/wp-content\/uploads\/2018\/10\/Hotel.png\" alt=\"Alojamientos\" width=\"65\" height=\"64\" \/><\/p>\n<div class=\"media-body\">\n<h5 class=\"mt-0\">Alojamientos<\/h5>\n<p><a href=\"https:\/\/www.hotelboutiqueraices.cl\/\" target=\"_blank\" rel=\"noopener noreferrer\">Hotel Ra\u00edces<\/a>, <a href=\"https:\/\/www.villaeldescanso.com\/\" target=\"_blank\" rel=\"noopener noreferrer\">Hotel Villa El Descanso<\/a>, <a href=\"http:\/\/hotelcomercio.cl\/\" target=\"_blank\" rel=\"noopener noreferrer\">Hotel Comercio<\/a>, <a href=\"http:\/\/www.hostalcentro.cl\/\" target=\"_blank\" rel=\"noopener noreferrer\">Hostal Centro<\/a>, <a href=\"http:\/\/www.dahoteles.com\/es\/hoteles-diego-de-almagro\" target=\"_blank\" rel=\"noopener noreferrer\">Hotel Diego de Almagro <\/a>, <a href=\"http:\/\/www.haciendapolosanisidro.cl\/historia.html\" target=\"_blank\" rel=\"noopener noreferrer\">Hacienda de Polo San Isidro<\/a>, <a href=\"http:\/\/mapuyampay.cl\/\" target=\"_blank\" rel=\"noopener noreferrer\">Mapuyampay Lodge Gastron\u00f3mico<\/a>, <a href=\"https:\/\/www.migueltorres.cl\/\" target=\"_blank\" rel=\"noopener noreferrer\">Vi\u00f1a Miguel Torres<\/a>, <a href=\"https:\/\/www.radisson.com\/\" target=\"_blank\" rel=\"noopener noreferrer\">Radisson Curic\u00f3<\/a>.<\/p>\n<\/div>\n<\/div>\n<\/div>\n<div class=\"col-md-6\">\n<div class=\"media\"><img loading=\"lazy\" decoding=\"async\" class=\"align-self-start mr-3\" src=\"https:\/\/www.enoturismochile.cl\/constitution\/wp-content\/uploads\/2018\/10\/Vinas.png\" alt=\"Vi\u00f1as abiertas al turismo\" width=\"65\" height=\"64\" \/><\/p>\n<div class=\"media-body\">\n<h5 class=\"mt-0\">Vi\u00f1as abiertas al turismo<\/h5>\n<p><a href=\"https:\/\/vinedospuertas.cl\/\" target=\"_blank\" rel=\"noopener noreferrer\">Vi\u00f1edos Puertas<\/a>, <a href=\"http:\/\/www.laspitras.cl\/\" target=\"_blank\" rel=\"noopener noreferrer\">Vi\u00f1a Las Pitras<\/a>, <a href=\"http:\/\/www.echewine.com\/\" target=\"_blank\" rel=\"noopener noreferrer\">Vi\u00f1a Echeverr\u00eda<\/a>, <a href=\"https:\/\/www.migueltorres.cl\/\" target=\"_blank\" rel=\"noopener noreferrer\">Vi\u00f1a Miguel Torres<\/a>, <a href=\"https:\/\/www.millaman.cl\/\" target=\"_blank\" rel=\"noopener noreferrer\">Vi\u00f1a Millam\u00e1n<\/a>, <a href=\"http:\/\/www.sidrachile.com\/\" target=\"_blank\" rel=\"noopener noreferrer\">Vi\u00f1a Casa G\u00fcell<\/a>, <a href=\"http:\/\/www.vinosfolatre.cl\/\" target=\"_blank\" rel=\"noopener noreferrer\">Vinos Folatre<\/a>, <a href=\"http:\/\/www.korta.cl\/\" target=\"_blank\" rel=\"noopener noreferrer\">Vi\u00f1a Korta<\/a>, <a href=\"http:\/\/altacima.cl\/\" target=\"_blank\" rel=\"noopener noreferrer\">Vi\u00f1a Altacima<\/a>, <a href=\"http:\/\/www.sanpedro.cl\" target=\"_blank\" rel=\"noopener noreferrer\">Vi\u00f1a San Pedro<\/a>, <a href=\"https:\/\/www.facebook.com\/Casona-Vi%C3%B1a-Sampierdarena-278833405880967\/\" target=\"_blank\" rel=\"noopener noreferrer\">Vi\u00f1a Sampier<\/a>.<\/p>\n<\/div>\n<\/div>\n<\/div>\n<div class=\"col-md-6\">\n<div class=\"media\"><img loading=\"lazy\" decoding=\"async\" class=\"align-self-start mr-3\" src=\"https:\/\/www.enoturismochile.cl\/constitution\/wp-content\/uploads\/2018\/10\/Restaurant.png\" alt=\"Restaurantes\" width=\"65\" height=\"64\" \/><\/p>\n<div class=\"media-body\">\n<h5 class=\"mt-0\">Restaurantes<\/h5>\n<p><a href=\"https:\/\/web.facebook.com\/ando.nikkeichifa\/?_rdc=1&amp;_rdr\" target=\"_blank\" rel=\"noopener noreferrer\">And\u00f6 Nikkei<\/a>, <a href=\"https:\/\/web.facebook.com\/cascaismarisqueria\/?_rdc=1&amp;_rdr\" target=\"_blank\" rel=\"noopener noreferrer\">Cascais Marisquer\u00eda<\/a>, <a href=\"http:\/\/www.curico.club\/\" target=\"_blank\" rel=\"noopener noreferrer\">Emporio<\/a>, <a href=\"https:\/\/www.migueltorres.cl\/es\/visitenos\/\" target=\"_blank\" rel=\"noopener noreferrer\">Miguel Torres Restaurant<\/a>, <a href=\"https:\/\/www.facebook.com\/fuegobendito\/\" target=\"_blank\" rel=\"noopener noreferrer\">Fuego Bendito<\/a>.<\/p>\n<\/div>\n<\/div>\n<\/div>\n<\/div>\n","protected":false},"excerpt":{"rendered":"<p>El Valle de Curic\u00f3 y su gente nos ofrecen la cara m\u00e1s alegre, vers\u00e1til y din\u00e1mica del campo y los vinos chilenos. Sus vi\u00f1edos familiares esperan a todos con los brazos abiertos para redescubrir un patrimonio aut\u00e9ntico de Chile, mientras disfrutamos de sorprendentes espumantes. Curic\u00f3 vuelve inolvidables el cari\u00f1o, la calidad y el placer que [&hellip;]<\/p>\n","protected":false},"author":2,"featured_media":0,"parent":1511,"menu_order":0,"comment_status":"closed","ping_status":"closed","template":"","meta":{"footnotes":""},"class_list":["post-1586","page","type-page","status-publish","hentry"],"yoast_head":"<!-- This site is optimized with the Yoast SEO plugin v27.3 - https:\/\/yoast.com\/product\/yoast-seo-wordpress\/ -->\n<title>Valle de Curic\u00f3 - Enoturismo Chile<\/title>\n<meta name=\"robots\" content=\"noindex, follow, max-snippet:-1, max-image-preview:large, max-video-preview:-1\" \/>\n<meta property=\"og:locale\" content=\"es_ES\" \/>\n<meta property=\"og:type\" content=\"article\" \/>\n<meta property=\"og:title\" content=\"Valle de Curic\u00f3 - Enoturismo Chile\" \/>\n<meta property=\"og:description\" content=\"El Valle de Curic\u00f3 y su gente nos ofrecen la cara m\u00e1s alegre, vers\u00e1til y din\u00e1mica del campo y los vinos chilenos. Sus vi\u00f1edos familiares esperan a todos con los brazos abiertos para redescubrir un patrimonio aut\u00e9ntico de Chile, mientras disfrutamos de sorprendentes espumantes. Curic\u00f3 vuelve inolvidables el cari\u00f1o, la calidad y el placer que [&hellip;]\" \/>\n<meta property=\"og:url\" content=\"https:\/\/www.enoturismochile.cl\/constitution\/maridaje-perfecto\/maridajeperfecto-curico\/\" \/>\n<meta property=\"og:site_name\" content=\"Enoturismo Chile\" \/>\n<meta property=\"og:image\" content=\"https:\/\/www.enoturismochile.cl\/constitution\/wp-content\/uploads\/2018\/08\/maridajeperfecto-300x300.jpg\" \/>\n<meta name=\"twitter:card\" content=\"summary_large_image\" \/>\n<meta name=\"twitter:label1\" content=\"Tiempo de lectura\" \/>\n\t<meta name=\"twitter:data1\" content=\"1 minuto\" \/>\n<script type=\"application\/ld+json\" class=\"yoast-schema-graph\">{\"@context\":\"https:\\\/\\\/schema.org\",\"@graph\":[{\"@type\":\"WebPage\",\"@id\":\"https:\\\/\\\/www.enoturismochile.cl\\\/constitution\\\/maridaje-perfecto\\\/maridajeperfecto-curico\\\/\",\"url\":\"https:\\\/\\\/www.enoturismochile.cl\\\/constitution\\\/maridaje-perfecto\\\/maridajeperfecto-curico\\\/\",\"name\":\"Valle de Curic\u00f3 - Enoturismo Chile\",\"isPartOf\":{\"@id\":\"https:\\\/\\\/www.enoturismochile.cl\\\/constitution\\\/#website\"},\"primaryImageOfPage\":{\"@id\":\"https:\\\/\\\/www.enoturismochile.cl\\\/constitution\\\/maridaje-perfecto\\\/maridajeperfecto-curico\\\/#primaryimage\"},\"image\":{\"@id\":\"https:\\\/\\\/www.enoturismochile.cl\\\/constitution\\\/maridaje-perfecto\\\/maridajeperfecto-curico\\\/#primaryimage\"},\"thumbnailUrl\":\"https:\\\/\\\/www.enoturismochile.cl\\\/constitution\\\/wp-content\\\/uploads\\\/2018\\\/08\\\/maridajeperfecto-300x300.jpg\",\"datePublished\":\"2018-08-31T22:59:19+00:00\",\"breadcrumb\":{\"@id\":\"https:\\\/\\\/www.enoturismochile.cl\\\/constitution\\\/maridaje-perfecto\\\/maridajeperfecto-curico\\\/#breadcrumb\"},\"inLanguage\":\"es\",\"potentialAction\":[{\"@type\":\"ReadAction\",\"target\":[\"https:\\\/\\\/www.enoturismochile.cl\\\/constitution\\\/maridaje-perfecto\\\/maridajeperfecto-curico\\\/\"]}]},{\"@type\":\"ImageObject\",\"inLanguage\":\"es\",\"@id\":\"https:\\\/\\\/www.enoturismochile.cl\\\/constitution\\\/maridaje-perfecto\\\/maridajeperfecto-curico\\\/#primaryimage\",\"url\":\"https:\\\/\\\/www.enoturismochile.cl\\\/constitution\\\/wp-content\\\/uploads\\\/2018\\\/08\\\/maridajeperfecto.jpg\",\"contentUrl\":\"https:\\\/\\\/www.enoturismochile.cl\\\/constitution\\\/wp-content\\\/uploads\\\/2018\\\/08\\\/maridajeperfecto.jpg\",\"width\":1200,\"height\":1200},{\"@type\":\"BreadcrumbList\",\"@id\":\"https:\\\/\\\/www.enoturismochile.cl\\\/constitution\\\/maridaje-perfecto\\\/maridajeperfecto-curico\\\/#breadcrumb\",\"itemListElement\":[{\"@type\":\"ListItem\",\"position\":1,\"name\":\"Portada\",\"item\":\"https:\\\/\\\/www.enoturismochile.cl\\\/constitution\\\/\"},{\"@type\":\"ListItem\",\"position\":2,\"name\":\"Maridaje Perfecto\",\"item\":\"https:\\\/\\\/www.enoturismochile.cl\\\/constitution\\\/maridaje-perfecto\\\/\"},{\"@type\":\"ListItem\",\"position\":3,\"name\":\"Valle de Curic\u00f3\"}]},{\"@type\":\"WebSite\",\"@id\":\"https:\\\/\\\/www.enoturismochile.cl\\\/constitution\\\/#website\",\"url\":\"https:\\\/\\\/www.enoturismochile.cl\\\/constitution\\\/\",\"name\":\"Enoturismo Chile\",\"description\":\"\",\"publisher\":{\"@id\":\"https:\\\/\\\/www.enoturismochile.cl\\\/constitution\\\/#organization\"},\"potentialAction\":[{\"@type\":\"SearchAction\",\"target\":{\"@type\":\"EntryPoint\",\"urlTemplate\":\"https:\\\/\\\/www.enoturismochile.cl\\\/constitution\\\/?s={search_term_string}\"},\"query-input\":{\"@type\":\"PropertyValueSpecification\",\"valueRequired\":true,\"valueName\":\"search_term_string\"}}],\"inLanguage\":\"es\"},{\"@type\":\"Organization\",\"@id\":\"https:\\\/\\\/www.enoturismochile.cl\\\/constitution\\\/#organization\",\"name\":\"Enoturismo Chile\",\"url\":\"https:\\\/\\\/www.enoturismochile.cl\\\/constitution\\\/\",\"logo\":{\"@type\":\"ImageObject\",\"inLanguage\":\"es\",\"@id\":\"https:\\\/\\\/www.enoturismochile.cl\\\/constitution\\\/#\\\/schema\\\/logo\\\/image\\\/\",\"url\":\"https:\\\/\\\/www.enoturismochile.cl\\\/constitution\\\/wp-content\\\/uploads\\\/2020\\\/07\\\/logo-et-2020.png\",\"contentUrl\":\"https:\\\/\\\/www.enoturismochile.cl\\\/constitution\\\/wp-content\\\/uploads\\\/2020\\\/07\\\/logo-et-2020.png\",\"width\":300,\"height\":154,\"caption\":\"Enoturismo Chile\"},\"image\":{\"@id\":\"https:\\\/\\\/www.enoturismochile.cl\\\/constitution\\\/#\\\/schema\\\/logo\\\/image\\\/\"}}]}<\/script>\n<!-- \/ Yoast SEO plugin. -->","yoast_head_json":{"title":"Valle de Curic\u00f3 - Enoturismo Chile","robots":{"index":"noindex","follow":"follow","max-snippet":"max-snippet:-1","max-image-preview":"max-image-preview:large","max-video-preview":"max-video-preview:-1"},"og_locale":"es_ES","og_type":"article","og_title":"Valle de Curic\u00f3 - Enoturismo Chile","og_description":"El Valle de Curic\u00f3 y su gente nos ofrecen la cara m\u00e1s alegre, vers\u00e1til y din\u00e1mica del campo y los vinos chilenos. Sus vi\u00f1edos familiares esperan a todos con los brazos abiertos para redescubrir un patrimonio aut\u00e9ntico de Chile, mientras disfrutamos de sorprendentes espumantes. Curic\u00f3 vuelve inolvidables el cari\u00f1o, la calidad y el placer que [&hellip;]","og_url":"https:\/\/www.enoturismochile.cl\/constitution\/maridaje-perfecto\/maridajeperfecto-curico\/","og_site_name":"Enoturismo Chile","og_image":[{"url":"https:\/\/www.enoturismochile.cl\/constitution\/wp-content\/uploads\/2018\/08\/maridajeperfecto-300x300.jpg","type":"","width":"","height":""}],"twitter_card":"summary_large_image","twitter_misc":{"Tiempo de lectura":"1 minuto"},"schema":{"@context":"https:\/\/schema.org","@graph":[{"@type":"WebPage","@id":"https:\/\/www.enoturismochile.cl\/constitution\/maridaje-perfecto\/maridajeperfecto-curico\/","url":"https:\/\/www.enoturismochile.cl\/constitution\/maridaje-perfecto\/maridajeperfecto-curico\/","name":"Valle de Curic\u00f3 - Enoturismo Chile","isPartOf":{"@id":"https:\/\/www.enoturismochile.cl\/constitution\/#website"},"primaryImageOfPage":{"@id":"https:\/\/www.enoturismochile.cl\/constitution\/maridaje-perfecto\/maridajeperfecto-curico\/#primaryimage"},"image":{"@id":"https:\/\/www.enoturismochile.cl\/constitution\/maridaje-perfecto\/maridajeperfecto-curico\/#primaryimage"},"thumbnailUrl":"https:\/\/www.enoturismochile.cl\/constitution\/wp-content\/uploads\/2018\/08\/maridajeperfecto-300x300.jpg","datePublished":"2018-08-31T22:59:19+00:00","breadcrumb":{"@id":"https:\/\/www.enoturismochile.cl\/constitution\/maridaje-perfecto\/maridajeperfecto-curico\/#breadcrumb"},"inLanguage":"es","potentialAction":[{"@type":"ReadAction","target":["https:\/\/www.enoturismochile.cl\/constitution\/maridaje-perfecto\/maridajeperfecto-curico\/"]}]},{"@type":"ImageObject","inLanguage":"es","@id":"https:\/\/www.enoturismochile.cl\/constitution\/maridaje-perfecto\/maridajeperfecto-curico\/#primaryimage","url":"https:\/\/www.enoturismochile.cl\/constitution\/wp-content\/uploads\/2018\/08\/maridajeperfecto.jpg","contentUrl":"https:\/\/www.enoturismochile.cl\/constitution\/wp-content\/uploads\/2018\/08\/maridajeperfecto.jpg","width":1200,"height":1200},{"@type":"BreadcrumbList","@id":"https:\/\/www.enoturismochile.cl\/constitution\/maridaje-perfecto\/maridajeperfecto-curico\/#breadcrumb","itemListElement":[{"@type":"ListItem","position":1,"name":"Portada","item":"https:\/\/www.enoturismochile.cl\/constitution\/"},{"@type":"ListItem","position":2,"name":"Maridaje Perfecto","item":"https:\/\/www.enoturismochile.cl\/constitution\/maridaje-perfecto\/"},{"@type":"ListItem","position":3,"name":"Valle de Curic\u00f3"}]},{"@type":"WebSite","@id":"https:\/\/www.enoturismochile.cl\/constitution\/#website","url":"https:\/\/www.enoturismochile.cl\/constitution\/","name":"Enoturismo Chile","description":"","publisher":{"@id":"https:\/\/www.enoturismochile.cl\/constitution\/#organization"},"potentialAction":[{"@type":"SearchAction","target":{"@type":"EntryPoint","urlTemplate":"https:\/\/www.enoturismochile.cl\/constitution\/?s={search_term_string}"},"query-input":{"@type":"PropertyValueSpecification","valueRequired":true,"valueName":"search_term_string"}}],"inLanguage":"es"},{"@type":"Organization","@id":"https:\/\/www.enoturismochile.cl\/constitution\/#organization","name":"Enoturismo Chile","url":"https:\/\/www.enoturismochile.cl\/constitution\/","logo":{"@type":"ImageObject","inLanguage":"es","@id":"https:\/\/www.enoturismochile.cl\/constitution\/#\/schema\/logo\/image\/","url":"https:\/\/www.enoturismochile.cl\/constitution\/wp-content\/uploads\/2020\/07\/logo-et-2020.png","contentUrl":"https:\/\/www.enoturismochile.cl\/constitution\/wp-content\/uploads\/2020\/07\/logo-et-2020.png","width":300,"height":154,"caption":"Enoturismo Chile"},"image":{"@id":"https:\/\/www.enoturismochile.cl\/constitution\/#\/schema\/logo\/image\/"}}]}},"_links":{"self":[{"href":"https:\/\/www.enoturismochile.cl\/constitution\/wp-json\/wp\/v2\/pages\/1586","targetHints":{"allow":["GET"]}}],"collection":[{"href":"https:\/\/www.enoturismochile.cl\/constitution\/wp-json\/wp\/v2\/pages"}],"about":[{"href":"https:\/\/www.enoturismochile.cl\/constitution\/wp-json\/wp\/v2\/types\/page"}],"author":[{"embeddable":true,"href":"https:\/\/www.enoturismochile.cl\/constitution\/wp-json\/wp\/v2\/users\/2"}],"replies":[{"embeddable":true,"href":"https:\/\/www.enoturismochile.cl\/constitution\/wp-json\/wp\/v2\/comments?post=1586"}],"version-history":[{"count":0,"href":"https:\/\/www.enoturismochile.cl\/constitution\/wp-json\/wp\/v2\/pages\/1586\/revisions"}],"up":[{"embeddable":true,"href":"https:\/\/www.enoturismochile.cl\/constitution\/wp-json\/wp\/v2\/pages\/1511"}],"wp:attachment":[{"href":"https:\/\/www.enoturismochile.cl\/constitution\/wp-json\/wp\/v2\/media?parent=1586"}],"curies":[{"name":"wp","href":"https:\/\/api.w.org\/{rel}","templated":true}]}}