{"id":1592,"date":"2018-08-31T23:04:44","date_gmt":"2018-08-31T23:04:44","guid":{"rendered":"https:\/\/www.enoturismochile.cl\/?page_id=1592"},"modified":"2018-08-31T23:04:44","modified_gmt":"2018-08-31T23:04:44","slug":"maridajeperfecto-maipo","status":"publish","type":"page","link":"https:\/\/www.enoturismochile.cl\/constitution\/maridaje-perfecto\/maridajeperfecto-maipo\/","title":{"rendered":"Valle del Maipo"},"content":{"rendered":"<div class=\"row no-gutters\">\n<figure class=\"figure col-6 col-sm-3\"><a href=\"https:\/\/www.enoturismochile.cl\/constitution\/maridaje-perfecto\/\"><img fetchpriority=\"high\" decoding=\"async\" class=\"figure-img img-fluid alignnone wp-image-1565 size-medium\" src=\"https:\/\/www.enoturismochile.cl\/constitution\/wp-content\/uploads\/2018\/08\/maridajeperfecto-300x300.jpg\" alt=\"\" width=\"300\" height=\"300\" srcset=\"https:\/\/www.enoturismochile.cl\/constitution\/wp-content\/uploads\/2018\/08\/maridajeperfecto-300x300.jpg 300w, https:\/\/www.enoturismochile.cl\/constitution\/wp-content\/uploads\/2018\/08\/maridajeperfecto-150x150.jpg 150w, https:\/\/www.enoturismochile.cl\/constitution\/wp-content\/uploads\/2018\/08\/maridajeperfecto-768x768.jpg 768w, https:\/\/www.enoturismochile.cl\/constitution\/wp-content\/uploads\/2018\/08\/maridajeperfecto-1024x1024.jpg 1024w, https:\/\/www.enoturismochile.cl\/constitution\/wp-content\/uploads\/2018\/08\/maridajeperfecto.jpg 1200w\" sizes=\"(max-width: 300px) 100vw, 300px\" \/><\/a><\/figure>\n<figure class=\"figure col-6 col-sm-3\"><img decoding=\"async\" class=\"figure-img img-fluid alignnone wp-image-2120 size-medium\" src=\"https:\/\/www.enoturismochile.cl\/constitution\/wp-content\/uploads\/2018\/11\/Maipo-300x300.jpg\" alt=\"\" width=\"300\" height=\"300\" srcset=\"https:\/\/www.enoturismochile.cl\/constitution\/wp-content\/uploads\/2018\/11\/Maipo-300x300.jpg 300w, https:\/\/www.enoturismochile.cl\/constitution\/wp-content\/uploads\/2018\/11\/Maipo-150x150.jpg 150w, https:\/\/www.enoturismochile.cl\/constitution\/wp-content\/uploads\/2018\/11\/Maipo-768x768.jpg 768w, https:\/\/www.enoturismochile.cl\/constitution\/wp-content\/uploads\/2018\/11\/Maipo-1024x1024.jpg 1024w, https:\/\/www.enoturismochile.cl\/constitution\/wp-content\/uploads\/2018\/11\/Maipo.jpg 1200w\" sizes=\"(max-width: 300px) 100vw, 300px\" \/><\/figure>\n<figure class=\"figure col-6 col-sm-3\"><img decoding=\"async\" class=\"figure-img img-fluid alignnone wp-image-2122 size-medium\" src=\"https:\/\/www.enoturismochile.cl\/constitution\/wp-content\/uploads\/2018\/11\/Maipo2-300x300.jpg\" alt=\"\" width=\"300\" height=\"300\" srcset=\"https:\/\/www.enoturismochile.cl\/constitution\/wp-content\/uploads\/2018\/11\/Maipo2-300x300.jpg 300w, https:\/\/www.enoturismochile.cl\/constitution\/wp-content\/uploads\/2018\/11\/Maipo2-150x150.jpg 150w, https:\/\/www.enoturismochile.cl\/constitution\/wp-content\/uploads\/2018\/11\/Maipo2-768x768.jpg 768w, https:\/\/www.enoturismochile.cl\/constitution\/wp-content\/uploads\/2018\/11\/Maipo2-1024x1024.jpg 1024w, https:\/\/www.enoturismochile.cl\/constitution\/wp-content\/uploads\/2018\/11\/Maipo2.jpg 1200w\" sizes=\"(max-width: 300px) 100vw, 300px\" \/><\/figure>\n<figure class=\"figure col-6 col-sm-3\"><img loading=\"lazy\" decoding=\"async\" class=\"figure-img img-fluid alignnone wp-image-2121 size-medium\" src=\"https:\/\/www.enoturismochile.cl\/constitution\/wp-content\/uploads\/2018\/11\/Maipo3-300x300.jpg\" alt=\"\" width=\"300\" height=\"300\" srcset=\"https:\/\/www.enoturismochile.cl\/constitution\/wp-content\/uploads\/2018\/11\/Maipo3-300x300.jpg 300w, https:\/\/www.enoturismochile.cl\/constitution\/wp-content\/uploads\/2018\/11\/Maipo3-150x150.jpg 150w, https:\/\/www.enoturismochile.cl\/constitution\/wp-content\/uploads\/2018\/11\/Maipo3-768x768.jpg 768w, https:\/\/www.enoturismochile.cl\/constitution\/wp-content\/uploads\/2018\/11\/Maipo3-1024x1024.jpg 1024w, https:\/\/www.enoturismochile.cl\/constitution\/wp-content\/uploads\/2018\/11\/Maipo3.jpg 1200w\" sizes=\"(max-width: 300px) 100vw, 300px\" \/><\/figure>\n<\/div>\n<div class=\"row\">\n<div class=\"col-md-6\">\n<p style=\"font-size: 1.1rem;\">El Valle del Maipo es la zona vitivin\u00edcola m\u00e1s central y mejor conectada del pa\u00eds. En sus bodegas centenarias la historia converge con la modernidad y la ciudad encuentra una confortable pausa.<\/p>\n<p style=\"font-size: 1.1rem;\">Su geograf\u00eda de contrastes ofrece a sus visitantes la oportunidad de descubrir los vi\u00f1edos m\u00e1s tradicionales de Chile, sus tintos cl\u00e1sicos y sus vides enmarcadas por la majestuosa cordillera de los Andes, el sello de su identidad.<\/p>\n<\/div>\n<div class=\"col-md-6\">\n<p style=\"font-size: 1.1rem;\">Las cualidades de su tierra y de su clima permiten el desarrollo de las nobles cepas que le han dado prestigio al vino chileno en el mundo, mientras su entorno ofrece al turista la posibilidad de disfrutar de la m\u00e1s variada gama de experiencias, aventuras y emociones.<\/p>\n<\/div>\n<\/div>\n<div class=\"row mt-4\">\n<div class=\"col-md-6\">\n<div class=\"media\">\n<p><img loading=\"lazy\" decoding=\"async\" class=\"align-self-start mr-3\" src=\"https:\/\/www.enoturismochile.cl\/constitution\/wp-content\/uploads\/2018\/10\/Direccion.png\" alt=\"\u00bfC\u00f3mo llegar?\" width=\"65\" height=\"64\" \/><\/p>\n<div class=\"media-body\">\n<h5 class=\"mt-0\">\u00bfC\u00f3mo llegar?<\/h5>\n<p>Auto \u2013 Distintas direcciones con menos de una hora de traslado. Camino hacia Isla de Maipo; camino hacia Melipilla; camino hacia Huelqu\u00e9n; sector de Pe\u00f1alol\u00e9n, Pirque.<\/p>\n<\/div>\n<\/div>\n<\/div>\n<div class=\"col-md-6\">\n<div class=\"media\">\n<p><img loading=\"lazy\" decoding=\"async\" class=\"align-self-start mr-3\" src=\"https:\/\/www.enoturismochile.cl\/constitution\/wp-content\/uploads\/2018\/10\/Hotel.png\" alt=\"Alojamientos\" width=\"65\" height=\"64\" \/><\/p>\n<div class=\"media-body\">\n<h5 class=\"mt-0\">Alojamientos<\/h5>\n<p><a href=\"https:\/\/www.mandarinoriental.com\/santiago\/las-condes\/luxury-hotel\" target=\"_blank\" rel=\"noopener noreferrer\">Hotel Santiago<\/a>,\u00a0<a href=\"https:\/\/www.holidayinnexpress.cl\/hoteles-en-las-condes\/\" target=\"_blank\" rel=\"noopener noreferrer\">Holiday Inn Santiago<\/a>, <a href=\"https:\/\/www.holidayinn.cl\/hotel-aeropuerto-santiago\/\" target=\"_blank\" rel=\"noopener noreferrer\">Holiday Inn Santiago Aeropuerto-Terminal<\/a>, <a href=\"https:\/\/www.cityexpress.com\/es-cl\/express\/hoteles-chile\/santiago\/aeropuerto\" target=\"_blank\" rel=\"noopener noreferrer\">City Express Santiago Aeropuerto<\/a>, <a href=\"http:\/\/www.hiltonhotels.com\/es_XM\/chile\/hilton-garden-inn-santiago-airport\/\" target=\"_blank\" rel=\"noopener noreferrer\">Hilton Garden Inn Santiago Aeropuerto<\/a>, <a href=\"http:\/\/www.dahoteles.com\/es\/alojamiento\/hotel-diego-de-almagro-aeropuerto\" target=\"_blank\" rel=\"noopener noreferrer\">Diego de Almagro Santiago Aeropuerto<\/a>, <a href=\"http:\/\/www.starwoodhotels.com\/sheraton\/property\/overview\/index.html?propertyID=296&amp;language=es_ES\" target=\"_blank\" rel=\"noopener noreferrer\">Sheraton Santiago<\/a>, <a href=\"http:\/\/www.ritzcarlton.com\/en\/hotels\/santiago\" target=\"_blank\" rel=\"noopener noreferrer\">Ritz Carlton Santiago<\/a>, <a href=\"http:\/\/www.wsantiagohotel.com\/es\" target=\"_blank\" rel=\"noopener noreferrer\">W Santiago<\/a>, <a href=\"http:\/\/www.lastarriahotel.com\/\" target=\"_blank\" rel=\"noopener noreferrer\">Lastarria Boutique Hotel<\/a>, <a href=\"http:\/\/www.marriott.com\/hotels\/travel\/sclbr-renaissance-santiago-hotel\/?scid=bb1a189a-fec3-4d19-a255-54ba596febe2\" target=\"_blank\" rel=\"noopener noreferrer\">Renaissance Santiago<\/a>, <a href=\"http:\/\/www.lucianokhotel.com\/es\/inicio\/\" target=\"_blank\" rel=\"noopener noreferrer\">Luciano K<\/a>, <a href=\"https:\/\/thesingular.com\/hotel\/santiago\" target=\"_blank\" rel=\"noopener noreferrer\">The Singular Santiago<\/a>, <a href=\"https:\/\/www.cumbreslastarria.com\/\" target=\"_blank\" rel=\"noopener noreferrer\">Cumbres Lastarria<\/a>, <a href=\"http:\/\/ladera.cl\/\" target=\"_blank\" rel=\"noopener noreferrer\">Ladera<\/a>, <a href=\"http:\/\/www.noihotels.com\/hotel\/noi-vitacura\/default-es.html\" target=\"_blank\" rel=\"noopener noreferrer\">NOI Santiago<\/a>, <a href=\"https:\/\/hotelmagnolia.cl\/\">Hotel Magnolia<\/a>, <a href=\"http:\/\/www.castillorojohotel.com\/\" target=\"_blank\" rel=\"noopener noreferrer\">Castillo Rojo<\/a> <a href=\"http:\/\/www.orlyhotel.cl\/\" target=\"_blank\" rel=\"noopener noreferrer\">Orly Hotel &amp; Suites<\/a> <a href=\"https:\/\/theaubrey.com\/es\/\" target=\"_blank\" rel=\"noopener noreferrer\">The Aubrey<\/a>, <a href=\"http:\/\/www.lerevehotel.cl\/es\/\" target=\"_blank\" rel=\"noopener noreferrer\">Le Reve<\/a>, <a href=\"https:\/\/www.matildashotel.com\/es\/\" target=\"_blank\" rel=\"noopener noreferrer\">Matildas Hotel Boutique,<\/a>\u00a0<a href=\"https:\/\/www.tintoboutiquehotel.com\/es-es\" target=\"_blank\" rel=\"noopener noreferrer\">Tinto Boutique hotel<\/a>, <a href=\"https:\/\/sommelierboutique.cl\/\" target=\"_blank\" rel=\"noopener noreferrer\">Sommelier Boutique<\/a>, <a href=\"http:\/\/www.santarita.com\/chile\/hotel-casa-real\/\" target=\"_blank\" rel=\"noopener noreferrer\">Santa Rita Casa Real<\/a>.<\/p>\n<\/div>\n<\/div>\n<\/div>\n<div class=\"col-md-6\">\n<div class=\"media\">\n<p><img loading=\"lazy\" decoding=\"async\" class=\"align-self-start mr-3\" src=\"https:\/\/www.enoturismochile.cl\/constitution\/wp-content\/uploads\/2018\/10\/Vinas.png\" alt=\"Vi\u00f1as abiertas al turismo\" width=\"65\" height=\"64\" \/><\/p>\n<div class=\"media-body\">\n<h5 class=\"mt-0\">Vi\u00f1as abiertas al turismo<\/h5>\n<p><a href=\"http:\/\/aquitania.cl\/\" target=\"_blank\" rel=\"noopener noreferrer\">Aquitania<\/a>, <a href=\"http:\/\/cousinowinetour.cl\" target=\"_blank\" rel=\"noopener noreferrer\">Cousi\u00f1o-Macul<\/a>, <a href=\"http:\/\/santacarolina.cl\" target=\"_blank\" rel=\"noopener noreferrer\">Santa Carolina<\/a>, <a href=\"https:\/\/www.almavivawinery.com\/el-vino\/\" target=\"_blank\" rel=\"noopener noreferrer\">Almaviva<\/a>, <a href=\"http:\/\/conchaytoro.com\" target=\"_blank\" rel=\"noopener noreferrer\">Concha y Toro<\/a>, <a href=\"http:\/\/santa-alicia.cl\" target=\"_blank\" rel=\"noopener noreferrer\">Santa Alicia<\/a>, <a href=\"http:\/\/elprincipal.cl\" target=\"_blank\" rel=\"noopener noreferrer\">El Principal<\/a>, <a href=\"http:\/\/williamfevrechile.com\" target=\"_blank\" rel=\"noopener noreferrer\">William Fevre<\/a>, <a href=\"http:\/\/harasdepirque.com\" target=\"_blank\" rel=\"noopener noreferrer\">Haras de Pirque<\/a>, <a href=\"http:\/\/santarita.com\" target=\"_blank\" rel=\"noopener noreferrer\">Santa Rita<\/a>, <a href=\"http:\/\/portaldelalto.cl\" target=\"_blank\" rel=\"noopener noreferrer\">Portal del Alto <\/a>, <a href=\"http:\/\/paseodelvino.cl\" target=\"_blank\" rel=\"noopener noreferrer\">Paseo del Vino<\/a>, <a href=\"http:\/\/perezcruz.com\" target=\"_blank\" rel=\"noopener noreferrer\">Perez Cruz<\/a>, <a href=\"http:\/\/huelquen.com\">Huelquen<\/a>, <a href=\"http:\/\/vinalamontana.cl\" target=\"_blank\" rel=\"noopener noreferrer\">La Monta\u00f1a<\/a>, <a href=\"http:\/\/antiyal.com\">Antiyal<\/a>, <a href=\"http:\/\/odfjellvineyards.cl\" target=\"_blank\" rel=\"noopener noreferrer\">Odfjell<\/a>, <a href=\"http:\/\/undurraga.cl\" target=\"_blank\" rel=\"noopener noreferrer\">Undurraga<\/a>, <a href=\"http:\/\/santaema.cl\" target=\"_blank\" rel=\"noopener noreferrer\">Santa Ema<\/a>, <a href=\"http:\/\/terramater.cl\" target=\"_blank\" rel=\"noopener noreferrer\">Terramater<\/a>, <a href=\"http:\/\/demartino.cl\" target=\"_blank\" rel=\"noopener noreferrer\">De Martino<\/a>, <a href=\"http:\/\/tarapaca.cl\" target=\"_blank\" rel=\"noopener noreferrer\">Tarapaca<\/a>, <a href=\"http:\/\/chocalanwines.com\" target=\"_blank\" rel=\"noopener noreferrer\">Chocalan<\/a>, <a href=\"http:\/\/donajaviera.cl\" target=\"_blank\" rel=\"noopener noreferrer\">Do\u00f1a Javiera<\/a>, <a href=\"http:\/\/mirafloresdelmaipo.cl\" target=\"_blank\" rel=\"noopener noreferrer\">Miraflores<\/a>, <a href=\"http:\/\/rukumilla.com\" target=\"_blank\" rel=\"noopener noreferrer\">Rukumilla<\/a>.<\/p>\n<\/div>\n<\/div>\n<\/div>\n<div class=\"col-md-6\">\n<div class=\"media\">\n<p><img loading=\"lazy\" decoding=\"async\" class=\"align-self-start mr-3\" src=\"https:\/\/www.enoturismochile.cl\/constitution\/wp-content\/uploads\/2018\/10\/Restaurant.png\" alt=\"Restaurantes\" width=\"65\" height=\"64\" \/><\/p>\n<div class=\"media-body\">\n<h5 class=\"mt-0\">Restaurantes<\/h5>\n<p><a href=\"https:\/\/www.casonaalqueria.com\" target=\"_blank\" rel=\"noopener noreferrer\">Casona Alquer\u00eda<\/a>, <a href=\"http:\/\/www.lavaquitaecha.cl\" target=\"_blank\" rel=\"noopener noreferrer\">La Vaquita Ech\u00e1<\/a>, <a href=\"http:\/\/www.lavinocracia.com\" target=\"_blank\" rel=\"noopener noreferrer\">La Vinocracia<\/a>, <a href=\"https:\/\/www.borago.cl\" target=\"_blank\" rel=\"noopener noreferrer\">Borag\u00f3<\/a>, <a href=\"http:\/\/elterruno.cl\" target=\"_blank\" rel=\"noopener noreferrer\">Terru\u00f1o<\/a>, <a href=\"http:\/\/www.bocanariz.cl\" target=\"_blank\" rel=\"noopener noreferrer\">Bocanariz<\/a>, <a href=\"http:\/\/barrica94.cl\" target=\"_blank\" rel=\"noopener noreferrer\">Barrica 94<\/a>, <a href=\"http:\/\/www.lasmajadas.cl\" target=\"_blank\" rel=\"noopener noreferrer\">Las Majadas de Pirque<\/a>, <a href=\"http:\/\/www.3erpisorestaurante.cl\/\" target=\"_blank\" rel=\"noopener noreferrer\">3er Piso Restaurant<\/a>, <a href=\"https:\/\/www.elbaco.cl\" target=\"_blank\" rel=\"noopener noreferrer\">El Baco<\/a>, <a href=\"http:\/\/palaciodelvino.cl\/\" target=\"_blank\" rel=\"noopener noreferrer\">Palacio del Vino<\/a>, <a href=\"http:\/\/99restaurante.com\" target=\"_blank\" rel=\"noopener noreferrer\">99 Reataurante<\/a>, <a href=\"http:\/\/casabouchon.com\/\" target=\"_blank\" rel=\"noopener noreferrer\">Liguria<\/a>, <a href=\"http:\/\/castilloforestal.cl\" target=\"_blank\" rel=\"noopener noreferrer\">Castillo Forestal,\u00a0<\/a><a href=\"https:\/\/www.vinolia.cl\" target=\"_blank\" rel=\"noopener noreferrer\">Vinolia.<\/a><\/p>\n<\/div>\n<\/div>\n<\/div>\n<\/div>\n","protected":false},"excerpt":{"rendered":"<p>El Valle del Maipo es la zona vitivin\u00edcola m\u00e1s central y mejor conectada del pa\u00eds. En sus bodegas centenarias la historia converge con la modernidad y la ciudad encuentra una confortable pausa. Su geograf\u00eda de contrastes ofrece a sus visitantes la oportunidad de descubrir los vi\u00f1edos m\u00e1s tradicionales de Chile, sus tintos cl\u00e1sicos y sus [&hellip;]<\/p>\n","protected":false},"author":2,"featured_media":0,"parent":1511,"menu_order":0,"comment_status":"closed","ping_status":"closed","template":"","meta":{"footnotes":""},"class_list":["post-1592","page","type-page","status-publish","hentry"],"yoast_head":"<!-- This site is optimized with the Yoast SEO plugin v27.3 - https:\/\/yoast.com\/product\/yoast-seo-wordpress\/ -->\n<title>Valle del Maipo - Enoturismo Chile<\/title>\n<meta name=\"robots\" content=\"noindex, follow, max-snippet:-1, max-image-preview:large, max-video-preview:-1\" \/>\n<meta property=\"og:locale\" content=\"es_ES\" \/>\n<meta property=\"og:type\" content=\"article\" \/>\n<meta property=\"og:title\" content=\"Valle del Maipo - Enoturismo Chile\" \/>\n<meta property=\"og:description\" content=\"El Valle del Maipo es la zona vitivin\u00edcola m\u00e1s central y mejor conectada del pa\u00eds. En sus bodegas centenarias la historia converge con la modernidad y la ciudad encuentra una confortable pausa. Su geograf\u00eda de contrastes ofrece a sus visitantes la oportunidad de descubrir los vi\u00f1edos m\u00e1s tradicionales de Chile, sus tintos cl\u00e1sicos y sus [&hellip;]\" \/>\n<meta property=\"og:url\" content=\"https:\/\/www.enoturismochile.cl\/constitution\/maridaje-perfecto\/maridajeperfecto-maipo\/\" \/>\n<meta property=\"og:site_name\" content=\"Enoturismo Chile\" \/>\n<meta property=\"og:image\" content=\"https:\/\/www.enoturismochile.cl\/constitution\/wp-content\/uploads\/2018\/08\/maridajeperfecto-300x300.jpg\" \/>\n<meta name=\"twitter:card\" content=\"summary_large_image\" \/>\n<meta name=\"twitter:label1\" content=\"Tiempo de lectura\" \/>\n\t<meta name=\"twitter:data1\" content=\"2 minutos\" \/>\n<script type=\"application\/ld+json\" class=\"yoast-schema-graph\">{\"@context\":\"https:\\\/\\\/schema.org\",\"@graph\":[{\"@type\":\"WebPage\",\"@id\":\"https:\\\/\\\/www.enoturismochile.cl\\\/constitution\\\/maridaje-perfecto\\\/maridajeperfecto-maipo\\\/\",\"url\":\"https:\\\/\\\/www.enoturismochile.cl\\\/constitution\\\/maridaje-perfecto\\\/maridajeperfecto-maipo\\\/\",\"name\":\"Valle del Maipo - Enoturismo Chile\",\"isPartOf\":{\"@id\":\"https:\\\/\\\/www.enoturismochile.cl\\\/constitution\\\/#website\"},\"primaryImageOfPage\":{\"@id\":\"https:\\\/\\\/www.enoturismochile.cl\\\/constitution\\\/maridaje-perfecto\\\/maridajeperfecto-maipo\\\/#primaryimage\"},\"image\":{\"@id\":\"https:\\\/\\\/www.enoturismochile.cl\\\/constitution\\\/maridaje-perfecto\\\/maridajeperfecto-maipo\\\/#primaryimage\"},\"thumbnailUrl\":\"https:\\\/\\\/www.enoturismochile.cl\\\/constitution\\\/wp-content\\\/uploads\\\/2018\\\/08\\\/maridajeperfecto-300x300.jpg\",\"datePublished\":\"2018-08-31T23:04:44+00:00\",\"breadcrumb\":{\"@id\":\"https:\\\/\\\/www.enoturismochile.cl\\\/constitution\\\/maridaje-perfecto\\\/maridajeperfecto-maipo\\\/#breadcrumb\"},\"inLanguage\":\"es\",\"potentialAction\":[{\"@type\":\"ReadAction\",\"target\":[\"https:\\\/\\\/www.enoturismochile.cl\\\/constitution\\\/maridaje-perfecto\\\/maridajeperfecto-maipo\\\/\"]}]},{\"@type\":\"ImageObject\",\"inLanguage\":\"es\",\"@id\":\"https:\\\/\\\/www.enoturismochile.cl\\\/constitution\\\/maridaje-perfecto\\\/maridajeperfecto-maipo\\\/#primaryimage\",\"url\":\"https:\\\/\\\/www.enoturismochile.cl\\\/constitution\\\/wp-content\\\/uploads\\\/2018\\\/08\\\/maridajeperfecto.jpg\",\"contentUrl\":\"https:\\\/\\\/www.enoturismochile.cl\\\/constitution\\\/wp-content\\\/uploads\\\/2018\\\/08\\\/maridajeperfecto.jpg\",\"width\":1200,\"height\":1200},{\"@type\":\"BreadcrumbList\",\"@id\":\"https:\\\/\\\/www.enoturismochile.cl\\\/constitution\\\/maridaje-perfecto\\\/maridajeperfecto-maipo\\\/#breadcrumb\",\"itemListElement\":[{\"@type\":\"ListItem\",\"position\":1,\"name\":\"Portada\",\"item\":\"https:\\\/\\\/www.enoturismochile.cl\\\/constitution\\\/\"},{\"@type\":\"ListItem\",\"position\":2,\"name\":\"Maridaje Perfecto\",\"item\":\"https:\\\/\\\/www.enoturismochile.cl\\\/constitution\\\/maridaje-perfecto\\\/\"},{\"@type\":\"ListItem\",\"position\":3,\"name\":\"Valle del Maipo\"}]},{\"@type\":\"WebSite\",\"@id\":\"https:\\\/\\\/www.enoturismochile.cl\\\/constitution\\\/#website\",\"url\":\"https:\\\/\\\/www.enoturismochile.cl\\\/constitution\\\/\",\"name\":\"Enoturismo Chile\",\"description\":\"\",\"publisher\":{\"@id\":\"https:\\\/\\\/www.enoturismochile.cl\\\/constitution\\\/#organization\"},\"potentialAction\":[{\"@type\":\"SearchAction\",\"target\":{\"@type\":\"EntryPoint\",\"urlTemplate\":\"https:\\\/\\\/www.enoturismochile.cl\\\/constitution\\\/?s={search_term_string}\"},\"query-input\":{\"@type\":\"PropertyValueSpecification\",\"valueRequired\":true,\"valueName\":\"search_term_string\"}}],\"inLanguage\":\"es\"},{\"@type\":\"Organization\",\"@id\":\"https:\\\/\\\/www.enoturismochile.cl\\\/constitution\\\/#organization\",\"name\":\"Enoturismo Chile\",\"url\":\"https:\\\/\\\/www.enoturismochile.cl\\\/constitution\\\/\",\"logo\":{\"@type\":\"ImageObject\",\"inLanguage\":\"es\",\"@id\":\"https:\\\/\\\/www.enoturismochile.cl\\\/constitution\\\/#\\\/schema\\\/logo\\\/image\\\/\",\"url\":\"https:\\\/\\\/www.enoturismochile.cl\\\/constitution\\\/wp-content\\\/uploads\\\/2020\\\/07\\\/logo-et-2020.png\",\"contentUrl\":\"https:\\\/\\\/www.enoturismochile.cl\\\/constitution\\\/wp-content\\\/uploads\\\/2020\\\/07\\\/logo-et-2020.png\",\"width\":300,\"height\":154,\"caption\":\"Enoturismo Chile\"},\"image\":{\"@id\":\"https:\\\/\\\/www.enoturismochile.cl\\\/constitution\\\/#\\\/schema\\\/logo\\\/image\\\/\"}}]}<\/script>\n<!-- \/ Yoast SEO plugin. -->","yoast_head_json":{"title":"Valle del Maipo - Enoturismo Chile","robots":{"index":"noindex","follow":"follow","max-snippet":"max-snippet:-1","max-image-preview":"max-image-preview:large","max-video-preview":"max-video-preview:-1"},"og_locale":"es_ES","og_type":"article","og_title":"Valle del Maipo - Enoturismo Chile","og_description":"El Valle del Maipo es la zona vitivin\u00edcola m\u00e1s central y mejor conectada del pa\u00eds. En sus bodegas centenarias la historia converge con la modernidad y la ciudad encuentra una confortable pausa. Su geograf\u00eda de contrastes ofrece a sus visitantes la oportunidad de descubrir los vi\u00f1edos m\u00e1s tradicionales de Chile, sus tintos cl\u00e1sicos y sus [&hellip;]","og_url":"https:\/\/www.enoturismochile.cl\/constitution\/maridaje-perfecto\/maridajeperfecto-maipo\/","og_site_name":"Enoturismo Chile","og_image":[{"url":"https:\/\/www.enoturismochile.cl\/constitution\/wp-content\/uploads\/2018\/08\/maridajeperfecto-300x300.jpg","type":"","width":"","height":""}],"twitter_card":"summary_large_image","twitter_misc":{"Tiempo de lectura":"2 minutos"},"schema":{"@context":"https:\/\/schema.org","@graph":[{"@type":"WebPage","@id":"https:\/\/www.enoturismochile.cl\/constitution\/maridaje-perfecto\/maridajeperfecto-maipo\/","url":"https:\/\/www.enoturismochile.cl\/constitution\/maridaje-perfecto\/maridajeperfecto-maipo\/","name":"Valle del Maipo - Enoturismo Chile","isPartOf":{"@id":"https:\/\/www.enoturismochile.cl\/constitution\/#website"},"primaryImageOfPage":{"@id":"https:\/\/www.enoturismochile.cl\/constitution\/maridaje-perfecto\/maridajeperfecto-maipo\/#primaryimage"},"image":{"@id":"https:\/\/www.enoturismochile.cl\/constitution\/maridaje-perfecto\/maridajeperfecto-maipo\/#primaryimage"},"thumbnailUrl":"https:\/\/www.enoturismochile.cl\/constitution\/wp-content\/uploads\/2018\/08\/maridajeperfecto-300x300.jpg","datePublished":"2018-08-31T23:04:44+00:00","breadcrumb":{"@id":"https:\/\/www.enoturismochile.cl\/constitution\/maridaje-perfecto\/maridajeperfecto-maipo\/#breadcrumb"},"inLanguage":"es","potentialAction":[{"@type":"ReadAction","target":["https:\/\/www.enoturismochile.cl\/constitution\/maridaje-perfecto\/maridajeperfecto-maipo\/"]}]},{"@type":"ImageObject","inLanguage":"es","@id":"https:\/\/www.enoturismochile.cl\/constitution\/maridaje-perfecto\/maridajeperfecto-maipo\/#primaryimage","url":"https:\/\/www.enoturismochile.cl\/constitution\/wp-content\/uploads\/2018\/08\/maridajeperfecto.jpg","contentUrl":"https:\/\/www.enoturismochile.cl\/constitution\/wp-content\/uploads\/2018\/08\/maridajeperfecto.jpg","width":1200,"height":1200},{"@type":"BreadcrumbList","@id":"https:\/\/www.enoturismochile.cl\/constitution\/maridaje-perfecto\/maridajeperfecto-maipo\/#breadcrumb","itemListElement":[{"@type":"ListItem","position":1,"name":"Portada","item":"https:\/\/www.enoturismochile.cl\/constitution\/"},{"@type":"ListItem","position":2,"name":"Maridaje Perfecto","item":"https:\/\/www.enoturismochile.cl\/constitution\/maridaje-perfecto\/"},{"@type":"ListItem","position":3,"name":"Valle del Maipo"}]},{"@type":"WebSite","@id":"https:\/\/www.enoturismochile.cl\/constitution\/#website","url":"https:\/\/www.enoturismochile.cl\/constitution\/","name":"Enoturismo Chile","description":"","publisher":{"@id":"https:\/\/www.enoturismochile.cl\/constitution\/#organization"},"potentialAction":[{"@type":"SearchAction","target":{"@type":"EntryPoint","urlTemplate":"https:\/\/www.enoturismochile.cl\/constitution\/?s={search_term_string}"},"query-input":{"@type":"PropertyValueSpecification","valueRequired":true,"valueName":"search_term_string"}}],"inLanguage":"es"},{"@type":"Organization","@id":"https:\/\/www.enoturismochile.cl\/constitution\/#organization","name":"Enoturismo Chile","url":"https:\/\/www.enoturismochile.cl\/constitution\/","logo":{"@type":"ImageObject","inLanguage":"es","@id":"https:\/\/www.enoturismochile.cl\/constitution\/#\/schema\/logo\/image\/","url":"https:\/\/www.enoturismochile.cl\/constitution\/wp-content\/uploads\/2020\/07\/logo-et-2020.png","contentUrl":"https:\/\/www.enoturismochile.cl\/constitution\/wp-content\/uploads\/2020\/07\/logo-et-2020.png","width":300,"height":154,"caption":"Enoturismo Chile"},"image":{"@id":"https:\/\/www.enoturismochile.cl\/constitution\/#\/schema\/logo\/image\/"}}]}},"_links":{"self":[{"href":"https:\/\/www.enoturismochile.cl\/constitution\/wp-json\/wp\/v2\/pages\/1592","targetHints":{"allow":["GET"]}}],"collection":[{"href":"https:\/\/www.enoturismochile.cl\/constitution\/wp-json\/wp\/v2\/pages"}],"about":[{"href":"https:\/\/www.enoturismochile.cl\/constitution\/wp-json\/wp\/v2\/types\/page"}],"author":[{"embeddable":true,"href":"https:\/\/www.enoturismochile.cl\/constitution\/wp-json\/wp\/v2\/users\/2"}],"replies":[{"embeddable":true,"href":"https:\/\/www.enoturismochile.cl\/constitution\/wp-json\/wp\/v2\/comments?post=1592"}],"version-history":[{"count":0,"href":"https:\/\/www.enoturismochile.cl\/constitution\/wp-json\/wp\/v2\/pages\/1592\/revisions"}],"up":[{"embeddable":true,"href":"https:\/\/www.enoturismochile.cl\/constitution\/wp-json\/wp\/v2\/pages\/1511"}],"wp:attachment":[{"href":"https:\/\/www.enoturismochile.cl\/constitution\/wp-json\/wp\/v2\/media?parent=1592"}],"curies":[{"name":"wp","href":"https:\/\/api.w.org\/{rel}","templated":true}]}}