{"id":869,"date":"2018-05-17T15:17:58","date_gmt":"2018-05-17T15:17:58","guid":{"rendered":"https:\/\/www.enoturismochile.cl\/?page_id=869"},"modified":"2018-05-17T15:17:58","modified_gmt":"2018-05-17T15:17:58","slug":"desafios-del-enoturismo","status":"publish","type":"page","link":"https:\/\/www.enoturismochile.cl\/constitution\/desafios-del-enoturismo\/","title":{"rendered":"Desaf\u00edos del enoturismo"},"content":{"rendered":"<div class=\"contenido-bicolor\">\n<h1>Desaf\u00edos del enoturismo<\/h1>\n<h2>Brechas priorizadas<\/h2>\n<ol>\n<li>Falta de identidad del producto<\/li>\n<li>Escasa diversificaci\u00f3n y sofisticaci\u00f3n de la oferta enotur\u00edstica.<\/li>\n<li>Falta de se\u00f1al\u00e9tica y problemas de conectividad<\/li>\n<li>Bajo desarrollo y certificaci\u00f3n del capital humano asociado al sector<\/li>\n<li>Desconocimiento del perfil actual del enoturista<\/li>\n<li>Ausencia de estrategia de promoci\u00f3n y comercializaci\u00f3n Enoturismo<\/li>\n<li>Dificultades para la comercializaci\u00f3n<\/li>\n<li>Ausencia de un sistema de inteligencia de mercado<\/li>\n<li>Desconocimiento de la sustentabilidad aplicada al enoturismo.<\/li>\n<li>Bajos niveles de calidad y sustentabilidad en la oferta<\/li>\n<li>Bajo nivel de asociatividad del sector<\/li>\n<li>Falta de coordinaci\u00f3n p\u00fablico-privada y de sinergias interregionales<\/li>\n<\/ol>\n<\/div>\n<div class=\"contenido-bicolor\">\n<h2>Ejes de trabajo<\/h2>\n<p><strong>Integraci\u00f3n de Destinos Enotur\u00edsticos.<\/strong>\u00a0ENOTURISMO CHILE buscar\u00e1 el desarrollo de destinos enotur\u00edsticos integrados, sustentables, conectados y en red como entorno necesario para darle mayor competitividad a los productos enotur\u00edsticos y en consecuencia a las empresas que participan en la cadena de valor.<\/p>\n<p><strong>Diversificaci\u00f3n de Experiencias.<\/strong> Trabajar en el desarrollo de productos enotur\u00edsticos en torno a otras experiencias tur\u00edsticas y recursos espec\u00edficos de cada destino enotur\u00edstico, buscando mayor vinculaci\u00f3n con el territorio.<\/p>\n<p><strong>Mercado.<\/strong> Abordar el mercado en un entorno competitivo, globalizado, con turistas cada vez m\u00e1s informados y demandantes, hace necesario y urgente establecer alianzas de trabajo m\u00e1s eficientes de colaboraci\u00f3n p\u00fablico-privada, incrementando los esfuerzos en promoci\u00f3n, mejorar y ampliar los canales de comunicaci\u00f3n e implementar sistemas que permitan monitorear las opiniones, gustos y preferencias de los turistas actuales y potenciales, como a su vez, el impacto del programa en el sector.<\/p>\n<\/div>\n<div class=\"contenido-bicolor\">\n<h2>Hoja de Ruta<\/h2>\n<p style=\"text-align: center;\"><img fetchpriority=\"high\" decoding=\"async\" class=\"alignnone wp-image-1065 size-full\" src=\"https:\/\/www.enoturismochile.cl\/constitution\/wp-content\/uploads\/2018\/05\/hoja-ruta-web-final.png\" alt=\"\" width=\"800\" height=\"480\" srcset=\"https:\/\/www.enoturismochile.cl\/constitution\/wp-content\/uploads\/2018\/05\/hoja-ruta-web-final.png 800w, https:\/\/www.enoturismochile.cl\/constitution\/wp-content\/uploads\/2018\/05\/hoja-ruta-web-final-300x180.png 300w, https:\/\/www.enoturismochile.cl\/constitution\/wp-content\/uploads\/2018\/05\/hoja-ruta-web-final-768x461.png 768w\" sizes=\"(max-width: 800px) 100vw, 800px\" \/><\/p>\n<\/div>\n<div class=\"contenido-bicolor\">\n<h2>Principales iniciativas<\/h2>\n<p><strong>Desarrollo y gesti\u00f3n de productos enotur\u00edsticos para Chile <\/strong><\/p>\n<p>Elevar los niveles de innovaci\u00f3n, calidad y sofisticaci\u00f3n del producto enotur\u00edstico chileno como factor clave para elevar la competitividad y de mayor valor a\u00f1adido, aplicado a los 3 \u00e1mbitos que conforman la experiencia enotur\u00edstica. Algunas de las medidas a poner en marcha:<\/p>\n<ul>\n<li>Definici\u00f3n del Relato sobre Chile Pa\u00eds Vitivin\u00edcola y Enotur\u00edstico<\/li>\n<li>Planes de apoyo a la estructuraci\u00f3n, desarrollo y sofisticaci\u00f3n de productos enotur\u00edsticos<\/li>\n<li>Programas de apoyo a la creaci\u00f3n, fortalecimiento y consolidaci\u00f3n de empresas en el \u00e1mbito del enoturismo.<\/li>\n<li>Programa de atracci\u00f3n de inversiones a zonas o destinos enotur\u00edsticos<\/li>\n<\/ul>\n<p style=\"padding-left: 30px;\">Estado de Avance:<\/p>\n<ul class=\"estado\">\n<li>En Licitaci\u00f3n la Estrategia de posicionamiento del Enoturismo en Chile: con foco en el mercado nacional. Considera: la definici\u00f3n y estructuraci\u00f3n del relato base del enoturismo en Chile con elementos de diferenciaci\u00f3n por valle; Concepto creativo y plan de medios<\/li>\n<li>Desarrollo de talleres regionales en la macrozona para la definici\u00f3n de relatos a partir de elementos de diferenciaci\u00f3n territorial.<\/li>\n<\/ul>\n<p><strong>Plan maestro de infraestructura para el enoturismo<\/strong><\/p>\n<p>Trabajar en forma conjunta entre el MOP, GORES, Municipios y empresas del sector en un Plan de Infraestructura en apoyo al Enoturismo (rutas esc\u00e9nicas, se\u00f1al\u00e9tica, carreteras, etc.), para los valles en que se desarrolla, puedan ser reconocibles visualmente en su conjunto, por medio de una estandarizaci\u00f3n que los integre, respetando sus caracter\u00edsticas locales. Considera desarrollar algunas inversiones en el \u00e1mbito de la se\u00f1alizaci\u00f3n rural y urbana.<\/p>\n<p style=\"padding-left: 30px;\">Estado de Avance:<\/p>\n<ul class=\"estado\">\n<li>Incorporaci\u00f3n del Enoturismo como elemento de priorizaci\u00f3n para las inversiones p\u00fablicas en la macrozona del PEM.<\/li>\n<li>Acuerdo con SST, MOP y Equipo ejecutor, para an\u00e1lisis y priorizaci\u00f3n de cartera de proyectos MOP 30\/30, en base a las necesidades espec\u00edficas para el desarrollo de los valles enotur\u00edsticos. Este an\u00e1lisis ser\u00e1 validado y priorizado en los valles con los diferentes actores del sector. Plazos: agosto 2018.<\/li>\n<\/ul>\n<p><strong>Plan estrat\u00e9gico de marketing y comercializaci\u00f3n para enoturismo<\/strong><\/p>\n<p>Desarrollo de un plan de marketing y comercializaci\u00f3n, acompa\u00f1ado de sistema de comercializaci\u00f3n para el enoturismo, m\u00e1s eficiente y que sea capaz de integrar a cada uno de los actores de la cadena comercial a trav\u00e9s de un sistema que los integre desde sus diferentes roles y servicios. Entre las acciones a poner en marcha destacan:<\/p>\n<ul>\n<li>Plan de Marketing para Enoturismo tanto a nivel nacional como internacional, coordinado entre todas las entidades que intervienen<\/li>\n<li>Desarrollar un sistema tecnol\u00f3gico de inteligencia para la captura de informaci\u00f3n estrat\u00e9gica de la demanda y tendencias del mercado, que apoye a su vez, mediante distintas herramientas, la difusi\u00f3n y comercializaci\u00f3n.<\/li>\n<\/ul>\n<p style=\"padding-left: 30px;\">Estado de Avance:<\/p>\n<ul class=\"estado\">\n<li>Adjudicaci\u00f3n de Chile como sede del Congreso Mundial de Turismo Enol\u00f3gico de la OMT para el a\u00f1o 2019.<\/li>\n<li>Iniciado proceso de selecci\u00f3n del destino sede con participaci\u00f3n activa de todos los valles.<\/li>\n<li>Constituci\u00f3n del Comit\u00e9 Gestor de Promoci\u00f3n<\/li>\n<\/ul>\n<p><strong>Programa de apoyo a la sustentabilidad y calidad<\/strong><\/p>\n<p>La medida tiene como objetivos fundamentales:<\/p>\n<ul>\n<li>Incrementar los niveles de sustentabilidad en zonas vitivin\u00edcolas: Mejorar la eficiencia energ\u00e9tica y la sustentabilidad de las instalaciones enotur\u00edsticas para consolidar una oferta enotur\u00edstica sustentable de calidad; aumentar el n\u00famero de bodegas con sello de sustentabilidad, difundir y sociabilizar los beneficios de la sustentabilidad como la implementaci\u00f3n de buenas pr\u00e1cticas a trav\u00e9s de acuerdos de producci\u00f3n limpia.<\/li>\n<\/ul>\n<p style=\"padding-left: 30px;\">Estado de Avance:<\/p>\n<ul class=\"estado\">\n<li>Constituci\u00f3n del Comit\u00e9 Gestor de Sustentabilidad<\/li>\n<li>Compromiso formal por parte de Vinos de Chile y su Consorcio Tecnol\u00f3gico para desarrollar los est\u00e1ndares de Enoturismo como la cuarta \u00e1rea del C\u00f3d. de Sustentabilidad de Vinos de Chile.<\/li>\n<\/ul>\n<p><strong>Programa Sello Rutas del Vino Chile<\/strong><\/p>\n<p>Definir un sello con los requisitos que debe cumplir aquellos territorios que deseen contar con un reconocimiento como \u201cRuta del Vino\u201d, requisitos a que deber\u00edan ser incorporados por todas las rutas existentes, para acreditarse bajo esta denominaci\u00f3n.<\/p>\n<\/div>\n","protected":false},"excerpt":{"rendered":"<p>Desaf\u00edos del enoturismo Brechas priorizadas Falta de identidad del producto Escasa diversificaci\u00f3n y sofisticaci\u00f3n de la oferta enotur\u00edstica. Falta de se\u00f1al\u00e9tica y problemas de conectividad Bajo desarrollo y certificaci\u00f3n del capital humano asociado al sector Desconocimiento del perfil actual del enoturista Ausencia de estrategia de promoci\u00f3n y comercializaci\u00f3n Enoturismo Dificultades para la comercializaci\u00f3n Ausencia de [&hellip;]<\/p>\n","protected":false},"author":2,"featured_media":0,"parent":0,"menu_order":0,"comment_status":"closed","ping_status":"closed","template":"","meta":{"footnotes":""},"class_list":["post-869","page","type-page","status-publish","hentry"],"yoast_head":"<!-- This site is optimized with the Yoast SEO plugin v27.3 - https:\/\/yoast.com\/product\/yoast-seo-wordpress\/ -->\n<title>Desaf\u00edos del enoturismo - Enoturismo Chile<\/title>\n<meta name=\"robots\" content=\"noindex, follow, max-snippet:-1, max-image-preview:large, max-video-preview:-1\" \/>\n<meta property=\"og:locale\" content=\"es_ES\" \/>\n<meta property=\"og:type\" content=\"article\" \/>\n<meta property=\"og:title\" content=\"Desaf\u00edos del enoturismo - Enoturismo Chile\" \/>\n<meta property=\"og:description\" content=\"Desaf\u00edos del enoturismo Brechas priorizadas Falta de identidad del producto Escasa diversificaci\u00f3n y sofisticaci\u00f3n de la oferta enotur\u00edstica. Falta de se\u00f1al\u00e9tica y problemas de conectividad Bajo desarrollo y certificaci\u00f3n del capital humano asociado al sector Desconocimiento del perfil actual del enoturista Ausencia de estrategia de promoci\u00f3n y comercializaci\u00f3n Enoturismo Dificultades para la comercializaci\u00f3n Ausencia de [&hellip;]\" \/>\n<meta property=\"og:url\" content=\"https:\/\/www.enoturismochile.cl\/constitution\/desafios-del-enoturismo\/\" \/>\n<meta property=\"og:site_name\" content=\"Enoturismo Chile\" \/>\n<meta property=\"og:image\" content=\"https:\/\/www.enoturismochile.cl\/constitution\/wp-content\/uploads\/2018\/05\/hoja-ruta-web-final.png\" \/>\n<meta name=\"twitter:card\" content=\"summary_large_image\" \/>\n<meta name=\"twitter:label1\" content=\"Tiempo de lectura\" \/>\n\t<meta name=\"twitter:data1\" content=\"5 minutos\" \/>\n<script type=\"application\/ld+json\" class=\"yoast-schema-graph\">{\"@context\":\"https:\\\/\\\/schema.org\",\"@graph\":[{\"@type\":\"WebPage\",\"@id\":\"https:\\\/\\\/www.enoturismochile.cl\\\/constitution\\\/desafios-del-enoturismo\\\/\",\"url\":\"https:\\\/\\\/www.enoturismochile.cl\\\/constitution\\\/desafios-del-enoturismo\\\/\",\"name\":\"Desaf\u00edos del enoturismo - Enoturismo Chile\",\"isPartOf\":{\"@id\":\"https:\\\/\\\/www.enoturismochile.cl\\\/constitution\\\/#website\"},\"primaryImageOfPage\":{\"@id\":\"https:\\\/\\\/www.enoturismochile.cl\\\/constitution\\\/desafios-del-enoturismo\\\/#primaryimage\"},\"image\":{\"@id\":\"https:\\\/\\\/www.enoturismochile.cl\\\/constitution\\\/desafios-del-enoturismo\\\/#primaryimage\"},\"thumbnailUrl\":\"https:\\\/\\\/www.enoturismochile.cl\\\/constitution\\\/wp-content\\\/uploads\\\/2018\\\/05\\\/hoja-ruta-web-final.png\",\"datePublished\":\"2018-05-17T15:17:58+00:00\",\"breadcrumb\":{\"@id\":\"https:\\\/\\\/www.enoturismochile.cl\\\/constitution\\\/desafios-del-enoturismo\\\/#breadcrumb\"},\"inLanguage\":\"es\",\"potentialAction\":[{\"@type\":\"ReadAction\",\"target\":[\"https:\\\/\\\/www.enoturismochile.cl\\\/constitution\\\/desafios-del-enoturismo\\\/\"]}]},{\"@type\":\"ImageObject\",\"inLanguage\":\"es\",\"@id\":\"https:\\\/\\\/www.enoturismochile.cl\\\/constitution\\\/desafios-del-enoturismo\\\/#primaryimage\",\"url\":\"https:\\\/\\\/www.enoturismochile.cl\\\/constitution\\\/wp-content\\\/uploads\\\/2018\\\/05\\\/hoja-ruta-web-final.png\",\"contentUrl\":\"https:\\\/\\\/www.enoturismochile.cl\\\/constitution\\\/wp-content\\\/uploads\\\/2018\\\/05\\\/hoja-ruta-web-final.png\",\"width\":800,\"height\":480},{\"@type\":\"BreadcrumbList\",\"@id\":\"https:\\\/\\\/www.enoturismochile.cl\\\/constitution\\\/desafios-del-enoturismo\\\/#breadcrumb\",\"itemListElement\":[{\"@type\":\"ListItem\",\"position\":1,\"name\":\"Portada\",\"item\":\"https:\\\/\\\/www.enoturismochile.cl\\\/constitution\\\/\"},{\"@type\":\"ListItem\",\"position\":2,\"name\":\"Desaf\u00edos del enoturismo\"}]},{\"@type\":\"WebSite\",\"@id\":\"https:\\\/\\\/www.enoturismochile.cl\\\/constitution\\\/#website\",\"url\":\"https:\\\/\\\/www.enoturismochile.cl\\\/constitution\\\/\",\"name\":\"Enoturismo Chile\",\"description\":\"\",\"publisher\":{\"@id\":\"https:\\\/\\\/www.enoturismochile.cl\\\/constitution\\\/#organization\"},\"potentialAction\":[{\"@type\":\"SearchAction\",\"target\":{\"@type\":\"EntryPoint\",\"urlTemplate\":\"https:\\\/\\\/www.enoturismochile.cl\\\/constitution\\\/?s={search_term_string}\"},\"query-input\":{\"@type\":\"PropertyValueSpecification\",\"valueRequired\":true,\"valueName\":\"search_term_string\"}}],\"inLanguage\":\"es\"},{\"@type\":\"Organization\",\"@id\":\"https:\\\/\\\/www.enoturismochile.cl\\\/constitution\\\/#organization\",\"name\":\"Enoturismo Chile\",\"url\":\"https:\\\/\\\/www.enoturismochile.cl\\\/constitution\\\/\",\"logo\":{\"@type\":\"ImageObject\",\"inLanguage\":\"es\",\"@id\":\"https:\\\/\\\/www.enoturismochile.cl\\\/constitution\\\/#\\\/schema\\\/logo\\\/image\\\/\",\"url\":\"https:\\\/\\\/www.enoturismochile.cl\\\/constitution\\\/wp-content\\\/uploads\\\/2020\\\/07\\\/logo-et-2020.png\",\"contentUrl\":\"https:\\\/\\\/www.enoturismochile.cl\\\/constitution\\\/wp-content\\\/uploads\\\/2020\\\/07\\\/logo-et-2020.png\",\"width\":300,\"height\":154,\"caption\":\"Enoturismo Chile\"},\"image\":{\"@id\":\"https:\\\/\\\/www.enoturismochile.cl\\\/constitution\\\/#\\\/schema\\\/logo\\\/image\\\/\"}}]}<\/script>\n<!-- \/ Yoast SEO plugin. -->","yoast_head_json":{"title":"Desaf\u00edos del enoturismo - Enoturismo Chile","robots":{"index":"noindex","follow":"follow","max-snippet":"max-snippet:-1","max-image-preview":"max-image-preview:large","max-video-preview":"max-video-preview:-1"},"og_locale":"es_ES","og_type":"article","og_title":"Desaf\u00edos del enoturismo - Enoturismo Chile","og_description":"Desaf\u00edos del enoturismo Brechas priorizadas Falta de identidad del producto Escasa diversificaci\u00f3n y sofisticaci\u00f3n de la oferta enotur\u00edstica. Falta de se\u00f1al\u00e9tica y problemas de conectividad Bajo desarrollo y certificaci\u00f3n del capital humano asociado al sector Desconocimiento del perfil actual del enoturista Ausencia de estrategia de promoci\u00f3n y comercializaci\u00f3n Enoturismo Dificultades para la comercializaci\u00f3n Ausencia de [&hellip;]","og_url":"https:\/\/www.enoturismochile.cl\/constitution\/desafios-del-enoturismo\/","og_site_name":"Enoturismo Chile","og_image":[{"url":"https:\/\/www.enoturismochile.cl\/constitution\/wp-content\/uploads\/2018\/05\/hoja-ruta-web-final.png","type":"","width":"","height":""}],"twitter_card":"summary_large_image","twitter_misc":{"Tiempo de lectura":"5 minutos"},"schema":{"@context":"https:\/\/schema.org","@graph":[{"@type":"WebPage","@id":"https:\/\/www.enoturismochile.cl\/constitution\/desafios-del-enoturismo\/","url":"https:\/\/www.enoturismochile.cl\/constitution\/desafios-del-enoturismo\/","name":"Desaf\u00edos del enoturismo - Enoturismo Chile","isPartOf":{"@id":"https:\/\/www.enoturismochile.cl\/constitution\/#website"},"primaryImageOfPage":{"@id":"https:\/\/www.enoturismochile.cl\/constitution\/desafios-del-enoturismo\/#primaryimage"},"image":{"@id":"https:\/\/www.enoturismochile.cl\/constitution\/desafios-del-enoturismo\/#primaryimage"},"thumbnailUrl":"https:\/\/www.enoturismochile.cl\/constitution\/wp-content\/uploads\/2018\/05\/hoja-ruta-web-final.png","datePublished":"2018-05-17T15:17:58+00:00","breadcrumb":{"@id":"https:\/\/www.enoturismochile.cl\/constitution\/desafios-del-enoturismo\/#breadcrumb"},"inLanguage":"es","potentialAction":[{"@type":"ReadAction","target":["https:\/\/www.enoturismochile.cl\/constitution\/desafios-del-enoturismo\/"]}]},{"@type":"ImageObject","inLanguage":"es","@id":"https:\/\/www.enoturismochile.cl\/constitution\/desafios-del-enoturismo\/#primaryimage","url":"https:\/\/www.enoturismochile.cl\/constitution\/wp-content\/uploads\/2018\/05\/hoja-ruta-web-final.png","contentUrl":"https:\/\/www.enoturismochile.cl\/constitution\/wp-content\/uploads\/2018\/05\/hoja-ruta-web-final.png","width":800,"height":480},{"@type":"BreadcrumbList","@id":"https:\/\/www.enoturismochile.cl\/constitution\/desafios-del-enoturismo\/#breadcrumb","itemListElement":[{"@type":"ListItem","position":1,"name":"Portada","item":"https:\/\/www.enoturismochile.cl\/constitution\/"},{"@type":"ListItem","position":2,"name":"Desaf\u00edos del enoturismo"}]},{"@type":"WebSite","@id":"https:\/\/www.enoturismochile.cl\/constitution\/#website","url":"https:\/\/www.enoturismochile.cl\/constitution\/","name":"Enoturismo Chile","description":"","publisher":{"@id":"https:\/\/www.enoturismochile.cl\/constitution\/#organization"},"potentialAction":[{"@type":"SearchAction","target":{"@type":"EntryPoint","urlTemplate":"https:\/\/www.enoturismochile.cl\/constitution\/?s={search_term_string}"},"query-input":{"@type":"PropertyValueSpecification","valueRequired":true,"valueName":"search_term_string"}}],"inLanguage":"es"},{"@type":"Organization","@id":"https:\/\/www.enoturismochile.cl\/constitution\/#organization","name":"Enoturismo Chile","url":"https:\/\/www.enoturismochile.cl\/constitution\/","logo":{"@type":"ImageObject","inLanguage":"es","@id":"https:\/\/www.enoturismochile.cl\/constitution\/#\/schema\/logo\/image\/","url":"https:\/\/www.enoturismochile.cl\/constitution\/wp-content\/uploads\/2020\/07\/logo-et-2020.png","contentUrl":"https:\/\/www.enoturismochile.cl\/constitution\/wp-content\/uploads\/2020\/07\/logo-et-2020.png","width":300,"height":154,"caption":"Enoturismo Chile"},"image":{"@id":"https:\/\/www.enoturismochile.cl\/constitution\/#\/schema\/logo\/image\/"}}]}},"_links":{"self":[{"href":"https:\/\/www.enoturismochile.cl\/constitution\/wp-json\/wp\/v2\/pages\/869","targetHints":{"allow":["GET"]}}],"collection":[{"href":"https:\/\/www.enoturismochile.cl\/constitution\/wp-json\/wp\/v2\/pages"}],"about":[{"href":"https:\/\/www.enoturismochile.cl\/constitution\/wp-json\/wp\/v2\/types\/page"}],"author":[{"embeddable":true,"href":"https:\/\/www.enoturismochile.cl\/constitution\/wp-json\/wp\/v2\/users\/2"}],"replies":[{"embeddable":true,"href":"https:\/\/www.enoturismochile.cl\/constitution\/wp-json\/wp\/v2\/comments?post=869"}],"version-history":[{"count":0,"href":"https:\/\/www.enoturismochile.cl\/constitution\/wp-json\/wp\/v2\/pages\/869\/revisions"}],"wp:attachment":[{"href":"https:\/\/www.enoturismochile.cl\/constitution\/wp-json\/wp\/v2\/media?parent=869"}],"curies":[{"name":"wp","href":"https:\/\/api.w.org\/{rel}","templated":true}]}}