{"id":875,"date":"2018-05-17T23:41:11","date_gmt":"2018-05-18T02:41:11","guid":{"rendered":"https:\/\/www.enoturismochile.cl\/?page_id=875"},"modified":"2026-03-11T12:58:48","modified_gmt":"2026-03-11T15:58:48","slug":"agenda","status":"publish","type":"page","link":"https:\/\/www.enoturismochile.cl\/constitution\/agenda\/","title":{"rendered":"Agenda"},"content":{"rendered":"\t\t<div data-elementor-type=\"wp-page\" data-elementor-id=\"875\" class=\"elementor elementor-875\" data-elementor-post-type=\"page\">\n\t\t\t\t<div class=\"elementor-element elementor-element-d102b61 titulo-puntos e-flex e-con-boxed e-con e-parent\" data-id=\"d102b61\" data-element_type=\"container\" data-e-type=\"container\">\n\t\t\t\t\t<div class=\"e-con-inner\">\n\t\t\t\t<div class=\"elementor-element elementor-element-979391d elementor-widget__width-initial elementor-widget-tablet__width-inherit elementor-widget elementor-widget-text-editor\" data-id=\"979391d\" data-element_type=\"widget\" data-e-type=\"widget\" data-widget_type=\"text-editor.default\">\n\t\t\t\t\t\t\t\t\t<p>Descubre los panoramas y actividades que dan vida a los valles enotur\u00edsticos de Chile. Ent\u00e9rate de los mejores eventos desde fiestas costumbristas, vendimias, encuentros gastron\u00f3micos y culturales, hasta festivales y conciertos, y encu\u00e9ntralos seg\u00fan tipo de evento y fecha. Ampl\u00eda tu experiencia enotur\u00edstica y vive lo mejor de cada territorio.<\/p>\t\t\t\t\t\t\t\t<\/div>\n\t\t\t\t<div class=\"elementor-element elementor-element-1e99fb4c elementor-widget elementor-widget-text-editor\" data-id=\"1e99fb4c\" data-element_type=\"widget\" data-e-type=\"widget\" data-widget_type=\"text-editor.default\">\n\t\t\t\t\t\t\t\t\t<p><!-- EventON Calendar --><\/p>\n<div id='evcal_calendar_809' class='ajde_evcal_calendar sev cev color esty_2 etttc_custom ajax_loading_cal' data-cal=''>\n<div id='evcal_head' class='calendar_header ' >\n<div class='evo_cal_above evodfx evofx_dr_r marb5 evofx_ww'><button class='cal_head_btn evo-filter-btn' aria-label='evo-filter-btn'><em><\/em><\/button><button class='cal_head_btn evo-gototoday-btn' style='' data-mo='4' data-yr='2026' data-dy='' aria-label='evo-gototoday-btn'>Volver al mes actual<\/button><\/div>\n<div class='evo_cal_above_content'><\/div>\n<div class='evo_header_title '>\n<div class='evo_header_mo evodfx evofx_ai_c'>\n<div class='evo_loading_bar_holder h100 noMinH swipe' style=''>\n<div class='evo_loading_bar wid_80% hi_40px' style='width:80%; height:40px; '><\/div>\n<\/div>\n<\/div>\n<\/div>\n<\/div>\n<div class='evo_filter_bar evo_main_filter_bar eventon_sorting_section '>\n<div class='evo_filter_container evodfx evo_fx_ai_c'>\n<div class='evo_filter_container_in'>\n<div class='eventon_filter_line' >\n<div class='evo_loading_bar_holder h100 loading_filters swipe' style='min-height:30px;'>\n<div class='nesthold r g10'>\n<div class='evo_loading_bar wid_100% hi_30px' style='width:100%; height:30px; margin-bottom:1px;'><\/div>\n<div class='evo_loading_bar wid_100% hi_30px' style='width:100%; height:30px; margin-bottom:1px;'><\/div>\n<div class='evo_loading_bar wid_100% hi_30px' style='width:100%; height:30px; margin-bottom:1px;'><\/div>\n<div class='evo_loading_bar wid_100% hi_30px' style='width:100%; height:30px; margin-bottom:1px;'><\/div>\n<div class='evo_loading_bar wid_100% hi_30px' style='width:100%; height:30px; margin-bottom:1px;'><\/div>\n<\/div>\n<\/div>\n<\/div>\n<\/div>\n<div class='evo_filter_nav evo_filter_l'><i class='fa fa-chevron-left'><\/i><\/div>\n<div class='evo_filter_nav evo_filter_r'><i class='fa fa-chevron-right'><\/i><\/div>\n<\/div>\n<div class='evo_filter_aply_btns'><\/div>\n<div class='evo_filter_menu'><\/div>\n<\/div>\n<div id='eventon_loadbar_section'>\n<div id='eventon_loadbar'><\/div>\n<\/div>\n<p><!-- Events List --><\/p>\n<div class='evo_events_list_box'>\n<div id='evcal_list' class='eventon_events_list '>\n<div class='evo_loading_bar_holder h100 loading_e swipe' style=''>\n<div class='nest nest1 e'>\n<div class='nesthold r g10'>\n<div class='nest nest2 e1'>\n<div class='evo_loading_bar wid_100px hi_95px' style='width:100px; height:95px; '><\/div>\n<\/div>\n<div class='nest nest2 e2'>\n<div class='evo_loading_bar wid_50% hi_55px' style='width:50%; height:55px; '><\/div>\n<div class='evo_loading_bar wid_90% hi_30px' style='width:90%; height:30px; '><\/div>\n<\/div>\n<\/div>\n<\/div>\n<div class='nest nest1 e'>\n<div class='nesthold r g10'>\n<div class='nest nest2 e1'>\n<div class='evo_loading_bar wid_100px hi_95px' style='width:100px; height:95px; '><\/div>\n<\/div>\n<div class='nest nest2 e2'>\n<div class='evo_loading_bar wid_50% hi_55px' style='width:50%; height:55px; '><\/div>\n<div class='evo_loading_bar wid_90% hi_30px' style='width:90%; height:30px; '><\/div>\n<\/div>\n<\/div>\n<\/div>\n<div class='nest nest1 e'>\n<div class='nesthold r g10'>\n<div class='nest nest2 e1'>\n<div class='evo_loading_bar wid_100px hi_95px' style='width:100px; height:95px; '><\/div>\n<\/div>\n<div class='nest nest2 e2'>\n<div class='evo_loading_bar wid_50% hi_55px' style='width:50%; height:55px; '><\/div>\n<div class='evo_loading_bar wid_90% hi_30px' style='width:90%; height:30px; '><\/div>\n<\/div>\n<\/div>\n<\/div>\n<\/div><\/div>\n<\/p><\/div>\n<p><!-- evo_events_list_box -->\t<\/p>\n<div class='clear'><\/div>\n<div id='evcal_footer' class='evo_bottom' style='display:none'>\n<div class='evo_cal_data' data-sc=\"{&quot;accord&quot;:&quot;no&quot;,&quot;bottom_nav&quot;:&quot;no&quot;,&quot;cal_id&quot;:&quot;&quot;,&quot;cal_init_nonajax&quot;:&quot;no&quot;,&quot;calendar_type&quot;:&quot;default&quot;,&quot;currentuser&quot;:&quot;no&quot;,&quot;ep_fields&quot;:&quot;&quot;,&quot;etc_override&quot;:&quot;no&quot;,&quot;evc_open&quot;:&quot;no&quot;,&quot;event_count&quot;:0,&quot;event_location&quot;:&quot;all&quot;,&quot;event_order&quot;:&quot;ASC&quot;,&quot;event_organizer&quot;:&quot;all&quot;,&quot;event_parts&quot;:&quot;no&quot;,&quot;event_past_future&quot;:&quot;all&quot;,&quot;event_status&quot;:&quot;all&quot;,&quot;event_tag&quot;:&quot;all&quot;,&quot;event_type&quot;:&quot;all&quot;,&quot;event_type_2&quot;:&quot;all&quot;,&quot;event_users&quot;:&quot;all&quot;,&quot;event_virtual&quot;:&quot;all&quot;,&quot;eventtop_date_style&quot;:0,&quot;eventtop_style&quot;:&quot;2&quot;,&quot;exp_jumper&quot;:&quot;no&quot;,&quot;exp_so&quot;:&quot;no&quot;,&quot;filter_relationship&quot;:&quot;AND&quot;,&quot;filter_show_set_only&quot;:&quot;no&quot;,&quot;filter_style&quot;:&quot;default&quot;,&quot;filter_type&quot;:&quot;default&quot;,&quot;filters&quot;:&quot;yes&quot;,&quot;fixed_month&quot;:&quot;4&quot;,&quot;fixed_year&quot;:&quot;2026&quot;,&quot;focus_end_date_range&quot;:&quot;1777607999&quot;,&quot;focus_start_date_range&quot;:&quot;1775012400&quot;,&quot;ft_event_priority&quot;:&quot;no&quot;,&quot;hide_arrows&quot;:&quot;no&quot;,&quot;hide_cancels&quot;:&quot;no&quot;,&quot;hide_empty_months&quot;:&quot;no&quot;,&quot;hide_end_time&quot;:&quot;no&quot;,&quot;hide_et_dn&quot;:&quot;no&quot;,&quot;hide_et_extra&quot;:&quot;no&quot;,&quot;hide_et_tags&quot;:&quot;no&quot;,&quot;hide_et_tl&quot;:&quot;no&quot;,&quot;hide_ft&quot;:&quot;no&quot;,&quot;hide_ft_img&quot;:&quot;no&quot;,&quot;hide_month_headers&quot;:&quot;no&quot;,&quot;hide_mult_occur&quot;:&quot;no&quot;,&quot;hide_past&quot;:&quot;no&quot;,&quot;hide_past_by&quot;:&quot;ee&quot;,&quot;hide_so&quot;:&quot;no&quot;,&quot;ics&quot;:&quot;no&quot;,&quot;jumper&quot;:&quot;no&quot;,&quot;jumper_count&quot;:5,&quot;jumper_offset&quot;:&quot;0&quot;,&quot;lang&quot;:&quot;L1&quot;,&quot;layout_changer&quot;:&quot;no&quot;,&quot;livenow_bar&quot;:&quot;yes&quot;,&quot;mapformat&quot;:&quot;roadmap&quot;,&quot;mapiconurl&quot;:&quot;&quot;,&quot;maps_load&quot;:&quot;yes&quot;,&quot;mapscroll&quot;:&quot;true&quot;,&quot;mapzoom&quot;:&quot;14&quot;,&quot;members_only&quot;:&quot;no&quot;,&quot;ml_priority&quot;:&quot;no&quot;,&quot;ml_toend&quot;:&quot;no&quot;,&quot;month_incre&quot;:0,&quot;number_of_months&quot;:&quot;1&quot;,&quot;only_ft&quot;:&quot;no&quot;,&quot;pec&quot;:&quot;&quot;,&quot;s&quot;:&quot;&quot;,&quot;search&quot;:&quot;&quot;,&quot;search_all&quot;:&quot;no&quot;,&quot;sep_month&quot;:&quot;no&quot;,&quot;show_et_ft_img&quot;:&quot;yes&quot;,&quot;show_limit&quot;:&quot;no&quot;,&quot;show_limit_ajax&quot;:&quot;no&quot;,&quot;show_limit_paged&quot;:1,&quot;show_limit_redir&quot;:&quot;&quot;,&quot;show_repeats&quot;:&quot;no&quot;,&quot;show_search&quot;:&quot;no&quot;,&quot;show_upcoming&quot;:0,&quot;show_year&quot;:&quot;no&quot;,&quot;social_share&quot;:&quot;no&quot;,&quot;sort_by&quot;:&quot;sort_date&quot;,&quot;tile_bg&quot;:0,&quot;tile_bg_size&quot;:&quot;full&quot;,&quot;tile_count&quot;:2,&quot;tile_height&quot;:0,&quot;tile_style&quot;:0,&quot;tiles&quot;:&quot;no&quot;,&quot;users&quot;:&quot;all&quot;,&quot;ux_val&quot;:&quot;4&quot;,&quot;view_switcher&quot;:&quot;no&quot;,&quot;wpml_l1&quot;:&quot;&quot;,&quot;wpml_l2&quot;:&quot;&quot;,&quot;wpml_l3&quot;:&quot;&quot;,&quot;x_ids&quot;:&quot;&quot;,&quot;yl_priority&quot;:&quot;no&quot;,&quot;yl_toend&quot;:&quot;no&quot;,&quot;fixed_day&quot;:&quot;8&quot;,&quot;_cver&quot;:&quot;5.0.2&quot;}\" data-filter_data=\"{&quot;event_type&quot;:{&quot;__name&quot;:&quot;Tema&quot;,&quot;__tax&quot;:&quot;event_type&quot;,&quot;__filter_type&quot;:&quot;tax&quot;,&quot;__def_val&quot;:[&quot;all&quot;],&quot;__invals&quot;:[&quot;all&quot;],&quot;__notvals&quot;:[],&quot;__list&quot;:{&quot;all&quot;:[&quot;all&quot;,&quot;Todos&quot;],&quot;carnavales-y-celebraciones-populares&quot;:[520,&quot;Carnavales y Celebraciones Populares&quot;,false,&quot;y&quot;,&quot;&quot;],&quot;encuentros-culturales-y-artisticos&quot;:[521,&quot;Encuentros Culturales y Art\\u00edsticos&quot;,false,&quot;y&quot;,&quot;&quot;],&quot;ferias-productivas-y-artesanales&quot;:[522,&quot;Ferias Productivas y Artesanales&quot;,false,&quot;y&quot;,&quot;&quot;],&quot;festivales-del-vino-y-la-gastronomia&quot;:[519,&quot;Festivales del Vino y la Gastronom\\u00eda&quot;,false,&quot;y&quot;,&quot;&quot;],&quot;fiestas-costumbristas-y-tradicionales&quot;:[518,&quot;Fiestas Costumbristas y Tradicionales&quot;,false,&quot;y&quot;,&quot;&quot;],&quot;fiestas-de-la-vendimia&quot;:[517,&quot;Fiestas de la Vendimia&quot;,false,&quot;y&quot;,&quot;&quot;],&quot;rutas-patrimoniales-y-turisticas&quot;:[523,&quot;Rutas Patrimoniales y Tur\\u00edsticas&quot;,false,&quot;y&quot;,&quot;&quot;]},&quot;nterms&quot;:[&quot;all&quot;],&quot;tterms&quot;:[&quot;all&quot;],&quot;terms&quot;:[&quot;all&quot;]},&quot;event_type_2&quot;:{&quot;__name&quot;:&quot;Valle&quot;,&quot;__tax&quot;:&quot;event_type_2&quot;,&quot;__filter_type&quot;:&quot;tax&quot;,&quot;__def_val&quot;:[&quot;all&quot;],&quot;__invals&quot;:[&quot;all&quot;],&quot;__notvals&quot;:[],&quot;__list&quot;:{&quot;all&quot;:[&quot;all&quot;,&quot;Todos&quot;],&quot;valle-de-casablanca&quot;:[524,&quot;Valle de Casablanca&quot;,false,&quot;y&quot;,&quot;&quot;],&quot;valle-de-codpa&quot;:[525,&quot;Valle de Codpa&quot;,false,&quot;y&quot;,&quot;&quot;],&quot;valle-de-colchagua&quot;:[526,&quot;Valle de Colchagua&quot;,false,&quot;y&quot;,&quot;&quot;],&quot;valle-de-curico&quot;:[527,&quot;Valle de Curic\\u00f3&quot;,false,&quot;y&quot;,&quot;&quot;],&quot;valle-de-itata&quot;:[528,&quot;Valle de Itata&quot;,false,&quot;y&quot;,&quot;&quot;],&quot;valle-de-osorno&quot;:[529,&quot;Valle de Osorno&quot;,false,&quot;y&quot;,&quot;&quot;],&quot;valle-de-san-antonio-leyda&quot;:[530,&quot;Valle de San Antonio \\\/ Leyda&quot;,false,&quot;y&quot;,&quot;&quot;],&quot;valle-del-aconcagua&quot;:[531,&quot;Valle del Aconcagua&quot;,false,&quot;y&quot;,&quot;&quot;],&quot;valle-del-biobio&quot;:[532,&quot;Valle del B\\u00edobio&quot;,false,&quot;y&quot;,&quot;&quot;],&quot;valle-del-cachapoal&quot;:[533,&quot;Valle del Cachapoal&quot;,false,&quot;y&quot;,&quot;&quot;],&quot;valle-del-cautin&quot;:[534,&quot;Valle del Caut\\u00edn&quot;,false,&quot;y&quot;,&quot;&quot;],&quot;valle-del-choapa&quot;:[535,&quot;Valle del Choapa&quot;,false,&quot;y&quot;,&quot;&quot;],&quot;valle-del-elqui&quot;:[536,&quot;Valle del Elqui&quot;,false,&quot;y&quot;,&quot;&quot;],&quot;valle-del-huasco&quot;:[537,&quot;Valle del Huasco&quot;,false,&quot;y&quot;,&quot;&quot;],&quot;valle-del-jere&quot;:[538,&quot;Valle del Jere&quot;,false,&quot;y&quot;,&quot;&quot;],&quot;valle-del-limari&quot;:[547,&quot;Valle del Limar\\u00ed&quot;,false,&quot;y&quot;,&quot;&quot;],&quot;valle-del-maipo&quot;:[539,&quot;Valle del Maipo&quot;,false,&quot;y&quot;,&quot;&quot;],&quot;valle-del-malleco&quot;:[540,&quot;Valle del Malleco&quot;,false,&quot;y&quot;,&quot;&quot;],&quot;valle-del-maule&quot;:[541,&quot;Valle del Maule&quot;,false,&quot;y&quot;,&quot;&quot;],&quot;valle-del-tamarugal&quot;:[542,&quot;Valle del Tamarugal&quot;,false,&quot;y&quot;,&quot;&quot;]},&quot;nterms&quot;:[&quot;all&quot;],&quot;tterms&quot;:[&quot;all&quot;],&quot;terms&quot;:[&quot;all&quot;]}}\" data-nav_data=\"{&quot;month_title&quot;:&quot;&lt;p id=&#039;evcal_cur&#039; class=&#039;evo_month_title padr10&#039;&gt; abril, 2026&lt;\\\/p&gt;&quot;,&quot;arrows&quot;:&quot;&lt;p class=&#039;evo_arrows&#039;&gt;\\r\\n\\t\\t\\t\\t\\t&lt;button id=&#039;evcal_prev&#039; class=&#039;evcal_arrows evcal_btn_prev evodfx evofx_jc_c evofx_ai_c&#039; aria-label=&#039;Previous Month&#039;&gt;&lt;i class=&#039;fa fa-chevron-left&#039; aria-hidden=&#039;true&#039;&gt;&lt;\\\/i&gt;&lt;\\\/button&gt;\\r\\n\\t\\t\\t\\t\\t&lt;button id=&#039;evcal_next&#039; class=&#039;evcal_arrows evo_arrow_next evcal_btn_next evodfx evofx_jc_c evofx_ai_c&#039; aria-label=&#039;Next Month&#039;&gt;&lt;i class=&#039;fa fa-chevron-right&#039; aria-hidden=&#039;true&#039;&gt;&lt;\\\/i&gt;&lt;\\\/button&gt;\\r\\n\\t\\t\\t\\t\\t&lt;\\\/p&gt;&quot;}\" data-od=\"{&quot;lang_no_events&quot;:&quot;No hay eventos&quot;,&quot;cal_tz_offset&quot;:-240,&quot;cal_tz&quot;:&quot;America\\\/Santiago&quot;}\" ><\/div>\n<div class='evo_cal_events' data-events=\"\"><\/div>\n<\/p><\/div>\n<\/p><\/div>\n<p><!-- EventON End -->\n\t\t\t<\/p>\n\n<p>\u00a0<\/p>\n\t\t\t\t\t\t\t\t<\/div>\n\t\t\t\t\t<\/div>\n\t\t\t\t<\/div>\n\t\t\t\t<\/div>\n\t\t","protected":false},"excerpt":{"rendered":"<p>Descubre los panoramas y actividades que dan vida a los valles enotur\u00edsticos de Chile. Ent\u00e9rate de los mejores eventos desde fiestas costumbristas, vendimias, encuentros gastron\u00f3micos y culturales, hasta festivales y conciertos, y encu\u00e9ntralos seg\u00fan tipo de evento y fecha. Ampl\u00eda tu experiencia enotur\u00edstica y vive lo mejor de cada territorio. \u00a0<\/p>\n","protected":false},"author":2,"featured_media":0,"parent":0,"menu_order":0,"comment_status":"closed","ping_status":"closed","template":"","meta":{"footnotes":""},"class_list":["post-875","page","type-page","status-publish","hentry"],"yoast_head":"<!-- This site is optimized with the Yoast SEO plugin v27.3 - https:\/\/yoast.com\/product\/yoast-seo-wordpress\/ -->\n<title>Agenda - Enoturismo Chile<\/title>\n<meta name=\"robots\" content=\"noindex, follow, max-snippet:-1, max-image-preview:large, max-video-preview:-1\" \/>\n<meta property=\"og:locale\" content=\"es_ES\" \/>\n<meta property=\"og:type\" content=\"article\" \/>\n<meta property=\"og:title\" content=\"Agenda - Enoturismo Chile\" \/>\n<meta property=\"og:description\" content=\"Descubre los panoramas y actividades que dan vida a los valles enotur\u00edsticos de Chile. Ent\u00e9rate de los mejores eventos desde fiestas costumbristas, vendimias, encuentros gastron\u00f3micos y culturales, hasta festivales y conciertos, y encu\u00e9ntralos seg\u00fan tipo de evento y fecha. Ampl\u00eda tu experiencia enotur\u00edstica y vive lo mejor de cada territorio. \u00a0\" \/>\n<meta property=\"og:url\" content=\"https:\/\/www.enoturismochile.cl\/constitution\/agenda\/\" \/>\n<meta property=\"og:site_name\" content=\"Enoturismo Chile\" \/>\n<meta property=\"article:modified_time\" content=\"2026-03-11T15:58:48+00:00\" \/>\n<meta name=\"twitter:card\" content=\"summary_large_image\" \/>\n<meta name=\"twitter:label1\" content=\"Tiempo de lectura\" \/>\n\t<meta name=\"twitter:data1\" content=\"1 minuto\" \/>\n<script type=\"application\/ld+json\" class=\"yoast-schema-graph\">{\"@context\":\"https:\\\/\\\/schema.org\",\"@graph\":[{\"@type\":\"WebPage\",\"@id\":\"https:\\\/\\\/www.enoturismochile.cl\\\/constitution\\\/agenda\\\/\",\"url\":\"https:\\\/\\\/www.enoturismochile.cl\\\/constitution\\\/agenda\\\/\",\"name\":\"Agenda - Enoturismo Chile\",\"isPartOf\":{\"@id\":\"https:\\\/\\\/www.enoturismochile.cl\\\/constitution\\\/#website\"},\"datePublished\":\"2018-05-18T02:41:11+00:00\",\"dateModified\":\"2026-03-11T15:58:48+00:00\",\"breadcrumb\":{\"@id\":\"https:\\\/\\\/www.enoturismochile.cl\\\/constitution\\\/agenda\\\/#breadcrumb\"},\"inLanguage\":\"es\",\"potentialAction\":[{\"@type\":\"ReadAction\",\"target\":[\"https:\\\/\\\/www.enoturismochile.cl\\\/constitution\\\/agenda\\\/\"]}]},{\"@type\":\"BreadcrumbList\",\"@id\":\"https:\\\/\\\/www.enoturismochile.cl\\\/constitution\\\/agenda\\\/#breadcrumb\",\"itemListElement\":[{\"@type\":\"ListItem\",\"position\":1,\"name\":\"Portada\",\"item\":\"https:\\\/\\\/www.enoturismochile.cl\\\/constitution\\\/\"},{\"@type\":\"ListItem\",\"position\":2,\"name\":\"Agenda\"}]},{\"@type\":\"WebSite\",\"@id\":\"https:\\\/\\\/www.enoturismochile.cl\\\/constitution\\\/#website\",\"url\":\"https:\\\/\\\/www.enoturismochile.cl\\\/constitution\\\/\",\"name\":\"Enoturismo Chile\",\"description\":\"\",\"publisher\":{\"@id\":\"https:\\\/\\\/www.enoturismochile.cl\\\/constitution\\\/#organization\"},\"potentialAction\":[{\"@type\":\"SearchAction\",\"target\":{\"@type\":\"EntryPoint\",\"urlTemplate\":\"https:\\\/\\\/www.enoturismochile.cl\\\/constitution\\\/?s={search_term_string}\"},\"query-input\":{\"@type\":\"PropertyValueSpecification\",\"valueRequired\":true,\"valueName\":\"search_term_string\"}}],\"inLanguage\":\"es\"},{\"@type\":\"Organization\",\"@id\":\"https:\\\/\\\/www.enoturismochile.cl\\\/constitution\\\/#organization\",\"name\":\"Enoturismo Chile\",\"url\":\"https:\\\/\\\/www.enoturismochile.cl\\\/constitution\\\/\",\"logo\":{\"@type\":\"ImageObject\",\"inLanguage\":\"es\",\"@id\":\"https:\\\/\\\/www.enoturismochile.cl\\\/constitution\\\/#\\\/schema\\\/logo\\\/image\\\/\",\"url\":\"https:\\\/\\\/www.enoturismochile.cl\\\/constitution\\\/wp-content\\\/uploads\\\/2020\\\/07\\\/logo-et-2020.png\",\"contentUrl\":\"https:\\\/\\\/www.enoturismochile.cl\\\/constitution\\\/wp-content\\\/uploads\\\/2020\\\/07\\\/logo-et-2020.png\",\"width\":300,\"height\":154,\"caption\":\"Enoturismo Chile\"},\"image\":{\"@id\":\"https:\\\/\\\/www.enoturismochile.cl\\\/constitution\\\/#\\\/schema\\\/logo\\\/image\\\/\"}}]}<\/script>\n<!-- \/ Yoast SEO plugin. -->","yoast_head_json":{"title":"Agenda - Enoturismo Chile","robots":{"index":"noindex","follow":"follow","max-snippet":"max-snippet:-1","max-image-preview":"max-image-preview:large","max-video-preview":"max-video-preview:-1"},"og_locale":"es_ES","og_type":"article","og_title":"Agenda - Enoturismo Chile","og_description":"Descubre los panoramas y actividades que dan vida a los valles enotur\u00edsticos de Chile. Ent\u00e9rate de los mejores eventos desde fiestas costumbristas, vendimias, encuentros gastron\u00f3micos y culturales, hasta festivales y conciertos, y encu\u00e9ntralos seg\u00fan tipo de evento y fecha. Ampl\u00eda tu experiencia enotur\u00edstica y vive lo mejor de cada territorio. \u00a0","og_url":"https:\/\/www.enoturismochile.cl\/constitution\/agenda\/","og_site_name":"Enoturismo Chile","article_modified_time":"2026-03-11T15:58:48+00:00","twitter_card":"summary_large_image","twitter_misc":{"Tiempo de lectura":"1 minuto"},"schema":{"@context":"https:\/\/schema.org","@graph":[{"@type":"WebPage","@id":"https:\/\/www.enoturismochile.cl\/constitution\/agenda\/","url":"https:\/\/www.enoturismochile.cl\/constitution\/agenda\/","name":"Agenda - Enoturismo Chile","isPartOf":{"@id":"https:\/\/www.enoturismochile.cl\/constitution\/#website"},"datePublished":"2018-05-18T02:41:11+00:00","dateModified":"2026-03-11T15:58:48+00:00","breadcrumb":{"@id":"https:\/\/www.enoturismochile.cl\/constitution\/agenda\/#breadcrumb"},"inLanguage":"es","potentialAction":[{"@type":"ReadAction","target":["https:\/\/www.enoturismochile.cl\/constitution\/agenda\/"]}]},{"@type":"BreadcrumbList","@id":"https:\/\/www.enoturismochile.cl\/constitution\/agenda\/#breadcrumb","itemListElement":[{"@type":"ListItem","position":1,"name":"Portada","item":"https:\/\/www.enoturismochile.cl\/constitution\/"},{"@type":"ListItem","position":2,"name":"Agenda"}]},{"@type":"WebSite","@id":"https:\/\/www.enoturismochile.cl\/constitution\/#website","url":"https:\/\/www.enoturismochile.cl\/constitution\/","name":"Enoturismo Chile","description":"","publisher":{"@id":"https:\/\/www.enoturismochile.cl\/constitution\/#organization"},"potentialAction":[{"@type":"SearchAction","target":{"@type":"EntryPoint","urlTemplate":"https:\/\/www.enoturismochile.cl\/constitution\/?s={search_term_string}"},"query-input":{"@type":"PropertyValueSpecification","valueRequired":true,"valueName":"search_term_string"}}],"inLanguage":"es"},{"@type":"Organization","@id":"https:\/\/www.enoturismochile.cl\/constitution\/#organization","name":"Enoturismo Chile","url":"https:\/\/www.enoturismochile.cl\/constitution\/","logo":{"@type":"ImageObject","inLanguage":"es","@id":"https:\/\/www.enoturismochile.cl\/constitution\/#\/schema\/logo\/image\/","url":"https:\/\/www.enoturismochile.cl\/constitution\/wp-content\/uploads\/2020\/07\/logo-et-2020.png","contentUrl":"https:\/\/www.enoturismochile.cl\/constitution\/wp-content\/uploads\/2020\/07\/logo-et-2020.png","width":300,"height":154,"caption":"Enoturismo Chile"},"image":{"@id":"https:\/\/www.enoturismochile.cl\/constitution\/#\/schema\/logo\/image\/"}}]}},"_links":{"self":[{"href":"https:\/\/www.enoturismochile.cl\/constitution\/wp-json\/wp\/v2\/pages\/875","targetHints":{"allow":["GET"]}}],"collection":[{"href":"https:\/\/www.enoturismochile.cl\/constitution\/wp-json\/wp\/v2\/pages"}],"about":[{"href":"https:\/\/www.enoturismochile.cl\/constitution\/wp-json\/wp\/v2\/types\/page"}],"author":[{"embeddable":true,"href":"https:\/\/www.enoturismochile.cl\/constitution\/wp-json\/wp\/v2\/users\/2"}],"replies":[{"embeddable":true,"href":"https:\/\/www.enoturismochile.cl\/constitution\/wp-json\/wp\/v2\/comments?post=875"}],"version-history":[{"count":57,"href":"https:\/\/www.enoturismochile.cl\/constitution\/wp-json\/wp\/v2\/pages\/875\/revisions"}],"predecessor-version":[{"id":15517,"href":"https:\/\/www.enoturismochile.cl\/constitution\/wp-json\/wp\/v2\/pages\/875\/revisions\/15517"}],"wp:attachment":[{"href":"https:\/\/www.enoturismochile.cl\/constitution\/wp-json\/wp\/v2\/media?parent=875"}],"curies":[{"name":"wp","href":"https:\/\/api.w.org\/{rel}","templated":true}]}}